{"id":9962,"date":"2026-02-02T11:11:07","date_gmt":"2026-02-02T16:11:07","guid":{"rendered":"https:\/\/holycrossretreat.org\/?post_type=product&#038;p=9962"},"modified":"2026-03-17T13:48:41","modified_gmt":"2026-03-17T17:48:41","slug":"encuentro-matrimonial-2026","status":"publish","type":"product","link":"https:\/\/holycrossretreat.org\/es\/producto\/encuentro-matrimonial-2026\/","title":{"rendered":"Encuentro Matrimonial con Luis y Ofilia Martinez y Ismael y Beatriz Vela"},"content":{"rendered":"<p style=\"margin: 0in;\"><span style=\"font-size: 11.0pt; color: #232a29; letter-spacing: .5pt;\">La experiencia del Encuentro Matrimonial <\/span><span style=\"font-size: 11.0pt; letter-spacing: .5pt;\"><\/span><span style=\"font-size: 11.0pt; color: #232a29; letter-spacing: .15pt;\">es un refugio para el Coraz\u00f3n que ayuda a <\/span><span style=\"font-size: 11.0pt; color: #232a29; letter-spacing: .2pt;\">escucharse y conectarse m\u00e1s profundamente.<\/span><span style=\"font-size: 11.0pt; letter-spacing: .2pt;\"><\/span><\/p>\n<p style=\"margin: 0in;\"><span style=\"font-size: 11.0pt; color: #232a29; letter-spacing: .15pt;\">No hay discusi\u00f3n en grupo. Se trata solo de <\/span><span style=\"font-size: 11.0pt; color: #232a29; letter-spacing: .4pt;\">ustedes dos, aprendiendo a ser la pareja <\/span><span style=\"font-size: 11.0pt; color: #232a29;\">mas amorosa y feliz que pueden ser.<\/span><span style=\"font-size: 11.0pt;\"><\/span><\/p>\n<p style=\"margin: 0in;\"><span style=\"font-size: 11.0pt; color: #232a29;\">El fin de semana es una experiencia de 44 <\/span><span style=\"font-size: 11.0pt; color: #232a29;\">horas lejos de las distracciones de la vida <\/span><span style=\"font-size: 11.0pt;\"><\/span><span style=\"font-size: 11.0pt; color: #232a29;\">cotidianamente, en el cual se ense\u00f1a una nueva <\/span><span style=\"font-size: 11.0pt;\"><\/span><span style=\"font-size: 11.0pt; color: #232a29;\">tectina de comunicaci\u00f3n.<\/span><span style=\"font-size: 11.0pt;\"><\/span><\/p>\n<p><span>Para m\u00e1s informaci\u00f3n<\/span><\/p>\n<p><span>ll\u00e1menos a:\u00a0<\/span><span>Luis y Ofelia Mart\u00ednez <\/span><span>(575)571-2852 o\u00a0<\/span><span>Ismael y Beatriz Vela <\/span><span>(575) 642-1200<\/span><\/p>\n<p>&nbsp;<\/p>\n<p>&nbsp;<\/p>\n<p>&nbsp;<\/p>\n<p>&nbsp;<\/p>","protected":false},"excerpt":{"rendered":"<p>La experiencia del Encuentro Matrimonial es un refugio para el Coraz\u00f3n que ayuda a escucharse y conectar m\u00e1s profundamente. No hay discusi\u00f3n en grupo. Se trata solo de ustedes dos, aprendiendo a ser la pareja mas amorosa y feliz que pueden ser. El fin de semana es una experiencia de 44 horas lejos de las&#8230;<\/p>","protected":false},"featured_media":9972,"template":"","meta":{"_monsterinsights_skip_tracking":false,"_monsterinsights_sitenote_active":false,"_monsterinsights_sitenote_note":"","_monsterinsights_sitenote_category":0},"product_brand":[],"product_cat":[17],"product_tag":[],"class_list":{"0":"post-9962","1":"product","2":"type-product","3":"status-publish","4":"has-post-thumbnail","6":"product_cat-uncategorized","8":"first","9":"instock","10":"taxable","11":"shipping-taxable","12":"purchasable","13":"product-type-variable"},"_links":{"self":[{"href":"https:\/\/holycrossretreat.org\/es\/wp-json\/wp\/v2\/product\/9962","targetHints":{"allow":["GET"]}}],"collection":[{"href":"https:\/\/holycrossretreat.org\/es\/wp-json\/wp\/v2\/product"}],"about":[{"href":"https:\/\/holycrossretreat.org\/es\/wp-json\/wp\/v2\/types\/product"}],"wp:featuredmedia":[{"embeddable":true,"href":"https:\/\/holycrossretreat.org\/es\/wp-json\/wp\/v2\/media\/9972"}],"wp:attachment":[{"href":"https:\/\/holycrossretreat.org\/es\/wp-json\/wp\/v2\/media?parent=9962"}],"wp:term":[{"taxonomy":"product_brand","embeddable":true,"href":"https:\/\/holycrossretreat.org\/es\/wp-json\/wp\/v2\/product_brand?post=9962"},{"taxonomy":"product_cat","embeddable":true,"href":"https:\/\/holycrossretreat.org\/es\/wp-json\/wp\/v2\/product_cat?post=9962"},{"taxonomy":"product_tag","embeddable":true,"href":"https:\/\/holycrossretreat.org\/es\/wp-json\/wp\/v2\/product_tag?post=9962"}],"curies":[{"name":"wp","href":"https:\/\/api.w.org\/{rel}","templated":true}]}}