{"id":9951,"date":"2026-01-30T17:18:53","date_gmt":"2026-01-30T22:18:53","guid":{"rendered":"https:\/\/holycrossretreat.org\/?post_type=product&#038;p=9951"},"modified":"2026-01-30T17:25:27","modified_gmt":"2026-01-30T22:25:27","slug":"12-step-retreat","status":"publish","type":"product","link":"https:\/\/holycrossretreat.org\/es\/producto\/12-step-retreat\/","title":{"rendered":"Retiro de 12 pasos para personas en recuperaci\u00f3n con el padre Jeff Paul"},"content":{"rendered":"<div>\n<p>&nbsp;<\/p>\n<div>\n<div>\n<p><span class=\"a_GcMg font-feature-liga-off font-feature-clig-off font-feature-calt-off text-decoration-none text-strikethrough-none\">El Padre Jeff Paul tiene una Maestr\u00eda en Divinidad de la Escuela de Divinidad de la Iglesia en Berkeley, California, con cuarenta a\u00f1os de servicio a la Iglesia Episcopal en el Sur de California y el Norte de Nevada. Es Licenciado en Ciencias en Psicolog\u00eda y Sociolog\u00eda por la Universidad Estatal de California en Fullerton y se form\u00f3 con PICO y la Fundaci\u00f3n de \u00c1reas Industriales en Organizaci\u00f3n Comunitaria. Es L\u00edder de Retiros Matt Talbot (#109) y facilita retiros mixtos de NA\/AA\/Al-Anon para hombres y mujeres. Es esposo, padre de cuatro hijos adultos y abuelo de cinco. La recuperaci\u00f3n es la piedra angular de su vocaci\u00f3n como sacerdote, casado, padre y abuelo.<\/span><\/p>\n<p><span>El Retiro de 12 Pasos de la Santa Cruz es un fin de semana espiritual para personas que participan en programas de 12 pasos y buscan mejorar su recuperaci\u00f3n. Cualquier persona que sea miembro o crea que podr\u00eda beneficiarse de un programa de 12 pasos es bienvenida.\u00a0\u00a0<\/span><\/p>\n<\/div>\n<\/div>\n<\/div>\n<p>&nbsp;<\/p>\n<p>Puede registrarse en l\u00ednea, llamar al 575 524-3688 para obtener precios especiales o hacer clic aqu\u00ed para obtener el folleto. <a href=\"https:\/\/holycrossretreat.org\/wp-content\/uploads\/2026\/01\/12StepRetreat2026Rev-3.pdf\">Retiro de 12 pasos 2026<\/a>.<\/p>\n<p>&nbsp;<\/p>\n<p>&nbsp;<\/p>\n<p>&nbsp;<\/p>","protected":false},"excerpt":{"rendered":"<p>&nbsp; Fr. Jeff Paul holds a Masters Degree in Divinity from Church Divinity School in Berkeley CA with forty years\u2019 service to the Episcopal Church in Southern California and northern Nevada, a Bachelor of Science Degree in Psychology &amp; Sociology from Cal State Fullerton, and trained with PICO and Industrial Areas Foundation in Community Organizing&#8230;.<\/p>","protected":false},"featured_media":9960,"template":"","meta":{"_monsterinsights_skip_tracking":false,"_monsterinsights_sitenote_active":false,"_monsterinsights_sitenote_note":"","_monsterinsights_sitenote_category":0},"product_brand":[],"product_cat":[42],"product_tag":[],"class_list":{"0":"post-9951","1":"product","2":"type-product","3":"status-publish","4":"has-post-thumbnail","6":"product_cat-retreats","8":"first","9":"instock","10":"taxable","11":"shipping-taxable","12":"purchasable","13":"product-type-variable"},"_links":{"self":[{"href":"https:\/\/holycrossretreat.org\/es\/wp-json\/wp\/v2\/product\/9951","targetHints":{"allow":["GET"]}}],"collection":[{"href":"https:\/\/holycrossretreat.org\/es\/wp-json\/wp\/v2\/product"}],"about":[{"href":"https:\/\/holycrossretreat.org\/es\/wp-json\/wp\/v2\/types\/product"}],"wp:featuredmedia":[{"embeddable":true,"href":"https:\/\/holycrossretreat.org\/es\/wp-json\/wp\/v2\/media\/9960"}],"wp:attachment":[{"href":"https:\/\/holycrossretreat.org\/es\/wp-json\/wp\/v2\/media?parent=9951"}],"wp:term":[{"taxonomy":"product_brand","embeddable":true,"href":"https:\/\/holycrossretreat.org\/es\/wp-json\/wp\/v2\/product_brand?post=9951"},{"taxonomy":"product_cat","embeddable":true,"href":"https:\/\/holycrossretreat.org\/es\/wp-json\/wp\/v2\/product_cat?post=9951"},{"taxonomy":"product_tag","embeddable":true,"href":"https:\/\/holycrossretreat.org\/es\/wp-json\/wp\/v2\/product_tag?post=9951"}],"curies":[{"name":"wp","href":"https:\/\/api.w.org\/{rel}","templated":true}]}}