{"id":9932,"date":"2026-01-29T14:58:09","date_gmt":"2026-01-29T19:58:09","guid":{"rendered":"https:\/\/holycrossretreat.org\/?post_type=product&#038;p=9932"},"modified":"2026-04-09T11:22:33","modified_gmt":"2026-04-09T15:22:33","slug":"lent-2026-a-franciscan-lent","status":"publish","type":"product","link":"https:\/\/holycrossretreat.org\/es\/producto\/lent-2026-a-franciscan-lent\/","title":{"rendered":"Cuaresma 2026: Una Cuaresma franciscana siguiendo las huellas de San Francisco con el Hno. Joseph Bach, OFM Conv."},"content":{"rendered":"<div>\n<p>En honor al 800 aniversario del Tr\u00e1nsito de San Francisco (1226-2026), estas cinco sesiones de retiro para la Cuaresma se centran en los \u00faltimos a\u00f1os de su vida, su preparaci\u00f3n para la muerte y su transici\u00f3n de la vida terrenal a Dios. Estas sesiones se inspiran en la tradici\u00f3n franciscana para enmarcar la Cuaresma como un tiempo de transformaci\u00f3n interior y de transici\u00f3n del pecado a la gracia. El Tr\u00e1nsito no es un tiempo de duelo, sino de alegr\u00eda, celebrando una vida plena. Exploraremos estos cinco temas:<\/p>\n<div>\n<div>\n<p><span>Revisando el viaje, <\/span>Abrazando la Cruz, Solt\u00e1ndose, Desnudo en el Suelo, Pasando de Luz en Luz.<\/p>\n<div>\n<p>&nbsp;<\/p>\n<div>\n<div>\n<p><span>21 de febrero, marzo <\/span><span> 7, <\/span><span>14<\/span><span>, 21<\/span><span>, 28\u00a0 9:00 am to 11:00 am<\/span><\/p>\n<\/div>\n<\/div>\n<\/div>\n<\/div>\n<\/div>\n<\/div>\n<p><em>Facilitado por el Hno. Joseph Bach, OFM Conv.<\/em><\/p>\n<p>Se sugiere una donaci\u00f3n de $20, $100 para toda la serie.<\/p>\n<p>&nbsp;<\/p>\n<p>&nbsp;<\/p>","protected":false},"excerpt":{"rendered":"<p>In honor of the 800th anniversary of the Transitus (passing) of St. Francis (1226\u20132026), these five retreat sessions for Lent focus on the final years of his life, his preparation for death, and his transition from earthly life to God. These sessions draw from Franciscan tradition to frame Lent as a time of inner transformation&#8230;<\/p>","protected":false},"featured_media":9933,"template":"","meta":{"_monsterinsights_skip_tracking":false,"_monsterinsights_sitenote_active":false,"_monsterinsights_sitenote_note":"","_monsterinsights_sitenote_category":0},"product_brand":[],"product_cat":[17],"product_tag":[],"class_list":{"0":"post-9932","1":"product","2":"type-product","3":"status-publish","4":"has-post-thumbnail","6":"product_cat-uncategorized","8":"first","9":"instock","10":"purchasable","11":"product-type-variable"},"_links":{"self":[{"href":"https:\/\/holycrossretreat.org\/es\/wp-json\/wp\/v2\/product\/9932","targetHints":{"allow":["GET"]}}],"collection":[{"href":"https:\/\/holycrossretreat.org\/es\/wp-json\/wp\/v2\/product"}],"about":[{"href":"https:\/\/holycrossretreat.org\/es\/wp-json\/wp\/v2\/types\/product"}],"wp:featuredmedia":[{"embeddable":true,"href":"https:\/\/holycrossretreat.org\/es\/wp-json\/wp\/v2\/media\/9933"}],"wp:attachment":[{"href":"https:\/\/holycrossretreat.org\/es\/wp-json\/wp\/v2\/media?parent=9932"}],"wp:term":[{"taxonomy":"product_brand","embeddable":true,"href":"https:\/\/holycrossretreat.org\/es\/wp-json\/wp\/v2\/product_brand?post=9932"},{"taxonomy":"product_cat","embeddable":true,"href":"https:\/\/holycrossretreat.org\/es\/wp-json\/wp\/v2\/product_cat?post=9932"},{"taxonomy":"product_tag","embeddable":true,"href":"https:\/\/holycrossretreat.org\/es\/wp-json\/wp\/v2\/product_tag?post=9932"}],"curies":[{"name":"wp","href":"https:\/\/api.w.org\/{rel}","templated":true}]}}