{"id":9916,"date":"2026-01-26T13:35:56","date_gmt":"2026-01-26T18:35:56","guid":{"rendered":"https:\/\/holycrossretreat.org\/?post_type=product&#038;p=9916"},"modified":"2026-04-09T11:29:45","modified_gmt":"2026-04-09T15:29:45","slug":"paschal-triduum-retreat-with-br-joseph","status":"publish","type":"product","link":"https:\/\/holycrossretreat.org\/es\/producto\/paschal-triduum-retreat-with-br-joseph\/","title":{"rendered":"Retiro del Triduo Pascual con Fray Joseph Bach, OFM Conv"},"content":{"rendered":"<div>\n<p><span class=\"a_GcMg font-feature-liga-off font-feature-clig-off font-feature-calt-off text-decoration-none text-strikethrough-none\">Este retiro ofrece una profunda oportunidad para la oraci\u00f3n comunitaria, el silencio y la participaci\u00f3n lit\u00fargica en los d\u00edas m\u00e1s sagrados de la Iglesia, explorados a trav\u00e9s de la Tradici\u00f3n Franciscana y la vida de San Francisco de As\u00eds. Nos centraremos en una historia de amor que trasciende el tiempo, desde la intimidad de la \u00daltima Cena hasta el sacrificio del Viernes Santo y la esperanza de la Resurrecci\u00f3n.<\/span><span class=\"a_GcMg font-feature-liga-off font-feature-clig-off font-feature-calt-off text-decoration-none text-strikethrough-none white-space-prewrap\"> <\/span><span class=\"a_GcMg font-feature-liga-off font-feature-clig-off font-feature-calt-off text-decoration-none text-strikethrough-none\">El fin de semana finalizar\u00e1 con un brunch festivo que est\u00e1 incluido.<\/span><span class=\"a_GcMg font-feature-liga-off font-feature-clig-off font-feature-calt-off text-decoration-none text-strikethrough-none white-space-prewrap\"> <\/span><\/p>\n<p><span class=\"a_GcMg font-feature-liga-off font-feature-clig-off font-feature-calt-off text-decoration-none text-strikethrough-none\">El Papa Le\u00f3n declar\u00f3 el a\u00f1o 2026 como el A\u00f1o de San Francisco.<\/span><span class=\"a_GcMg font-feature-liga-off font-feature-clig-off font-feature-calt-off text-decoration-none text-strikethrough-none white-space-prewrap\"> <\/span><span class=\"a_GcMg font-feature-liga-off font-feature-clig-off font-feature-calt-off text-decoration-none text-strikethrough-none\">Esta es una oportunidad para obtener la indulgencia plenaria durante este a\u00f1o especial.\u00a0\u00a0<\/span><\/p>\n<\/div>\n<p>&nbsp;<\/p>\n<p>&nbsp;<\/p>","protected":false},"excerpt":{"rendered":"<p>This retreat offers a profound opportunity for communal prayer, silence, and liturgical participation in the church&#8217;s most sacred days, explored through the lens of the Franciscan Tradition and the life of St. Francis of Assisi. We will focus on a love story that transcends time, moving from the intimacy of the Last Supper to the&#8230;<\/p>","protected":false},"featured_media":9924,"template":"","meta":{"_monsterinsights_skip_tracking":false,"_monsterinsights_sitenote_active":false,"_monsterinsights_sitenote_note":"","_monsterinsights_sitenote_category":0},"product_brand":[],"product_cat":[17],"product_tag":[],"class_list":{"0":"post-9916","1":"product","2":"type-product","3":"status-publish","4":"has-post-thumbnail","6":"product_cat-uncategorized","8":"first","9":"instock","10":"taxable","11":"shipping-taxable","12":"purchasable","13":"product-type-variable"},"_links":{"self":[{"href":"https:\/\/holycrossretreat.org\/es\/wp-json\/wp\/v2\/product\/9916","targetHints":{"allow":["GET"]}}],"collection":[{"href":"https:\/\/holycrossretreat.org\/es\/wp-json\/wp\/v2\/product"}],"about":[{"href":"https:\/\/holycrossretreat.org\/es\/wp-json\/wp\/v2\/types\/product"}],"wp:featuredmedia":[{"embeddable":true,"href":"https:\/\/holycrossretreat.org\/es\/wp-json\/wp\/v2\/media\/9924"}],"wp:attachment":[{"href":"https:\/\/holycrossretreat.org\/es\/wp-json\/wp\/v2\/media?parent=9916"}],"wp:term":[{"taxonomy":"product_brand","embeddable":true,"href":"https:\/\/holycrossretreat.org\/es\/wp-json\/wp\/v2\/product_brand?post=9916"},{"taxonomy":"product_cat","embeddable":true,"href":"https:\/\/holycrossretreat.org\/es\/wp-json\/wp\/v2\/product_cat?post=9916"},{"taxonomy":"product_tag","embeddable":true,"href":"https:\/\/holycrossretreat.org\/es\/wp-json\/wp\/v2\/product_tag?post=9916"}],"curies":[{"name":"wp","href":"https:\/\/api.w.org\/{rel}","templated":true}]}}