{"id":9833,"date":"2025-08-05T10:11:22","date_gmt":"2025-08-05T14:11:22","guid":{"rendered":"https:\/\/holycrossretreat.org\/?post_type=product&#038;p=9833"},"modified":"2025-12-05T10:42:58","modified_gmt":"2025-12-05T15:42:58","slug":"6-night-directed-retreat-religious","status":"publish","type":"product","link":"https:\/\/holycrossretreat.org\/es\/producto\/6-night-directed-retreat-religious\/","title":{"rendered":"Retiro dirigido de 6 noches para religiosos y sacerdotes"},"content":{"rendered":"<div><span>El Centro de Retiro de la Santa Cruz, ubicado en el Valle de Mesilla del hermoso desierto de Chihuahua, ofrece un oasis franciscano en el desierto para la oraci\u00f3n y la contemplaci\u00f3n.\u00a0 <\/span><span style=\"color: #000000; font-family: arial, sans-serif;\">Los Retiros Dirigidos son un tiempo de silencio sagrado, una invitaci\u00f3n a desconectarse de las presiones y exigencias de las responsabilidades diarias, y una oportunidad para la oraci\u00f3n personal sostenida. Estos retiros son ideales para cualquier persona consagrada o sacerdote que desee realizar su retiro anual. Estar\u00e1 acompa\u00f1ado por un director espiritual capacitado, quien se reunir\u00e1 con usted diariamente durante el retiro.<\/span><\/div>\n<div><\/div>\n<div>\n<p><span style=\"color: #000000;\"><span><span style=\"font-family: arial, sans-serif;\">El costo del retiro es de $725.00 e incluye habitaci\u00f3n privada, comidas, misa diaria, direcci\u00f3n espiritual y nuestro hermoso entorno des\u00e9rtico. Dos ermitas podr\u00edan estar disponibles por $1,000.00. Por favor, llame a la oficina para consultar la disponibilidad. Haga clic aqu\u00ed para ver la informaci\u00f3n. <a href=\"https:\/\/holycrossretreat.org\/wp-content\/uploads\/2025\/08\/6-NighDirectedRetreat-2.pdf\">Folleto del retiro dirigido por 6 noches.<\/a><\/span><\/span><\/span><\/p>\n<\/div>\n<p>&nbsp;<\/p>\n<p>&nbsp;<\/p>","protected":false},"excerpt":{"rendered":"<p>Holy Cross Retreat Center, located in the Mesilla Valley of the beautiful Chihuahua Desert, provides a Franciscan oasis in the desert for prayer and contemplation.\u00a0 Directed Retreats are a time of sacred silence, an invitation to step away from the pressures and demands of daily responsibilities, and an opportunity for sustained personal prayer. These retreats&#8230;<\/p>","protected":false},"featured_media":9841,"template":"","meta":{"_monsterinsights_skip_tracking":false,"_monsterinsights_sitenote_active":false,"_monsterinsights_sitenote_note":"","_monsterinsights_sitenote_category":0},"product_brand":[],"product_cat":[17],"product_tag":[],"class_list":{"0":"post-9833","1":"product","2":"type-product","3":"status-publish","4":"has-post-thumbnail","6":"product_cat-uncategorized","8":"first","9":"instock","10":"taxable","11":"shipping-taxable","12":"purchasable","13":"product-type-variable"},"_links":{"self":[{"href":"https:\/\/holycrossretreat.org\/es\/wp-json\/wp\/v2\/product\/9833","targetHints":{"allow":["GET"]}}],"collection":[{"href":"https:\/\/holycrossretreat.org\/es\/wp-json\/wp\/v2\/product"}],"about":[{"href":"https:\/\/holycrossretreat.org\/es\/wp-json\/wp\/v2\/types\/product"}],"wp:featuredmedia":[{"embeddable":true,"href":"https:\/\/holycrossretreat.org\/es\/wp-json\/wp\/v2\/media\/9841"}],"wp:attachment":[{"href":"https:\/\/holycrossretreat.org\/es\/wp-json\/wp\/v2\/media?parent=9833"}],"wp:term":[{"taxonomy":"product_brand","embeddable":true,"href":"https:\/\/holycrossretreat.org\/es\/wp-json\/wp\/v2\/product_brand?post=9833"},{"taxonomy":"product_cat","embeddable":true,"href":"https:\/\/holycrossretreat.org\/es\/wp-json\/wp\/v2\/product_cat?post=9833"},{"taxonomy":"product_tag","embeddable":true,"href":"https:\/\/holycrossretreat.org\/es\/wp-json\/wp\/v2\/product_tag?post=9833"}],"curies":[{"name":"wp","href":"https:\/\/api.w.org\/{rel}","templated":true}]}}