{"id":9763,"date":"2025-07-01T18:07:16","date_gmt":"2025-07-01T22:07:16","guid":{"rendered":"https:\/\/holycrossretreat.org\/?post_type=product&#038;p=9763"},"modified":"2025-12-05T10:43:42","modified_gmt":"2025-12-05T15:43:42","slug":"being-pilgrims-hope","status":"publish","type":"product","link":"https:\/\/holycrossretreat.org\/es\/producto\/being-pilgrims-hope\/","title":{"rendered":"Ser peregrinos de la esperanza: migrantes en el camino de la esperanza con el Hno. Joseph Bach, OFM Conv"},"content":{"rendered":"<div>\n<div>\n<p>&nbsp;<\/p>\n<div>\n<div>\n<p><span>Durante este A\u00f1o Jubilar de la Esperanza, proclamado por el Santo Padre, el primer fin de semana de octubre ha sido designado como <\/span><span>Jubileo especial de los migrantes.<\/span><span> <\/span><span>Los migrantes y refugiados se convierten en &quot;misioneros de la esperanza&quot; en las comunidades donde est\u00e1n bien<\/span><span>comediado, a menudo <\/span><span>revitalizar su fe y promover el di\u00e1logo interreligioso basado en valores comunes. <\/span><\/p>\n<\/div>\n<p><span>Durante este d\u00eda, vamos a <\/span><span>Reflexionar sobre c\u00f3mo podemos ser peregrinos de esperanza a medida que continuamos<\/span><span>Peregrinar para acoger y abrazar a nuestros hermanos y hermanas migrantes que encontramos en el camino hacia la esperanza. Haga clic aqu\u00ed para ver el folleto. <a href=\"https:\/\/holycrossretreat.org\/wp-content\/uploads\/2025\/07\/Pilgrims-of-Hope.pdf\">Peregrinos de la Esperanza<\/a>El retiro comenzar\u00e1 con el registro a las 8:30 a. m. y finalizar\u00e1 con la misa a las 4 p. m. El almuerzo est\u00e1 incluido.<\/span><\/p>\n<\/div>\n<\/div>\n<\/div>\n<p>&nbsp;<\/p>\n<p>&nbsp;<\/p>","protected":false},"excerpt":{"rendered":"<p>&nbsp; Durante este A\u00f1o Jubilar de la Esperanza, proclamado por el Santo Padre, el primer fin de semana de octubre se ha designado como Jubileo especial de los Migrantes. Los migrantes y refugiados se convierten en &quot;misioneros de la esperanza&quot; en las comunidades donde son acogidos, revitalizando a menudo su fe y promoviendo el di\u00e1logo interreligioso basado en valores comunes. Durante este d\u00eda,\u2026<\/p>","protected":false},"featured_media":9768,"template":"","meta":{"_monsterinsights_skip_tracking":false,"_monsterinsights_sitenote_active":false,"_monsterinsights_sitenote_note":"","_monsterinsights_sitenote_category":0},"product_brand":[],"product_cat":[17],"product_tag":[],"class_list":{"0":"post-9763","1":"product","2":"type-product","3":"status-publish","4":"has-post-thumbnail","6":"product_cat-uncategorized","8":"first","9":"instock","10":"taxable","11":"shipping-taxable","12":"purchasable","13":"product-type-variable"},"_links":{"self":[{"href":"https:\/\/holycrossretreat.org\/es\/wp-json\/wp\/v2\/product\/9763","targetHints":{"allow":["GET"]}}],"collection":[{"href":"https:\/\/holycrossretreat.org\/es\/wp-json\/wp\/v2\/product"}],"about":[{"href":"https:\/\/holycrossretreat.org\/es\/wp-json\/wp\/v2\/types\/product"}],"wp:featuredmedia":[{"embeddable":true,"href":"https:\/\/holycrossretreat.org\/es\/wp-json\/wp\/v2\/media\/9768"}],"wp:attachment":[{"href":"https:\/\/holycrossretreat.org\/es\/wp-json\/wp\/v2\/media?parent=9763"}],"wp:term":[{"taxonomy":"product_brand","embeddable":true,"href":"https:\/\/holycrossretreat.org\/es\/wp-json\/wp\/v2\/product_brand?post=9763"},{"taxonomy":"product_cat","embeddable":true,"href":"https:\/\/holycrossretreat.org\/es\/wp-json\/wp\/v2\/product_cat?post=9763"},{"taxonomy":"product_tag","embeddable":true,"href":"https:\/\/holycrossretreat.org\/es\/wp-json\/wp\/v2\/product_tag?post=9763"}],"curies":[{"name":"wp","href":"https:\/\/api.w.org\/{rel}","templated":true}]}}