{"id":9753,"date":"2025-07-01T16:06:18","date_gmt":"2025-07-01T20:06:18","guid":{"rendered":"https:\/\/holycrossretreat.org\/?post_type=product&#038;p=9753"},"modified":"2025-08-27T15:30:56","modified_gmt":"2025-08-27T19:30:56","slug":"christian-saints-in-art-keys","status":"publish","type":"product","link":"https:\/\/holycrossretreat.org\/es\/producto\/christian-saints-in-art-keys\/","title":{"rendered":"Santos cristianos en el arte con Kathleen Keys"},"content":{"rendered":"<p>Mucho antes de que los cristianos supieran leer un libro, pod\u00edan distinguir a un santo de otro &quot;leyendo&quot; la obra de arte, ya fuera una escultura, un vitral o un manuscrito iluminado. Los fieles conoc\u00edan las historias de cada santo, sus atributos o s\u00edmbolos. Los detalles de la obra revelaban la identidad de la santa. Los fieles sab\u00edan que era Santa B\u00e1rbara y no Santa \u00darsula porque pod\u00edan &quot;leer&quot; la obra. Esta clase cubrir\u00e1 a muchos de sus santos cristianos favoritos de la A a la Z, sus historias y s\u00edmbolos, y c\u00f3mo identificarlos en obras de arte famosas. San Francisco de As\u00eds y Santa Clara ser\u00e1n especialmente destacados, ya que son santos muy queridos y los detalles de sus vidas dieron origen a muchas obras de arte excepcionales. Las fuentes del arte ser\u00e1n retablos, frescos, manuscritos iluminados, vitrales, esculturas, tapices y arquitectura. \u00a1\u00danase a nosotros para disfrutar de arte hermoso y edificante! Habr\u00e1 dos fechas de reuni\u00f3n: 17 y 24 de septiembre. Se aceptan donaciones, pero las sesiones son gratuitas.<\/p>\n<p><strong>Comun\u00edquese con Holy Cross Retreat Center si tiene alguna pregunta.\u00a0 <\/strong><strong>575 524-3688.<\/strong><\/p>\n<p>&nbsp;<\/p>\n<p>&nbsp;<\/p>","protected":false},"excerpt":{"rendered":"<p>Mucho antes de que los cristianos supieran leer un libro, pod\u00edan distinguir a un santo de otro &quot;leyendo&quot; la obra de arte, ya fuera una escultura, un vitral o un manuscrito iluminado. Los fieles conoc\u00edan las historias de cada santo y sus atributos o s\u00edmbolos. Los detalles de la obra revelaban...<\/p>","protected":false},"featured_media":9771,"template":"","meta":{"_monsterinsights_skip_tracking":false,"_monsterinsights_sitenote_active":false,"_monsterinsights_sitenote_note":"","_monsterinsights_sitenote_category":0},"product_brand":[],"product_cat":[17],"product_tag":[],"class_list":{"0":"post-9753","1":"product","2":"type-product","3":"status-publish","4":"has-post-thumbnail","6":"product_cat-uncategorized","8":"first","9":"instock","10":"taxable","11":"shipping-taxable","12":"purchasable","13":"product-type-simple"},"_links":{"self":[{"href":"https:\/\/holycrossretreat.org\/es\/wp-json\/wp\/v2\/product\/9753","targetHints":{"allow":["GET"]}}],"collection":[{"href":"https:\/\/holycrossretreat.org\/es\/wp-json\/wp\/v2\/product"}],"about":[{"href":"https:\/\/holycrossretreat.org\/es\/wp-json\/wp\/v2\/types\/product"}],"wp:featuredmedia":[{"embeddable":true,"href":"https:\/\/holycrossretreat.org\/es\/wp-json\/wp\/v2\/media\/9771"}],"wp:attachment":[{"href":"https:\/\/holycrossretreat.org\/es\/wp-json\/wp\/v2\/media?parent=9753"}],"wp:term":[{"taxonomy":"product_brand","embeddable":true,"href":"https:\/\/holycrossretreat.org\/es\/wp-json\/wp\/v2\/product_brand?post=9753"},{"taxonomy":"product_cat","embeddable":true,"href":"https:\/\/holycrossretreat.org\/es\/wp-json\/wp\/v2\/product_cat?post=9753"},{"taxonomy":"product_tag","embeddable":true,"href":"https:\/\/holycrossretreat.org\/es\/wp-json\/wp\/v2\/product_tag?post=9753"}],"curies":[{"name":"wp","href":"https:\/\/api.w.org\/{rel}","templated":true}]}}