{"id":9742,"date":"2025-07-01T15:57:09","date_gmt":"2025-07-01T19:57:09","guid":{"rendered":"https:\/\/holycrossretreat.org\/?post_type=product&#038;p=9742"},"modified":"2026-03-17T13:48:00","modified_gmt":"2026-03-17T17:48:00","slug":"people-inspired-stfrancis-with-fr-tom-smith-ofm-conv-copy","status":"publish","type":"product","link":"https:\/\/holycrossretreat.org\/es\/producto\/people-inspired-stfrancis-with-fr-tom-smith-ofm-conv-copy\/","title":{"rendered":"Contemplaci\u00f3n franciscana con el P. Tom Smith, OFM Conv"},"content":{"rendered":"<div>\n<p>&nbsp;<\/p>\n<div>\n<div>\n<p><span>San Francisco apreciaba sus momentos de tranquilidad con Dios, especialmente durante sus \u00faltimos a\u00f1os. Este retiro brindar\u00e1 informaci\u00f3n sobre c\u00f3mo desarrollar y experimentar un aspecto m\u00e1s contemplativo en nuestras vidas, la especial oraci\u00f3n en silencio que puede aportar a cada uno de nosotros y una oportunidad para quienes deseen aprender m\u00e1s sobre San Francisco y nuestra herencia franciscana.<\/span><\/p>\n<\/div>\n<div>\n<p>Iniciar sesi\u00f3n, <strong>Viernes 20 de febrero de 18:30 a 19:00 horas<\/strong> En la peque\u00f1a sala de conferencias. Clausura <strong>antes del almuerzo<\/strong> el domingo.<\/p>\n<\/div>\n<\/div>\n<\/div>\n<p>&nbsp;<\/p>\n<p>&nbsp;<\/p>","protected":false},"excerpt":{"rendered":"<p>&nbsp; St. Francis cherished his quiet time with God, especially during his later years. This retreat will provide background on how to develop and experience a more contemplative aspect in our lives, the special quiet prayer can hold in each of our lives, and an opportunity others especially wishing to learn more about St. Francis&#8230;<\/p>","protected":false},"featured_media":9903,"template":"","meta":{"_monsterinsights_skip_tracking":false,"_monsterinsights_sitenote_active":false,"_monsterinsights_sitenote_note":"","_monsterinsights_sitenote_category":0},"product_brand":[],"product_cat":[17],"product_tag":[],"class_list":{"0":"post-9742","1":"product","2":"type-product","3":"status-publish","4":"has-post-thumbnail","6":"product_cat-uncategorized","8":"first","9":"instock","10":"taxable","11":"shipping-taxable","12":"purchasable","13":"product-type-variable"},"_links":{"self":[{"href":"https:\/\/holycrossretreat.org\/es\/wp-json\/wp\/v2\/product\/9742","targetHints":{"allow":["GET"]}}],"collection":[{"href":"https:\/\/holycrossretreat.org\/es\/wp-json\/wp\/v2\/product"}],"about":[{"href":"https:\/\/holycrossretreat.org\/es\/wp-json\/wp\/v2\/types\/product"}],"wp:featuredmedia":[{"embeddable":true,"href":"https:\/\/holycrossretreat.org\/es\/wp-json\/wp\/v2\/media\/9903"}],"wp:attachment":[{"href":"https:\/\/holycrossretreat.org\/es\/wp-json\/wp\/v2\/media?parent=9742"}],"wp:term":[{"taxonomy":"product_brand","embeddable":true,"href":"https:\/\/holycrossretreat.org\/es\/wp-json\/wp\/v2\/product_brand?post=9742"},{"taxonomy":"product_cat","embeddable":true,"href":"https:\/\/holycrossretreat.org\/es\/wp-json\/wp\/v2\/product_cat?post=9742"},{"taxonomy":"product_tag","embeddable":true,"href":"https:\/\/holycrossretreat.org\/es\/wp-json\/wp\/v2\/product_tag?post=9742"}],"curies":[{"name":"wp","href":"https:\/\/api.w.org\/{rel}","templated":true}]}}