{"id":9687,"date":"2025-06-30T13:44:16","date_gmt":"2025-06-30T17:44:16","guid":{"rendered":"https:\/\/holycrossretreat.org\/?post_type=product&#038;p=9687"},"modified":"2025-09-19T17:27:58","modified_gmt":"2025-09-19T21:27:58","slug":"encountering-god-in-face-of-others","status":"publish","type":"product","link":"https:\/\/holycrossretreat.org\/es\/producto\/encountering-god-in-face-of-others\/","title":{"rendered":"Encontrando a Dios en el rostro del otro con el P. Tom Smith, OFM Conv"},"content":{"rendered":"<p>El papa Francisco y ahora el papa Le\u00f3n hablaron sobre la importancia de encontrar a Dios en los dem\u00e1s. Ciertamente compartimos el poder de la Eucarist\u00eda donde recibimos a Cristo, pero Dios tambi\u00e9n se puede encontrar en la vida de quienes nos rodean, en quienes lo buscan, y especialmente en los pobres y marginados.<\/p>\n<p>Este retiro nos brindar\u00e1 la oportunidad de enfocarnos en quienes nos rodean y que revelan la presencia de Dios, y de permitir que otros vean a Dios en nosotros. Para ver un folleto, haga clic aqu\u00ed. <a href=\"https:\/\/holycrossretreat.org\/wp-content\/uploads\/2024\/01\/Encountering-God-in-Creation-May-17-19-2024.pdf\"><strong>\u00a0<\/strong><\/a><strong><a href=\"https:\/\/holycrossretreat.org\/wp-content\/uploads\/2025\/06\/Seeing-Theface-of-God.pdf\">Viendo el rostro de Dios<\/a><\/strong><\/p>\n<p>Iniciar sesi\u00f3n, <strong>Viernes 11 de julio de 18:30 a 19:00 horas<\/strong> En la peque\u00f1a sala de conferencias. Clausura <strong>antes del almuerzo<\/strong> el domingo.<\/p>\n<p>&nbsp;<\/p>\n<p>&nbsp;<\/p>","protected":false},"excerpt":{"rendered":"<p>El papa Francisco y ahora el papa Le\u00f3n hablaron sobre la importancia de encontrar a Dios en los dem\u00e1s. Ciertamente compartimos el poder de la Eucarist\u00eda donde recibimos a Cristo, pero Dios tambi\u00e9n se puede encontrar en la vida de quienes nos rodean, en quienes lo buscan, y especialmente en los pobres y en quienes est\u00e1n...<\/p>","protected":false},"featured_media":9697,"template":"","meta":{"_monsterinsights_skip_tracking":false,"_monsterinsights_sitenote_active":false,"_monsterinsights_sitenote_note":"","_monsterinsights_sitenote_category":0},"product_brand":[],"product_cat":[17],"product_tag":[],"class_list":{"0":"post-9687","1":"product","2":"type-product","3":"status-publish","4":"has-post-thumbnail","6":"product_cat-uncategorized","8":"first","9":"instock","10":"taxable","11":"shipping-taxable","12":"purchasable","13":"product-type-variable"},"_links":{"self":[{"href":"https:\/\/holycrossretreat.org\/es\/wp-json\/wp\/v2\/product\/9687","targetHints":{"allow":["GET"]}}],"collection":[{"href":"https:\/\/holycrossretreat.org\/es\/wp-json\/wp\/v2\/product"}],"about":[{"href":"https:\/\/holycrossretreat.org\/es\/wp-json\/wp\/v2\/types\/product"}],"wp:featuredmedia":[{"embeddable":true,"href":"https:\/\/holycrossretreat.org\/es\/wp-json\/wp\/v2\/media\/9697"}],"wp:attachment":[{"href":"https:\/\/holycrossretreat.org\/es\/wp-json\/wp\/v2\/media?parent=9687"}],"wp:term":[{"taxonomy":"product_brand","embeddable":true,"href":"https:\/\/holycrossretreat.org\/es\/wp-json\/wp\/v2\/product_brand?post=9687"},{"taxonomy":"product_cat","embeddable":true,"href":"https:\/\/holycrossretreat.org\/es\/wp-json\/wp\/v2\/product_cat?post=9687"},{"taxonomy":"product_tag","embeddable":true,"href":"https:\/\/holycrossretreat.org\/es\/wp-json\/wp\/v2\/product_tag?post=9687"}],"curies":[{"name":"wp","href":"https:\/\/api.w.org\/{rel}","templated":true}]}}