{"id":9628,"date":"2025-04-30T13:30:31","date_gmt":"2025-04-30T17:30:31","guid":{"rendered":"https:\/\/holycrossretreat.org\/?post_type=product&#038;p=9628"},"modified":"2025-06-30T13:54:00","modified_gmt":"2025-06-30T17:54:00","slug":"the-further-journey-with-fr-henry","status":"publish","type":"product","link":"https:\/\/holycrossretreat.org\/es\/producto\/the-further-journey-with-fr-henry\/","title":{"rendered":"El viaje ulterior: Las dos mitades de la vida con el P. Henry Beck, OFM"},"content":{"rendered":"<p><strong>Descripci\u00f3n: <\/strong><\/p>\n<p>La tarea de la primera mitad de la vida consiste en crear un &quot;contenedor&quot; para nuestra vida. Implica el desarrollo de una identidad y una autoimagen fundamentales. Aqu\u00ed se desarrollan y se definen las preguntas y los pasos b\u00e1sicos en nuestra vida sobre educaci\u00f3n, ocupaci\u00f3n y habilidades sociales. Adem\u00e1s, durante esta etapa, una persona responder\u00e1 a las preguntas b\u00e1sicas sobre sus relaciones, compa\u00f1erismo y afiliaci\u00f3n. Responder a estas preguntas y cumplir con estas tareas durante la primera mitad de la vida nos ayuda a crear... <strong>contenedor adecuado<\/strong> para nuestras vidas.<\/p>\n<p>En la segunda mitad de la vida, \u00abavanzamos hacia la meta, el prop\u00f3sito mismo de la vida humana\u00bb, como explica Richard Rohr, OFM. Hemos integrado, o estamos en proceso de integrar, nuestras \u00absombras\u00bb (cosas que no hemos aprobado de nosotros mismos o que han sido juzgadas por otros). A menudo encontramos algunos dones de \u00absombra dorada\u00bb al acoger estas partes olvidadas de nosotros mismos. Hemos comenzado a perdonarnos por no ser perfectos y somos m\u00e1s libres para ser nosotros mismos. Esta mayor aceptaci\u00f3n y comprensi\u00f3n de nuestro ser integral nos permite aceptar y acoger a los dem\u00e1s.<\/p>\n<p>Una persona en la segunda mitad de la vida est\u00e1 ansiosa y es capaz de \u201cgenerar vida a partir de su propia abundancia y para el beneficio de las generaciones siguientes\u201d. (Richard Rohr, OFM) Las personas aqu\u00ed se est\u00e1n moviendo <strong>\u201cdel hacer al ser, a un tipo de hacer completamente nuevo que fluye casi org\u00e1nicamente, silenciosamente y por \u00f3smosis\u201d.<\/strong> (Richard Rohr, OFM) En esta parte de nuestra vida estamos invitados a \u201ccaer en el bien, la verdad y la belleza, cayendo en Dios\u201d. (Richard Rohr, OFM)<\/p>\n<p>&nbsp;<\/p>\n<p>En la segunda mitad de la vida, se nos invita a confiar en nosotros mismos y en Dios, y a aprender a entregarnos m\u00e1s plenamente por el bien de la humanidad y del mundo. Estos ser\u00e1n los temas que exploraremos juntos en este retiro de fin de semana. Haga clic aqu\u00ed para ver el folleto. <a href=\"https:\/\/holycrossretreat.org\/wp-content\/uploads\/2025\/04\/The-further-journey.pdf\">El viaje posterior<\/a>.<\/p>\n<p>&nbsp;<\/p>","protected":false},"excerpt":{"rendered":"<p><a href=\"https:\/\/holycrossretreat.org\/wp-content\/uploads\/2025\/04\/The-further-journey.pdf\">El viaje posterior<\/a><\/p>","protected":false},"featured_media":9637,"template":"","meta":{"_monsterinsights_skip_tracking":false,"_monsterinsights_sitenote_active":false,"_monsterinsights_sitenote_note":"","_monsterinsights_sitenote_category":0},"product_brand":[],"product_cat":[17],"product_tag":[],"class_list":{"0":"post-9628","1":"product","2":"type-product","3":"status-publish","4":"has-post-thumbnail","6":"product_cat-uncategorized","8":"first","9":"instock","10":"taxable","11":"shipping-taxable","12":"purchasable","13":"product-type-variable"},"_links":{"self":[{"href":"https:\/\/holycrossretreat.org\/es\/wp-json\/wp\/v2\/product\/9628","targetHints":{"allow":["GET"]}}],"collection":[{"href":"https:\/\/holycrossretreat.org\/es\/wp-json\/wp\/v2\/product"}],"about":[{"href":"https:\/\/holycrossretreat.org\/es\/wp-json\/wp\/v2\/types\/product"}],"wp:featuredmedia":[{"embeddable":true,"href":"https:\/\/holycrossretreat.org\/es\/wp-json\/wp\/v2\/media\/9637"}],"wp:attachment":[{"href":"https:\/\/holycrossretreat.org\/es\/wp-json\/wp\/v2\/media?parent=9628"}],"wp:term":[{"taxonomy":"product_brand","embeddable":true,"href":"https:\/\/holycrossretreat.org\/es\/wp-json\/wp\/v2\/product_brand?post=9628"},{"taxonomy":"product_cat","embeddable":true,"href":"https:\/\/holycrossretreat.org\/es\/wp-json\/wp\/v2\/product_cat?post=9628"},{"taxonomy":"product_tag","embeddable":true,"href":"https:\/\/holycrossretreat.org\/es\/wp-json\/wp\/v2\/product_tag?post=9628"}],"curies":[{"name":"wp","href":"https:\/\/api.w.org\/{rel}","templated":true}]}}