{"id":9581,"date":"2025-03-27T17:32:52","date_gmt":"2025-03-27T21:32:52","guid":{"rendered":"https:\/\/holycrossretreat.org\/?post_type=product&#038;p=9581"},"modified":"2025-06-30T13:55:35","modified_gmt":"2025-06-30T17:55:35","slug":"silent-retreat-with-fr-tom-smith-ofm-conv","status":"publish","type":"product","link":"https:\/\/holycrossretreat.org\/es\/producto\/silent-retreat-with-fr-tom-smith-ofm-conv\/","title":{"rendered":"Retiro en silencio con el P. Tom Smith OFM Conv."},"content":{"rendered":"<p>Para muchos de nosotros, existe un llamado al silencio, a encontrarnos con nuestro coraz\u00f3n y con nuestro Se\u00f1or en la quietud. Este retiro ser\u00e1 en silencio, sin hablar durante las comidas ni entre presentaciones. El horario ser\u00e1 ligero y la oportunidad de escuchar a Dios ser\u00e1 muy real. Podr\u00eda haber otras personas realizando otros retiros, pero habr\u00e1 mucho espacio para la tranquilidad, y si hace buen tiempo, podr\u00edamos ir a un parque para un momento de tranquilidad.<\/p>\n<p>Tambi\u00e9n puedes usar el Recorrido del Rosario y el Laberinto como medios de meditaci\u00f3n y oraci\u00f3n. Haz clic aqu\u00ed para m\u00e1s informaci\u00f3n. <a href=\"https:\/\/holycrossretreat.org\/wp-content\/uploads\/2025\/03\/SilentRetreatTom-1.pdf\">Retiro silencioso<\/a>,<\/p>\n<p>&nbsp;<\/p>\n<p>&nbsp;<\/p>\n<p>&nbsp;<\/p>\n<p>&nbsp;<\/p>\n<p>&nbsp;<\/p>","protected":false},"excerpt":{"rendered":"<p><a href=\"https:\/\/holycrossretreat.org\/wp-content\/uploads\/2025\/03\/SilentRetreatTom-1.pdf\">Retiro silencioso<\/a><\/p>","protected":false},"featured_media":9623,"template":"","meta":{"_monsterinsights_skip_tracking":false,"_monsterinsights_sitenote_active":false,"_monsterinsights_sitenote_note":"","_monsterinsights_sitenote_category":0},"product_brand":[],"product_cat":[17],"product_tag":[],"class_list":{"0":"post-9581","1":"product","2":"type-product","3":"status-publish","4":"has-post-thumbnail","6":"product_cat-uncategorized","8":"first","9":"instock","10":"taxable","11":"shipping-taxable","12":"purchasable","13":"product-type-variable"},"_links":{"self":[{"href":"https:\/\/holycrossretreat.org\/es\/wp-json\/wp\/v2\/product\/9581","targetHints":{"allow":["GET"]}}],"collection":[{"href":"https:\/\/holycrossretreat.org\/es\/wp-json\/wp\/v2\/product"}],"about":[{"href":"https:\/\/holycrossretreat.org\/es\/wp-json\/wp\/v2\/types\/product"}],"wp:featuredmedia":[{"embeddable":true,"href":"https:\/\/holycrossretreat.org\/es\/wp-json\/wp\/v2\/media\/9623"}],"wp:attachment":[{"href":"https:\/\/holycrossretreat.org\/es\/wp-json\/wp\/v2\/media?parent=9581"}],"wp:term":[{"taxonomy":"product_brand","embeddable":true,"href":"https:\/\/holycrossretreat.org\/es\/wp-json\/wp\/v2\/product_brand?post=9581"},{"taxonomy":"product_cat","embeddable":true,"href":"https:\/\/holycrossretreat.org\/es\/wp-json\/wp\/v2\/product_cat?post=9581"},{"taxonomy":"product_tag","embeddable":true,"href":"https:\/\/holycrossretreat.org\/es\/wp-json\/wp\/v2\/product_tag?post=9581"}],"curies":[{"name":"wp","href":"https:\/\/api.w.org\/{rel}","templated":true}]}}