{"id":9569,"date":"2025-03-27T16:46:25","date_gmt":"2025-03-27T20:46:25","guid":{"rendered":"https:\/\/holycrossretreat.org\/?post_type=product&#038;p=9569"},"modified":"2025-04-28T17:38:40","modified_gmt":"2025-04-28T21:38:40","slug":"good-friday-and-holy-saturday-retreat-with-fr-tom-smith-ofm-conv","status":"publish","type":"product","link":"https:\/\/holycrossretreat.org\/es\/producto\/good-friday-and-holy-saturday-retreat-with-fr-tom-smith-ofm-conv\/","title":{"rendered":"Retiro de Viernes Santo y S\u00e1bado Santo con el P. Tom Smith, OFM Conv."},"content":{"rendered":"<div>\n<div>\n<p>\u00bfC\u00f3mo podemos hacer que la Semana Santa sea un tiempo sagrado? Consideren venir a la Casa de Retiros de la Santa Cruz para un d\u00eda y medio de oraci\u00f3n, ayuno y reflexi\u00f3n el Viernes Santo y el S\u00e1bado Santo por la ma\u00f1ana. Este es un llamado a responder con amor, fe y servicio en nuestras propias vidas. Tendremos el servicio del Viernes Santo, tiempo para orar y comidas limitadas, en consonancia con el llamado al ayuno y la abstinencia.<\/p>\n<\/div>\n<div>\n<p>Una vez finalizada la misma, se le anima a regresar a su parroquia para la Vigilia Pascual y la celebraci\u00f3n de la Pascua con un coraz\u00f3n renovado.<\/p>\n<\/div>\n<div>\n<div>\n<p>Cierre despu\u00e9s del almuerzo del s\u00e1bado 19 de abril. Haga clic para ver el <strong><a href=\"https:\/\/holycrossretreat.org\/wp-content\/uploads\/2025\/03\/Good-Friday-Holy-Saturday-Retreat.pdf\">Folleto del retiro del Viernes Santo y el S\u00e1bado Santo<\/a><\/strong><\/p>\n<\/div>\n<div>\n<p>&nbsp;<\/p>\n<\/div>\n<\/div>\n<div>\n<p>&nbsp;<\/p>\n<\/div>\n<div>\n<p>&nbsp;<\/p>\n<\/div>\n<\/div>\n<p>&nbsp;<\/p>\n<p>&nbsp;<\/p>","protected":false},"excerpt":{"rendered":"<p><a href=\"https:\/\/holycrossretreat.org\/wp-content\/uploads\/2025\/03\/Good-Friday-Holy-Saturday-Retreat.pdf\">Folleto del retiro del Viernes Santo y el S\u00e1bado Santo<\/a><\/p>","protected":false},"featured_media":9578,"template":"","meta":{"_monsterinsights_skip_tracking":false,"_monsterinsights_sitenote_active":false,"_monsterinsights_sitenote_note":"","_monsterinsights_sitenote_category":0},"product_brand":[],"product_cat":[17],"product_tag":[],"class_list":{"0":"post-9569","1":"product","2":"type-product","3":"status-publish","4":"has-post-thumbnail","6":"product_cat-uncategorized","8":"first","9":"instock","10":"taxable","11":"shipping-taxable","12":"purchasable","13":"product-type-variable"},"_links":{"self":[{"href":"https:\/\/holycrossretreat.org\/es\/wp-json\/wp\/v2\/product\/9569","targetHints":{"allow":["GET"]}}],"collection":[{"href":"https:\/\/holycrossretreat.org\/es\/wp-json\/wp\/v2\/product"}],"about":[{"href":"https:\/\/holycrossretreat.org\/es\/wp-json\/wp\/v2\/types\/product"}],"wp:featuredmedia":[{"embeddable":true,"href":"https:\/\/holycrossretreat.org\/es\/wp-json\/wp\/v2\/media\/9578"}],"wp:attachment":[{"href":"https:\/\/holycrossretreat.org\/es\/wp-json\/wp\/v2\/media?parent=9569"}],"wp:term":[{"taxonomy":"product_brand","embeddable":true,"href":"https:\/\/holycrossretreat.org\/es\/wp-json\/wp\/v2\/product_brand?post=9569"},{"taxonomy":"product_cat","embeddable":true,"href":"https:\/\/holycrossretreat.org\/es\/wp-json\/wp\/v2\/product_cat?post=9569"},{"taxonomy":"product_tag","embeddable":true,"href":"https:\/\/holycrossretreat.org\/es\/wp-json\/wp\/v2\/product_tag?post=9569"}],"curies":[{"name":"wp","href":"https:\/\/api.w.org\/{rel}","templated":true}]}}