{"id":9546,"date":"2025-03-27T16:22:40","date_gmt":"2025-03-27T20:22:40","guid":{"rendered":"https:\/\/holycrossretreat.org\/?post_type=product&#038;p=9546"},"modified":"2025-04-28T17:50:05","modified_gmt":"2025-04-28T21:50:05","slug":"recovering-alcoholics-and-al-anon-retreat-with-ruth-hoenick","status":"publish","type":"product","link":"https:\/\/holycrossretreat.org\/es\/producto\/recovering-alcoholics-and-al-anon-retreat-with-ruth-hoenick\/","title":{"rendered":"Retiro para alcoh\u00f3licos en recuperaci\u00f3n y Al-Anon con Ruth Hoenick"},"content":{"rendered":"<p>Retiro para alcoh\u00f3licos en recuperaci\u00f3n y Al-Anon.<\/p>\n<div>\n<div>\n<p>Ruth Hoenick es Acompa\u00f1ante Espiritual y Facilitadora de Retiros de 12 Pasos. Es miembro en recuperaci\u00f3n de Alcoh\u00f3licos An\u00f3nimos y miembro agradecida de Al-Anon desde 1986. Ruth participa activamente en ambos programas, tanto en patrocinio como en servicio. Es esposa, madre y abuela. Ruth participa activamente en la Casa de Retiros Jesuita en Oshkosh como coordinadora de retiros y presidenta de la Junta Directiva. Fue nombrada Gu\u00eda Espiritual a trav\u00e9s del Centro Siena en Racine, Wisconsin. Su formaci\u00f3n se centra en la educaci\u00f3n de ni\u00f1os y adultos, as\u00ed como en el desarrollo profesional de educadores. A Ruth le apasiona compartir su experiencia, fortaleza y esperanza con otras personas en recuperaci\u00f3n. Haga clic para m\u00e1s informaci\u00f3n: <a href=\"https:\/\/holycrossretreat.org\/wp-content\/uploads\/2025\/03\/RETREAT-FOR-ALCOHOLICS-AND-AL-ANON.pdf\">RETIRO PARA ALCOH\u00d3LICOS Y AL-ANON<\/a><\/p>\n<p>Llame al 575-524-3688 para obtener precios especiales.<\/p>\n<\/div>\n<\/div>\n<p>&nbsp;<\/p>\n<p>&nbsp;<\/p>","protected":false},"excerpt":{"rendered":"<p>Retiro para alcoh\u00f3licos en recuperaci\u00f3n y miembros de Al-Anon. Ruth Hoenick es compa\u00f1era espiritual y facilitadora de retiros de 12 pasos. Es miembro en recuperaci\u00f3n de Alcoh\u00f3licos An\u00f3nimos y miembro agradecida de Al-Anon desde 1986. Ruth participa activamente en ambos programas, tanto en apadrinamiento como en servicio. Es esposa, madre y abuela. Ruth participa activamente\u2026<\/p>","protected":false},"featured_media":9554,"template":"","meta":{"_monsterinsights_skip_tracking":false,"_monsterinsights_sitenote_active":false,"_monsterinsights_sitenote_note":"","_monsterinsights_sitenote_category":0},"product_brand":[],"product_cat":[17],"product_tag":[],"class_list":{"0":"post-9546","1":"product","2":"type-product","3":"status-publish","4":"has-post-thumbnail","6":"product_cat-uncategorized","8":"first","9":"instock","10":"taxable","11":"shipping-taxable","12":"purchasable","13":"product-type-variable"},"_links":{"self":[{"href":"https:\/\/holycrossretreat.org\/es\/wp-json\/wp\/v2\/product\/9546","targetHints":{"allow":["GET"]}}],"collection":[{"href":"https:\/\/holycrossretreat.org\/es\/wp-json\/wp\/v2\/product"}],"about":[{"href":"https:\/\/holycrossretreat.org\/es\/wp-json\/wp\/v2\/types\/product"}],"wp:featuredmedia":[{"embeddable":true,"href":"https:\/\/holycrossretreat.org\/es\/wp-json\/wp\/v2\/media\/9554"}],"wp:attachment":[{"href":"https:\/\/holycrossretreat.org\/es\/wp-json\/wp\/v2\/media?parent=9546"}],"wp:term":[{"taxonomy":"product_brand","embeddable":true,"href":"https:\/\/holycrossretreat.org\/es\/wp-json\/wp\/v2\/product_brand?post=9546"},{"taxonomy":"product_cat","embeddable":true,"href":"https:\/\/holycrossretreat.org\/es\/wp-json\/wp\/v2\/product_cat?post=9546"},{"taxonomy":"product_tag","embeddable":true,"href":"https:\/\/holycrossretreat.org\/es\/wp-json\/wp\/v2\/product_tag?post=9546"}],"curies":[{"name":"wp","href":"https:\/\/api.w.org\/{rel}","templated":true}]}}