{"id":9542,"date":"2025-03-27T16:16:48","date_gmt":"2025-03-27T20:16:48","guid":{"rendered":"https:\/\/holycrossretreat.org\/?post_type=product&#038;p=9542"},"modified":"2025-04-28T17:39:36","modified_gmt":"2025-04-28T21:39:36","slug":"the-franciscan-spirituality-of-beauty-with-fr-henry-beck-ofm","status":"publish","type":"product","link":"https:\/\/holycrossretreat.org\/es\/producto\/the-franciscan-spirituality-of-beauty-with-fr-henry-beck-ofm\/","title":{"rendered":"La espiritualidad franciscana de la belleza con el P. Henry Beck, OFM"},"content":{"rendered":"<div>\n<div>\n<div>\n<p>La erudita franciscana Mary Beth Ingham, CSJ, llama a nuestra espiritualidad franciscana <strong>\u201cun viaje o camino de belleza.\u201d<\/strong> Durante este d\u00eda de reflexi\u00f3n, exploraremos el tema de la belleza, fundamental para la perspectiva y el estilo de vida franciscanos. Bas\u00e1ndonos en las reflexiones de san Buenaventura y el beato Juan Duns Escoto, veremos c\u00f3mo para los franciscanos la belleza no es solo un aspecto de la vida, sino... <strong>fundamento m\u00e1s profundo de la realidad.<\/strong><\/p>\n<\/div>\n<div>\n<p>La espiritualidad franciscana nos invita a ser <strong>transformado<\/strong> Por nuestros encuentros con la belleza y por ver el Esp\u00edritu y la presencia de Dios aqu\u00ed. Esto se refleja en c\u00f3mo viviremos nuestras vidas y en las decisiones morales que tomemos. La visi\u00f3n franciscana nos invita a vernos como... <strong>\u201cartistas\u201d<\/strong> quienes en nuestras acciones morales encarnamos la belleza dentro de la cual vivimos. Esto es vivir del amor y la misericordia de Dios en todo lo que hacemos.\u00a0<em>Con el P. Henry Beck, OFM<\/em><\/p>\n<\/div>\n<\/div>\n<\/div>\n<p>&nbsp;<\/p>\n<p>&nbsp;<\/p>","protected":false},"excerpt":{"rendered":"<p>La erudita franciscana Mary Beth Ingham, CSJ, define nuestra espiritualidad franciscana como &quot;un camino hacia la belleza&quot;. Durante este d\u00eda de reflexi\u00f3n, exploraremos este tema de la belleza, fundamental para la perspectiva y el estilo de vida franciscanos. Bas\u00e1ndonos en las reflexiones de san Buenaventura y el beato Juan Duns Escoto, veremos c\u00f3mo...<\/p>","protected":false},"featured_media":9541,"template":"","meta":{"_monsterinsights_skip_tracking":false,"_monsterinsights_sitenote_active":false,"_monsterinsights_sitenote_note":"","_monsterinsights_sitenote_category":0},"product_brand":[],"product_cat":[17],"product_tag":[],"class_list":{"0":"post-9542","1":"product","2":"type-product","3":"status-publish","4":"has-post-thumbnail","6":"product_cat-uncategorized","8":"first","9":"instock","10":"taxable","11":"shipping-taxable","12":"purchasable","13":"product-type-variable"},"_links":{"self":[{"href":"https:\/\/holycrossretreat.org\/es\/wp-json\/wp\/v2\/product\/9542","targetHints":{"allow":["GET"]}}],"collection":[{"href":"https:\/\/holycrossretreat.org\/es\/wp-json\/wp\/v2\/product"}],"about":[{"href":"https:\/\/holycrossretreat.org\/es\/wp-json\/wp\/v2\/types\/product"}],"wp:featuredmedia":[{"embeddable":true,"href":"https:\/\/holycrossretreat.org\/es\/wp-json\/wp\/v2\/media\/9541"}],"wp:attachment":[{"href":"https:\/\/holycrossretreat.org\/es\/wp-json\/wp\/v2\/media?parent=9542"}],"wp:term":[{"taxonomy":"product_brand","embeddable":true,"href":"https:\/\/holycrossretreat.org\/es\/wp-json\/wp\/v2\/product_brand?post=9542"},{"taxonomy":"product_cat","embeddable":true,"href":"https:\/\/holycrossretreat.org\/es\/wp-json\/wp\/v2\/product_cat?post=9542"},{"taxonomy":"product_tag","embeddable":true,"href":"https:\/\/holycrossretreat.org\/es\/wp-json\/wp\/v2\/product_tag?post=9542"}],"curies":[{"name":"wp","href":"https:\/\/api.w.org\/{rel}","templated":true}]}}