{"id":9469,"date":"2025-01-02T17:35:29","date_gmt":"2025-01-02T22:35:29","guid":{"rendered":"https:\/\/holycrossretreat.org\/?post_type=product&#038;p=9469"},"modified":"2026-03-17T13:46:43","modified_gmt":"2026-03-17T17:46:43","slug":"finding-god-in-difficult-times","status":"publish","type":"product","link":"https:\/\/holycrossretreat.org\/es\/producto\/finding-god-in-difficult-times\/","title":{"rendered":"Encontrar a Dios en tiempos dif\u00edciles con Fray Joseph Bach, OFM Conv"},"content":{"rendered":"<p><span class=\"a_GcMg font-feature-liga-off font-feature-clig-off font-feature-calt-off text-decoration-none text-strikethrough-none\">\u00bfAlguna vez has mirado a tu alrededor y te has preguntado: &quot;\u00bfD\u00f3nde est\u00e1 Dios en todo esto?&quot;? Si es as\u00ed, no est\u00e1s solo. Todos tenemos momentos en que nuestra fe se ve comprometida. La situaci\u00f3n es oscura. La esperanza parece ausente. El futuro parece sombr\u00edo. Dios parece distante. Durante este retiro de fin de semana, veremos c\u00f3mo podemos ver a Dios con fe en tiempos que parecen dif\u00edciles.<\/span><span class=\"a_GcMg font-feature-liga-off font-feature-clig-off font-feature-calt-off text-decoration-none text-strikethrough-none white-space-prewrap\"> \u00a0<\/span><em>Facilitado por <\/em><em>Fray Joseph Bach, OFM Conv.<\/em><\/p>\n<p>&nbsp;<\/p>","protected":false},"excerpt":{"rendered":"<p>Have you ever looked around and wondered, \u201cWhere is God in all of this?\u201d If you have, then you are not alone. We all have times when our faith is hard. Things are dark. Hope seems absent. The future seems dim. God seems distant. During this weekend retreat, we will look at how we can&#8230;<\/p>","protected":false},"featured_media":9904,"template":"","meta":{"_monsterinsights_skip_tracking":false,"_monsterinsights_sitenote_active":false,"_monsterinsights_sitenote_note":"","_monsterinsights_sitenote_category":0},"product_brand":[],"product_cat":[17],"product_tag":[],"class_list":{"0":"post-9469","1":"product","2":"type-product","3":"status-publish","4":"has-post-thumbnail","6":"product_cat-uncategorized","8":"first","9":"instock","10":"taxable","11":"shipping-taxable","12":"purchasable","13":"product-type-variable"},"_links":{"self":[{"href":"https:\/\/holycrossretreat.org\/es\/wp-json\/wp\/v2\/product\/9469","targetHints":{"allow":["GET"]}}],"collection":[{"href":"https:\/\/holycrossretreat.org\/es\/wp-json\/wp\/v2\/product"}],"about":[{"href":"https:\/\/holycrossretreat.org\/es\/wp-json\/wp\/v2\/types\/product"}],"wp:featuredmedia":[{"embeddable":true,"href":"https:\/\/holycrossretreat.org\/es\/wp-json\/wp\/v2\/media\/9904"}],"wp:attachment":[{"href":"https:\/\/holycrossretreat.org\/es\/wp-json\/wp\/v2\/media?parent=9469"}],"wp:term":[{"taxonomy":"product_brand","embeddable":true,"href":"https:\/\/holycrossretreat.org\/es\/wp-json\/wp\/v2\/product_brand?post=9469"},{"taxonomy":"product_cat","embeddable":true,"href":"https:\/\/holycrossretreat.org\/es\/wp-json\/wp\/v2\/product_cat?post=9469"},{"taxonomy":"product_tag","embeddable":true,"href":"https:\/\/holycrossretreat.org\/es\/wp-json\/wp\/v2\/product_tag?post=9469"}],"curies":[{"name":"wp","href":"https:\/\/api.w.org\/{rel}","templated":true}]}}