{"id":9467,"date":"2025-01-02T17:21:59","date_gmt":"2025-01-02T22:21:59","guid":{"rendered":"https:\/\/holycrossretreat.org\/?post_type=product&#038;p=9467"},"modified":"2025-04-28T17:40:22","modified_gmt":"2025-04-28T21:40:22","slug":"lent-2025-standing-with-mary-at-the-foot-of-the-cross","status":"publish","type":"product","link":"https:\/\/holycrossretreat.org\/es\/producto\/lent-2025-standing-with-mary-at-the-foot-of-the-cross\/","title":{"rendered":"Cuaresma 2025: Junto a Mar\u00eda al pie de la cruz con el Hno. Joseph Bach, OFM Conv."},"content":{"rendered":"<p>Cada mi\u00e9rcoles de Cuaresma, comenzaremos con una misa seguida de una velada de reflexi\u00f3n. Mar\u00eda se prepar\u00f3 para este momento gracias a su actitud de escucha y reflexi\u00f3n sobre la fe que mantuvo durante toda su vida. Escuch\u00f3 la Palabra de Dios y la guard\u00f3. Esta reflexi\u00f3n fue oraci\u00f3n en su sentido m\u00e1s profundo. La Iglesia ha honrado la reflexi\u00f3n de Mar\u00eda y su \u00edntima conexi\u00f3n con los sufrimientos de Cristo.<\/p>\n<p>Ella es la mujer fuerte que se mantuvo firme. El Evangelio utiliza la palabra \u201cestar firme\u201d. Aunque su coraz\u00f3n estaba destrozado, permaneci\u00f3 abierta, reflexiva, escuchando el mensaje de Dios en el momento de profundo dolor. Durante este tiempo de Cuaresma, nos unimos a Mar\u00eda al pie de la cruz para escuchar reflexivamente el mensaje de Dios para nosotros mientras nos preparamos para la resurrecci\u00f3n.\u00a0 <em>Facilitado por el Hno. Joseph Bach, OFM Conv.<\/em><\/p>\n<p>Se sugiere una donaci\u00f3n.<\/p>\n<p>&nbsp;<\/p>\n<p>&nbsp;<\/p>","protected":false},"excerpt":{"rendered":"<p>Donaci\u00f3n sugerida cada semana.<\/p>","protected":false},"featured_media":9468,"template":"","meta":{"_monsterinsights_skip_tracking":false,"_monsterinsights_sitenote_active":false,"_monsterinsights_sitenote_note":"","_monsterinsights_sitenote_category":0},"product_brand":[],"product_cat":[17],"product_tag":[],"class_list":{"0":"post-9467","1":"product","2":"type-product","3":"status-publish","4":"has-post-thumbnail","6":"product_cat-uncategorized","8":"first","9":"instock","10":"purchasable","11":"product-type-simple"},"_links":{"self":[{"href":"https:\/\/holycrossretreat.org\/es\/wp-json\/wp\/v2\/product\/9467","targetHints":{"allow":["GET"]}}],"collection":[{"href":"https:\/\/holycrossretreat.org\/es\/wp-json\/wp\/v2\/product"}],"about":[{"href":"https:\/\/holycrossretreat.org\/es\/wp-json\/wp\/v2\/types\/product"}],"wp:featuredmedia":[{"embeddable":true,"href":"https:\/\/holycrossretreat.org\/es\/wp-json\/wp\/v2\/media\/9468"}],"wp:attachment":[{"href":"https:\/\/holycrossretreat.org\/es\/wp-json\/wp\/v2\/media?parent=9467"}],"wp:term":[{"taxonomy":"product_brand","embeddable":true,"href":"https:\/\/holycrossretreat.org\/es\/wp-json\/wp\/v2\/product_brand?post=9467"},{"taxonomy":"product_cat","embeddable":true,"href":"https:\/\/holycrossretreat.org\/es\/wp-json\/wp\/v2\/product_cat?post=9467"},{"taxonomy":"product_tag","embeddable":true,"href":"https:\/\/holycrossretreat.org\/es\/wp-json\/wp\/v2\/product_tag?post=9467"}],"curies":[{"name":"wp","href":"https:\/\/api.w.org\/{rel}","templated":true}]}}