{"id":9458,"date":"2025-01-02T17:15:31","date_gmt":"2025-01-02T22:15:31","guid":{"rendered":"https:\/\/holycrossretreat.org\/?post_type=product&#038;p=9458"},"modified":"2025-04-28T17:40:00","modified_gmt":"2025-04-28T21:40:00","slug":"lent-2025-group-spiritual-direction","status":"publish","type":"product","link":"https:\/\/holycrossretreat.org\/es\/producto\/lent-2025-group-spiritual-direction\/","title":{"rendered":"Cuaresma 2025: Direcci\u00f3n Espiritual de Grupo con el P. Henry Beck, OFM"},"content":{"rendered":"<p>\u00bfEst\u00e1 interesado en adquirir una experiencia de direcci\u00f3n espiritual en un entorno grupal? El padre Henry estar\u00e1 facilitando un grupo de seis a siete personas durante los seis s\u00e1bados de Cuaresma de 2025 en el proceso de <strong>\u201cDirecci\u00f3n Espiritual Grupal\u201d.<\/strong>\u00a0En la primera reuni\u00f3n se dar\u00e1 una introducci\u00f3n a este proceso y luego utilizaremos esta forma de escucharnos profundamente unos a otros mientras compartimos nuestras preguntas, luchas y alegr\u00edas en el discernimiento del Esp\u00edritu Santo en las experiencias de nuestras vidas. Cada sesi\u00f3n comenzar\u00e1 con un \u201cregistro\u201d con cada persona y luego nos concentraremos en las historias de una o dos personas sobre d\u00f3nde est\u00e1n viendo a Dios y busc\u00e1ndolo en sus vidas. Los participantes ser\u00e1n \u201coyentes\u201d que aprender\u00e1n a ofrecer preguntas abiertas que pueden ayudar a la persona que comparte a profundizar m\u00e1s en sus experiencias y buscar la presencia y la gu\u00eda de Dios. Los participantes tambi\u00e9n aprender\u00e1n a ofrecer ideas de una manera no intrusiva para ayudar tambi\u00e9n a la persona que comparte a obtener una mayor comprensi\u00f3n de sus experiencias y de Dios que la acompa\u00f1a. Se necesita un compromiso con el programa total, aunque sabemos que una persona puede faltar a una sesi\u00f3n por una buena raz\u00f3n. Por favor llame y hable con el Padre Henry para obtener m\u00e1s informaci\u00f3n. Gracias.<\/p>\n<p>Seis sesiones de Direcci\u00f3n Espiritual Grupal los s\u00e1bados por la ma\u00f1ana de Cuaresma 2025: el programa total es $90 (se puede pagar como $15 en cada sesi\u00f3n).<\/p>\n<p>&nbsp;<\/p>\n<p>&nbsp;<\/p>","protected":false},"excerpt":{"rendered":"<p>\u00bfTe interesa adquirir experiencia en direcci\u00f3n espiritual en grupo? El P. Henry facilitar\u00e1 un grupo de seis a siete personas durante los seis s\u00e1bados de Cuaresma de 2025 en el proceso de &quot;Direcci\u00f3n Espiritual Grupal&quot;. Habr\u00e1 una introducci\u00f3n a este proceso en la primera reuni\u00f3n, y luego...<\/p>","protected":false},"featured_media":9580,"template":"","meta":{"_monsterinsights_skip_tracking":false,"_monsterinsights_sitenote_active":false,"_monsterinsights_sitenote_note":"","_monsterinsights_sitenote_category":0},"product_brand":[],"product_cat":[17],"product_tag":[],"class_list":{"0":"post-9458","1":"product","2":"type-product","3":"status-publish","4":"has-post-thumbnail","6":"product_cat-uncategorized","8":"first","9":"instock","10":"taxable","11":"shipping-taxable","12":"purchasable","13":"product-type-simple"},"_links":{"self":[{"href":"https:\/\/holycrossretreat.org\/es\/wp-json\/wp\/v2\/product\/9458","targetHints":{"allow":["GET"]}}],"collection":[{"href":"https:\/\/holycrossretreat.org\/es\/wp-json\/wp\/v2\/product"}],"about":[{"href":"https:\/\/holycrossretreat.org\/es\/wp-json\/wp\/v2\/types\/product"}],"wp:featuredmedia":[{"embeddable":true,"href":"https:\/\/holycrossretreat.org\/es\/wp-json\/wp\/v2\/media\/9580"}],"wp:attachment":[{"href":"https:\/\/holycrossretreat.org\/es\/wp-json\/wp\/v2\/media?parent=9458"}],"wp:term":[{"taxonomy":"product_brand","embeddable":true,"href":"https:\/\/holycrossretreat.org\/es\/wp-json\/wp\/v2\/product_brand?post=9458"},{"taxonomy":"product_cat","embeddable":true,"href":"https:\/\/holycrossretreat.org\/es\/wp-json\/wp\/v2\/product_cat?post=9458"},{"taxonomy":"product_tag","embeddable":true,"href":"https:\/\/holycrossretreat.org\/es\/wp-json\/wp\/v2\/product_tag?post=9458"}],"curies":[{"name":"wp","href":"https:\/\/api.w.org\/{rel}","templated":true}]}}