{"id":9441,"date":"2025-01-02T16:25:21","date_gmt":"2025-01-02T21:25:21","guid":{"rendered":"https:\/\/holycrossretreat.org\/?post_type=product&#038;p=9441"},"modified":"2025-06-30T13:56:07","modified_gmt":"2025-06-30T17:56:07","slug":"living-and-loving-with-gods-love","status":"publish","type":"product","link":"https:\/\/holycrossretreat.org\/es\/producto\/living-and-loving-with-gods-love\/","title":{"rendered":"Vivir y amar con el amor de Dios con el P. Henry Beck, OFM"},"content":{"rendered":"<p>Durante este retiro de fin de semana, reflexionaremos en oraci\u00f3n sobre las formas en que la gracia de Dios (la energ\u00eda del Amor de Dios) fluye a trav\u00e9s de nosotros en nuestras vidas y en nuestro trabajo, especialmente en nuestras relaciones. A medida que nos convertimos m\u00e1s plenamente en las \u201cpersonas encarnadas y espirituales\u201d que estamos llamados a ser, ayudamos a tejer la comuni\u00f3n de las personas y la creaci\u00f3n que nos rodea. Al ver que somos creados desde el coraz\u00f3n de nuestro Dios apasionado y compasivo, esperamos crecer m\u00e1s plenamente en nuestros dones personales para encarnar la gracia y el amor de Dios aqu\u00ed y ahora.<\/p>\n<p><strong>Cita: <\/strong>\u201cCon gracia y cultivo, <strong>Eros <\/strong>(La energ\u00eda divina de Dios) se expande desde la atracci\u00f3n rom\u00e1ntica hacia la devoci\u00f3n de por vida, desde una punzada de piedad emocional hasta actos valientes en pos de la justicia, desde las primeras oleadas de empat\u00eda hasta la capacidad madura de reconocer a extra\u00f1os, extranjeros e incluso enemigos como <strong>&#039;como nosotros&#039;<\/strong> \u2013 amados hijos de Dios.\u201d <em>Evelyn y James Whitehead. Facilitado por el padre Henry Beck, OFM<\/em><\/p>\n<p>&nbsp;<\/p>\n<p>&nbsp;<\/p>","protected":false},"excerpt":{"rendered":"<p>Durante este retiro de fin de semana, reflexionaremos con oraci\u00f3n sobre c\u00f3mo la gracia de Dios (la energ\u00eda del Amor de Dios) fluye a trav\u00e9s de nosotros en nuestra vida y trabajo, especialmente en nuestras relaciones. Al convertirnos m\u00e1s plenamente en las &quot;personas encarnadas y espirituales&quot; que estamos llamados a ser, ayudamos a tejer la comuni\u00f3n de las personas y la creaci\u00f3n que nos rodea. Como...<\/p>","protected":false},"featured_media":9449,"template":"","meta":{"_monsterinsights_skip_tracking":false,"_monsterinsights_sitenote_active":false,"_monsterinsights_sitenote_note":"","_monsterinsights_sitenote_category":0},"product_brand":[],"product_cat":[17],"product_tag":[],"class_list":{"0":"post-9441","1":"product","2":"type-product","3":"status-publish","4":"has-post-thumbnail","6":"product_cat-uncategorized","8":"first","9":"instock","10":"taxable","11":"shipping-taxable","12":"purchasable","13":"product-type-variable"},"_links":{"self":[{"href":"https:\/\/holycrossretreat.org\/es\/wp-json\/wp\/v2\/product\/9441","targetHints":{"allow":["GET"]}}],"collection":[{"href":"https:\/\/holycrossretreat.org\/es\/wp-json\/wp\/v2\/product"}],"about":[{"href":"https:\/\/holycrossretreat.org\/es\/wp-json\/wp\/v2\/types\/product"}],"wp:featuredmedia":[{"embeddable":true,"href":"https:\/\/holycrossretreat.org\/es\/wp-json\/wp\/v2\/media\/9449"}],"wp:attachment":[{"href":"https:\/\/holycrossretreat.org\/es\/wp-json\/wp\/v2\/media?parent=9441"}],"wp:term":[{"taxonomy":"product_brand","embeddable":true,"href":"https:\/\/holycrossretreat.org\/es\/wp-json\/wp\/v2\/product_brand?post=9441"},{"taxonomy":"product_cat","embeddable":true,"href":"https:\/\/holycrossretreat.org\/es\/wp-json\/wp\/v2\/product_cat?post=9441"},{"taxonomy":"product_tag","embeddable":true,"href":"https:\/\/holycrossretreat.org\/es\/wp-json\/wp\/v2\/product_tag?post=9441"}],"curies":[{"name":"wp","href":"https:\/\/api.w.org\/{rel}","templated":true}]}}