{"id":9428,"date":"2025-01-02T16:11:28","date_gmt":"2025-01-02T21:11:28","guid":{"rendered":"https:\/\/holycrossretreat.org\/?post_type=product&#038;p=9428"},"modified":"2026-01-26T13:43:45","modified_gmt":"2026-01-26T18:43:45","slug":"cor-ad-cor-retreat-2","status":"publish","type":"product","link":"https:\/\/holycrossretreat.org\/es\/producto\/cor-ad-cor-retreat-2\/","title":{"rendered":"Cor Ad Cor"},"content":{"rendered":"<p>\u00bfEres cat\u00f3lico, soltero, joven adulto y est\u00e1s intentando descubrir qu\u00e9 te llama Dios a hacer con tu vida? \u00a1Esta es una oportunidad para pasar tiempo con el Se\u00f1or y dejar que te hable al coraz\u00f3n mientras discernimos en el Esp\u00edritu Franciscano! Los sacramentos y la Adoraci\u00f3n Eucar\u00edstica est\u00e1n disponibles, as\u00ed como una oportunidad para conversar con religiosos y otros j\u00f3venes adultos que est\u00e1n discerniendo la voluntad del Se\u00f1or en sus vidas. El fin de semana est\u00e1 patrocinado por la Oficina de Vocaciones Franciscanas Conventuales y solo eres responsable de tu viaje. Solo solteros y sin ni\u00f1os. Enlace de inscripci\u00f3n directa: https:\/\/forms.gle\/rY1QZgYroJDcVnTZ7\u00a0 <em>Facilitado por Fray Mario Serrano, OFM Conv., y Fray Joseph Bach, OFM Conv.<\/em><\/p>\n<p>&nbsp;<\/p>","protected":false},"excerpt":{"rendered":"<p>Are you a Catholic, single, young adult, trying to figure out what God is calling you to do with your life? This is an opportunity to spend time away with the Lord and allow Him to speak to your heart as we discern in the Franciscan Spirit! The Sacraments and Eucharistic Adoration are available as&#8230;<\/p>","protected":false},"featured_media":9896,"template":"","meta":{"_monsterinsights_skip_tracking":false,"_monsterinsights_sitenote_active":false,"_monsterinsights_sitenote_note":"","_monsterinsights_sitenote_category":0},"product_brand":[],"product_cat":[17],"product_tag":[],"class_list":{"0":"post-9428","1":"product","2":"type-product","3":"status-publish","4":"has-post-thumbnail","6":"product_cat-uncategorized","8":"first","9":"instock","10":"taxable","11":"shipping-taxable","12":"purchasable","13":"product-type-variable","14":"has-default-attributes"},"_links":{"self":[{"href":"https:\/\/holycrossretreat.org\/es\/wp-json\/wp\/v2\/product\/9428","targetHints":{"allow":["GET"]}}],"collection":[{"href":"https:\/\/holycrossretreat.org\/es\/wp-json\/wp\/v2\/product"}],"about":[{"href":"https:\/\/holycrossretreat.org\/es\/wp-json\/wp\/v2\/types\/product"}],"wp:featuredmedia":[{"embeddable":true,"href":"https:\/\/holycrossretreat.org\/es\/wp-json\/wp\/v2\/media\/9896"}],"wp:attachment":[{"href":"https:\/\/holycrossretreat.org\/es\/wp-json\/wp\/v2\/media?parent=9428"}],"wp:term":[{"taxonomy":"product_brand","embeddable":true,"href":"https:\/\/holycrossretreat.org\/es\/wp-json\/wp\/v2\/product_brand?post=9428"},{"taxonomy":"product_cat","embeddable":true,"href":"https:\/\/holycrossretreat.org\/es\/wp-json\/wp\/v2\/product_cat?post=9428"},{"taxonomy":"product_tag","embeddable":true,"href":"https:\/\/holycrossretreat.org\/es\/wp-json\/wp\/v2\/product_tag?post=9428"}],"curies":[{"name":"wp","href":"https:\/\/api.w.org\/{rel}","templated":true}]}}