{"id":9414,"date":"2024-12-31T12:42:22","date_gmt":"2024-12-31T17:42:22","guid":{"rendered":"https:\/\/holycrossretreat.org\/?post_type=product&#038;p=9414"},"modified":"2025-01-02T16:24:53","modified_gmt":"2025-01-02T21:24:53","slug":"cor-ad-cor-young-adult-retreat","status":"publish","type":"product","link":"https:\/\/holycrossretreat.org\/es\/producto\/cor-ad-cor-young-adult-retreat\/","title":{"rendered":"Retiro de adultos j\u00f3venes Cor Ad Cor"},"content":{"rendered":"<p>\u00bfEres un cat\u00f3lico, soltero, joven adulto que intenta descubrir qu\u00e9 te est\u00e1 llamando Dios a hacer con tu vida? \u00a1Esta es una oportunidad para pasar tiempo con el Se\u00f1or y permitirle hablar a tu coraz\u00f3n mientras discernimos en el Esp\u00edritu Franciscano! Los Sacramentos y la Adoraci\u00f3n Eucar\u00edstica est\u00e1n disponibles, as\u00ed como tambi\u00e9n una oportunidad para hablar con religiosos y otros j\u00f3venes adultos que est\u00e1n discerniendo la voluntad del Se\u00f1or en sus vidas. El fin de semana est\u00e1 patrocinado por la Oficina de Vocaciones Franciscanas Conventuales y t\u00fa solo eres responsable de tu viaje. Enlace de registro directo: https:\/\/forms.gle\/rY1QZgYroJDcVnTZ7<\/p>","protected":false},"excerpt":{"rendered":"<p>\u00bfEres cat\u00f3lico, soltero o joven adulto y est\u00e1s intentando descubrir qu\u00e9 te llama Dios a hacer con tu vida? \u00a1Esta es una oportunidad para pasar tiempo con el Se\u00f1or y dejar que te hable al coraz\u00f3n mientras discernimos en el Esp\u00edritu Franciscano! Los sacramentos y la Adoraci\u00f3n Eucar\u00edstica est\u00e1n disponibles como\u2026<\/p>","protected":false},"featured_media":9411,"template":"","meta":{"_monsterinsights_skip_tracking":false,"_monsterinsights_sitenote_active":false,"_monsterinsights_sitenote_note":"","_monsterinsights_sitenote_category":0},"product_brand":[],"product_cat":[17],"product_tag":[],"class_list":{"0":"post-9414","1":"product","2":"type-product","3":"status-publish","4":"has-post-thumbnail","6":"product_cat-uncategorized","8":"first","9":"instock","10":"product-type-simple"},"_links":{"self":[{"href":"https:\/\/holycrossretreat.org\/es\/wp-json\/wp\/v2\/product\/9414","targetHints":{"allow":["GET"]}}],"collection":[{"href":"https:\/\/holycrossretreat.org\/es\/wp-json\/wp\/v2\/product"}],"about":[{"href":"https:\/\/holycrossretreat.org\/es\/wp-json\/wp\/v2\/types\/product"}],"wp:featuredmedia":[{"embeddable":true,"href":"https:\/\/holycrossretreat.org\/es\/wp-json\/wp\/v2\/media\/9411"}],"wp:attachment":[{"href":"https:\/\/holycrossretreat.org\/es\/wp-json\/wp\/v2\/media?parent=9414"}],"wp:term":[{"taxonomy":"product_brand","embeddable":true,"href":"https:\/\/holycrossretreat.org\/es\/wp-json\/wp\/v2\/product_brand?post=9414"},{"taxonomy":"product_cat","embeddable":true,"href":"https:\/\/holycrossretreat.org\/es\/wp-json\/wp\/v2\/product_cat?post=9414"},{"taxonomy":"product_tag","embeddable":true,"href":"https:\/\/holycrossretreat.org\/es\/wp-json\/wp\/v2\/product_tag?post=9414"}],"curies":[{"name":"wp","href":"https:\/\/api.w.org\/{rel}","templated":true}]}}