{"id":9258,"date":"2024-08-05T17:37:22","date_gmt":"2024-08-05T21:37:22","guid":{"rendered":"https:\/\/holycrossretreat.org\/?post_type=product&#038;p=9258"},"modified":"2025-01-02T17:09:44","modified_gmt":"2025-01-02T22:09:44","slug":"grieving-retreat-2","status":"publish","type":"product","link":"https:\/\/holycrossretreat.org\/es\/producto\/grieving-retreat-2\/","title":{"rendered":"Retiro de duelo para 2025"},"content":{"rendered":"<p>El duelo o la p\u00e9rdida pueden adoptar muchas formas. A menudo luchamos solos o sin paz en nuestros corazones. Las fiestas, los aniversarios y los cumplea\u00f1os pueden ser a\u00fan m\u00e1s dif\u00edciles. Tal vez tomarse un tiempo para un retiro con otras personas que comparten sus experiencias pueda traer renovaci\u00f3n personal y espiritual.<\/p>\n<p><b>\u00a0\u00a0\u00a0\u00a0 Duelo, duelo y p\u00e9rdida\u00a0 \u00a0 \u00a0<\/b><b>\u00a0 \u00a0 \u00a0luchas espirituales\u00a0 \u00a0<\/b><b>\u00a0\u00a0\u00a0\u00a0 P\u00e9rdida de direcci\u00f3n en la vida. <\/b><\/p>\n<p><b>\u00a0\u00a0\u00a0\u00a0 Problemas de divorcio y matrimonio\u00a0 \u00a0\u00a0<\/b><b> \u00a0\u00a0\u00a0 Sue\u00f1os incumplidos\u00a0 \u00a0\u00a0<\/b><b>\u00a0\u00a0\u00a0\u00a0 Otros desaf\u00edos<\/b><\/p>\n<p>Para ver m\u00e1s detalles en un folleto haga clic <strong><a href=\"https:\/\/holycrossretreat.org\/wp-content\/uploads\/2024\/08\/Grieving-Retreat-Dec-13-15-2024-1.pdf\">aqu\u00ed<\/a>.<\/strong><\/p>\n<p>&nbsp;<\/p>\n<p>&nbsp;<\/p>","protected":false},"excerpt":{"rendered":"<p>El duelo o la p\u00e9rdida pueden adoptar muchas formas. A menudo luchamos solos o sin paz en nuestros corazones. Las fiestas, los aniversarios y los cumplea\u00f1os pueden ser a\u00fan m\u00e1s dif\u00edciles. Tal vez tomarse un tiempo para un retiro con otras personas que comparten sus experiencias pueda traer renovaci\u00f3n personal y espiritual. Duelo, pena y p\u00e9rdida Luchas espirituales \u2026<\/p>","protected":false},"featured_media":9255,"template":"","meta":{"_monsterinsights_skip_tracking":false,"_monsterinsights_sitenote_active":false,"_monsterinsights_sitenote_note":"","_monsterinsights_sitenote_category":0},"product_brand":[],"product_cat":[17],"product_tag":[],"class_list":{"0":"post-9258","1":"product","2":"type-product","3":"status-publish","4":"has-post-thumbnail","6":"product_cat-uncategorized","8":"first","9":"instock","10":"taxable","11":"shipping-taxable","12":"purchasable","13":"product-type-variable"},"_links":{"self":[{"href":"https:\/\/holycrossretreat.org\/es\/wp-json\/wp\/v2\/product\/9258","targetHints":{"allow":["GET"]}}],"collection":[{"href":"https:\/\/holycrossretreat.org\/es\/wp-json\/wp\/v2\/product"}],"about":[{"href":"https:\/\/holycrossretreat.org\/es\/wp-json\/wp\/v2\/types\/product"}],"wp:featuredmedia":[{"embeddable":true,"href":"https:\/\/holycrossretreat.org\/es\/wp-json\/wp\/v2\/media\/9255"}],"wp:attachment":[{"href":"https:\/\/holycrossretreat.org\/es\/wp-json\/wp\/v2\/media?parent=9258"}],"wp:term":[{"taxonomy":"product_brand","embeddable":true,"href":"https:\/\/holycrossretreat.org\/es\/wp-json\/wp\/v2\/product_brand?post=9258"},{"taxonomy":"product_cat","embeddable":true,"href":"https:\/\/holycrossretreat.org\/es\/wp-json\/wp\/v2\/product_cat?post=9258"},{"taxonomy":"product_tag","embeddable":true,"href":"https:\/\/holycrossretreat.org\/es\/wp-json\/wp\/v2\/product_tag?post=9258"}],"curies":[{"name":"wp","href":"https:\/\/api.w.org\/{rel}","templated":true}]}}