{"id":9249,"date":"2024-08-02T11:27:18","date_gmt":"2024-08-02T15:27:18","guid":{"rendered":"https:\/\/holycrossretreat.org\/?post_type=product&#038;p=9249"},"modified":"2024-12-16T17:38:07","modified_gmt":"2024-12-16T22:38:07","slug":"an-adult-christ-at-christmas-monday-dec-9th","status":"publish","type":"product","link":"https:\/\/holycrossretreat.org\/es\/producto\/an-adult-christ-at-christmas-monday-dec-9th\/","title":{"rendered":"Un Cristo adulto en Navidad, lunes 9 de diciembre"},"content":{"rendered":"<ul>\n<li>Durante este d\u00eda de reflexi\u00f3n de Adviento, veremos m\u00e1s de cerca los pasajes b\u00edblicos de las \u201cnarraciones de la infancia\u201d en Mateo y Lucas. Estas Escrituras son preciosas para nosotros porque son el \u201cEvangelio\u201d en miniatura.  Afirman que Jes\u00fas es el Hijo de Dios durante toda su vida terrenal, pero tambi\u00e9n reflejan los tipos de respuestas que recibir\u00e1 de los dem\u00e1s y el significado m\u00e1s profundo de su vida.<\/li>\n<li>Lunes 9 de diciembre 9:00 a 4:00 pm Se puede ver un folleto. <a href=\"https:\/\/holycrossretreat.org\/wp-content\/uploads\/2024\/08\/An-Adult-Christ-at-Christmas-Mon.-Dec.-9-2024.pdf\">aqu\u00ed<\/a>.<\/li>\n<\/ul>\n<p>&nbsp;<\/p>\n<p>&nbsp;<\/p>","protected":false},"excerpt":{"rendered":"<p>Durante este d\u00eda de reflexi\u00f3n de Adviento, analizaremos m\u00e1s de cerca los pasajes b\u00edblicos de los \u201crelatos de la infancia\u201d de Mateo y Lucas. Estos pasajes son preciosos para nosotros porque son el \u201cEvangelio\u201d en miniatura. Afirman que Jes\u00fas es el Hijo de Dios durante toda su vida terrena, pero tambi\u00e9n reflejan\u2026<\/p>","protected":false},"featured_media":9292,"template":"","meta":{"_monsterinsights_skip_tracking":false,"_monsterinsights_sitenote_active":false,"_monsterinsights_sitenote_note":"","_monsterinsights_sitenote_category":0},"product_brand":[],"product_cat":[17],"product_tag":[],"class_list":{"0":"post-9249","1":"product","2":"type-product","3":"status-publish","4":"has-post-thumbnail","6":"product_cat-uncategorized","8":"first","9":"instock","10":"taxable","11":"shipping-taxable","12":"purchasable","13":"product-type-variable"},"_links":{"self":[{"href":"https:\/\/holycrossretreat.org\/es\/wp-json\/wp\/v2\/product\/9249","targetHints":{"allow":["GET"]}}],"collection":[{"href":"https:\/\/holycrossretreat.org\/es\/wp-json\/wp\/v2\/product"}],"about":[{"href":"https:\/\/holycrossretreat.org\/es\/wp-json\/wp\/v2\/types\/product"}],"wp:featuredmedia":[{"embeddable":true,"href":"https:\/\/holycrossretreat.org\/es\/wp-json\/wp\/v2\/media\/9292"}],"wp:attachment":[{"href":"https:\/\/holycrossretreat.org\/es\/wp-json\/wp\/v2\/media?parent=9249"}],"wp:term":[{"taxonomy":"product_brand","embeddable":true,"href":"https:\/\/holycrossretreat.org\/es\/wp-json\/wp\/v2\/product_brand?post=9249"},{"taxonomy":"product_cat","embeddable":true,"href":"https:\/\/holycrossretreat.org\/es\/wp-json\/wp\/v2\/product_cat?post=9249"},{"taxonomy":"product_tag","embeddable":true,"href":"https:\/\/holycrossretreat.org\/es\/wp-json\/wp\/v2\/product_tag?post=9249"}],"curies":[{"name":"wp","href":"https:\/\/api.w.org\/{rel}","templated":true}]}}