{"id":9220,"date":"2024-07-23T17:23:56","date_gmt":"2024-07-23T21:23:56","guid":{"rendered":"https:\/\/holycrossretreat.org\/?post_type=product&#038;p=9220"},"modified":"2025-01-02T16:49:16","modified_gmt":"2025-01-02T21:49:16","slug":"you-are-the-potter","status":"publish","type":"product","link":"https:\/\/holycrossretreat.org\/es\/producto\/you-are-the-potter\/","title":{"rendered":"tu eres el alfarero"},"content":{"rendered":"<p>&nbsp;<\/p>\n<p>\u201cSe\u00f1or, t\u00fa eres nuestro Padre, nosotros somos el barro y t\u00fa nuestro alfarero: todos somos obra de tus manos\u201d. Isa\u00edas 6:7<\/p>\n<p>Nuestras vidas est\u00e1n moldeadas por el Se\u00f1or, por nuestros padres y por muchas otras personas y aspectos de nuestras vidas. Este retiro brinda la oportunidad no solo de hablar sobre esos temas, sino tambi\u00e9n de experimentar el trabajo de la arcilla e incluso probarlo usted mismo si lo desea.  Ven a compartir las im\u00e1genes y c\u00f3mo pueden transformar nuestra fe y nuestras vidas.     P. Tom\u00e1s<\/p>\n<p>Para ver m\u00e1s detalles en un folleto haga clic <strong><a href=\"https:\/\/holycrossretreat.org\/wp-content\/uploads\/2024\/07\/You-Are-the-Potter-Nov.-1-3-2024.pdf\">aqu\u00ed<\/a>.<\/strong><\/p>\n<p>&nbsp;<\/p>\n<p>&nbsp;<\/p>","protected":false},"excerpt":{"rendered":"<p>&nbsp; \u201cSe\u00f1or, t\u00fa eres nuestro Padre, nosotros el barro, y t\u00fa nuestro alfarero; todos somos obra de tus manos.\u201d Isa\u00edas 6:7 Nuestras vidas son moldeadas por el Se\u00f1or, por nuestros padres y por muchas otras personas y aspectos de nuestra vida. Este retiro nos brinda la oportunidad no solo de hablar de esos\u2026<\/p>","protected":false},"featured_media":9293,"template":"","meta":{"_monsterinsights_skip_tracking":false,"_monsterinsights_sitenote_active":false,"_monsterinsights_sitenote_note":"","_monsterinsights_sitenote_category":0},"product_brand":[],"product_cat":[17],"product_tag":[],"class_list":{"0":"post-9220","1":"product","2":"type-product","3":"status-publish","4":"has-post-thumbnail","6":"product_cat-uncategorized","8":"first","9":"instock","10":"taxable","11":"shipping-taxable","12":"purchasable","13":"product-type-variable"},"_links":{"self":[{"href":"https:\/\/holycrossretreat.org\/es\/wp-json\/wp\/v2\/product\/9220","targetHints":{"allow":["GET"]}}],"collection":[{"href":"https:\/\/holycrossretreat.org\/es\/wp-json\/wp\/v2\/product"}],"about":[{"href":"https:\/\/holycrossretreat.org\/es\/wp-json\/wp\/v2\/types\/product"}],"wp:featuredmedia":[{"embeddable":true,"href":"https:\/\/holycrossretreat.org\/es\/wp-json\/wp\/v2\/media\/9293"}],"wp:attachment":[{"href":"https:\/\/holycrossretreat.org\/es\/wp-json\/wp\/v2\/media?parent=9220"}],"wp:term":[{"taxonomy":"product_brand","embeddable":true,"href":"https:\/\/holycrossretreat.org\/es\/wp-json\/wp\/v2\/product_brand?post=9220"},{"taxonomy":"product_cat","embeddable":true,"href":"https:\/\/holycrossretreat.org\/es\/wp-json\/wp\/v2\/product_cat?post=9220"},{"taxonomy":"product_tag","embeddable":true,"href":"https:\/\/holycrossretreat.org\/es\/wp-json\/wp\/v2\/product_tag?post=9220"}],"curies":[{"name":"wp","href":"https:\/\/api.w.org\/{rel}","templated":true}]}}