{"id":9208,"date":"2024-07-23T17:08:27","date_gmt":"2024-07-23T21:08:27","guid":{"rendered":"https:\/\/holycrossretreat.org\/?post_type=product&#038;p=9208"},"modified":"2024-10-30T16:30:31","modified_gmt":"2024-10-30T20:30:31","slug":"thomas-merton-quest-for-freedom","status":"publish","type":"product","link":"https:\/\/holycrossretreat.org\/es\/producto\/thomas-merton-quest-for-freedom\/","title":{"rendered":"Thomas Merton, B\u00fasqueda de la libertad"},"content":{"rendered":"<p>Durante este retiro nocturno, buscaremos en oraci\u00f3n lo verdadero, lo bello, lo bueno y lo infinito dentro de nosotros mientras exploramos la invitaci\u00f3n de Dios y nuestro destino com\u00fan, por la vida infinita vista en Jes\u00fas el Cristo Resucitado. Al encontrar m\u00e1s de Dios dentro de nosotros, descubriremos nuestro \u201cVerdadero Yo\u201d llamado a crecer en una vida \u201cResucitada\u201d ahora y en el futuro.\u00a0 <b>\u00a0Tenga en cuenta que esto es s\u00f3lo el viernes por la noche y el s\u00e1bado durante el d\u00eda.<\/b><\/p>\n<p>Puedes ver un <a href=\"https:\/\/holycrossretreat.org\/wp-content\/uploads\/2024\/07\/Thomas-Merton-Quest-for-True-Freedom-October-24-25-2024.pdf\"><strong>folleto aqu\u00ed<\/strong><\/a> <a href=\"https:\/\/holycrossretreat.org\/wp-content\/uploads\/2024\/05\/Franciscan-Mysticism-and-Spirituality-June-7-9-2024-1-2.pdf\">para obtener m\u00e1s detalles o registrarse en l\u00ednea en este sitio.<\/a><\/p>\n<p>&nbsp;<\/p>\n<p>&nbsp;<\/p>\n<p>&nbsp;<\/p>\n<p>&nbsp;<\/p>\n<p>&nbsp;<\/p>\n<p>&nbsp;<\/p>\n<p>&nbsp;<\/p>","protected":false},"excerpt":{"rendered":"<p>Durante este retiro nocturno, buscaremos en oraci\u00f3n lo verdadero, lo bello, lo bueno y lo infinito dentro de nosotros mientras exploramos la invitaci\u00f3n de Dios y nuestro destino com\u00fan, por la vida infinita vista en Jes\u00fas el Cristo Resucitado. Al encontrar m\u00e1s de Dios dentro de nosotros, descubriremos nuestro \u201cVerdadero Yo\u201d llamado a crecer en \u201cResucitado\u201d\u2026<\/p>","protected":false},"featured_media":9274,"template":"","meta":{"_monsterinsights_skip_tracking":false,"_monsterinsights_sitenote_active":false,"_monsterinsights_sitenote_note":"","_monsterinsights_sitenote_category":0},"product_brand":[],"product_cat":[17],"product_tag":[],"class_list":{"0":"post-9208","1":"product","2":"type-product","3":"status-publish","4":"has-post-thumbnail","6":"product_cat-uncategorized","8":"first","9":"instock","10":"taxable","11":"shipping-taxable","12":"purchasable","13":"product-type-variable"},"_links":{"self":[{"href":"https:\/\/holycrossretreat.org\/es\/wp-json\/wp\/v2\/product\/9208","targetHints":{"allow":["GET"]}}],"collection":[{"href":"https:\/\/holycrossretreat.org\/es\/wp-json\/wp\/v2\/product"}],"about":[{"href":"https:\/\/holycrossretreat.org\/es\/wp-json\/wp\/v2\/types\/product"}],"wp:featuredmedia":[{"embeddable":true,"href":"https:\/\/holycrossretreat.org\/es\/wp-json\/wp\/v2\/media\/9274"}],"wp:attachment":[{"href":"https:\/\/holycrossretreat.org\/es\/wp-json\/wp\/v2\/media?parent=9208"}],"wp:term":[{"taxonomy":"product_brand","embeddable":true,"href":"https:\/\/holycrossretreat.org\/es\/wp-json\/wp\/v2\/product_brand?post=9208"},{"taxonomy":"product_cat","embeddable":true,"href":"https:\/\/holycrossretreat.org\/es\/wp-json\/wp\/v2\/product_cat?post=9208"},{"taxonomy":"product_tag","embeddable":true,"href":"https:\/\/holycrossretreat.org\/es\/wp-json\/wp\/v2\/product_tag?post=9208"}],"curies":[{"name":"wp","href":"https:\/\/api.w.org\/{rel}","templated":true}]}}