{"id":9196,"date":"2024-07-23T16:02:33","date_gmt":"2024-07-23T20:02:33","guid":{"rendered":"https:\/\/holycrossretreat.org\/?post_type=product&#038;p=9196"},"modified":"2025-09-19T17:30:21","modified_gmt":"2025-09-19T21:30:21","slug":"recovering-alcoholics-and-al-anon-retreat-with-fr-tom-weston","status":"publish","type":"product","link":"https:\/\/holycrossretreat.org\/es\/producto\/recovering-alcoholics-and-al-anon-retreat-with-fr-tom-weston\/","title":{"rendered":"Retiro de fin de semana de recuperaci\u00f3n de AA y Al-Anon con el padre Tom Weston, SJ"},"content":{"rendered":"<p>El P. Thomas C. Weston, SJ, participa en los Programas de Doce Pasos desde 1976. Exdirector del Cuerpo de Voluntarios Jesuitas y profesor de la Escuela Secundaria Loyola de Los \u00c1ngeles, cuenta con t\u00edtulos y experiencia en consejer\u00eda, educaci\u00f3n y teolog\u00eda. Ofrece consejer\u00eda, imparte talleres y seminarios, y predica retiros a nivel internacional. Vive y reside en Oakland, California.<\/p>\n<p>Para ver los CD y cintas del P. Tom Weston sobre recuperaci\u00f3n y espiritualidad, haga clic aqu\u00ed:\u00a0<a href=\"https:\/\/www.innerlightproductions.net\/catologue\" target=\"_blank\" rel=\"noopener\">Haga clic aqu\u00ed para ver el cat\u00e1logo.<\/a><\/p>\n<p>Puede registrarse en l\u00ednea, llamar al 575 524-3688 para obtener precios especiales o hacer clic aqu\u00ed para obtener el folleto. <a href=\"https:\/\/holycrossretreat.org\/wp-content\/uploads\/2024\/07\/RETREAT-FOR-ALCOHOLICS-AND-AL-ANON-FALL2025.pdf\">RETIRO PARA ALCOH\u00d3LICOS Y AL-ANON OTO\u00d1O 2025<\/a>.<\/p>\n<p>&nbsp;<\/p>\n<p>&nbsp;<\/p>\n<p>&nbsp;<\/p>","protected":false},"excerpt":{"rendered":"<p>P. Thomas C. Weston, SJ, ha estado involucrado en Programas de 12 Pasos desde 1976. Ex Director del Cuerpo de Voluntarios Jesuitas y maestro en la Escuela Secundaria Loyola en Los \u00c1ngeles, tiene t\u00edtulos y experiencia en consejer\u00eda, educaci\u00f3n y teolog\u00eda. Asesora, dirige talleres y seminarios, y predica retiros a nivel internacional. \u00c9l vive y reside\u2026<\/p>","protected":false},"featured_media":9738,"template":"","meta":{"_monsterinsights_skip_tracking":false,"_monsterinsights_sitenote_active":false,"_monsterinsights_sitenote_note":"","_monsterinsights_sitenote_category":0},"product_brand":[],"product_cat":[17],"product_tag":[],"class_list":{"0":"post-9196","1":"product","2":"type-product","3":"status-publish","4":"has-post-thumbnail","6":"product_cat-uncategorized","8":"first","9":"instock","10":"taxable","11":"shipping-taxable","12":"purchasable","13":"product-type-variable"},"_links":{"self":[{"href":"https:\/\/holycrossretreat.org\/es\/wp-json\/wp\/v2\/product\/9196","targetHints":{"allow":["GET"]}}],"collection":[{"href":"https:\/\/holycrossretreat.org\/es\/wp-json\/wp\/v2\/product"}],"about":[{"href":"https:\/\/holycrossretreat.org\/es\/wp-json\/wp\/v2\/types\/product"}],"wp:featuredmedia":[{"embeddable":true,"href":"https:\/\/holycrossretreat.org\/es\/wp-json\/wp\/v2\/media\/9738"}],"wp:attachment":[{"href":"https:\/\/holycrossretreat.org\/es\/wp-json\/wp\/v2\/media?parent=9196"}],"wp:term":[{"taxonomy":"product_brand","embeddable":true,"href":"https:\/\/holycrossretreat.org\/es\/wp-json\/wp\/v2\/product_brand?post=9196"},{"taxonomy":"product_cat","embeddable":true,"href":"https:\/\/holycrossretreat.org\/es\/wp-json\/wp\/v2\/product_cat?post=9196"},{"taxonomy":"product_tag","embeddable":true,"href":"https:\/\/holycrossretreat.org\/es\/wp-json\/wp\/v2\/product_tag?post=9196"}],"curies":[{"name":"wp","href":"https:\/\/api.w.org\/{rel}","templated":true}]}}