{"id":9167,"date":"2024-06-10T18:33:26","date_gmt":"2024-06-10T22:33:26","guid":{"rendered":"https:\/\/holycrossretreat.org\/?post_type=product&#038;p=9167"},"modified":"2024-12-16T17:37:24","modified_gmt":"2024-12-16T22:37:24","slug":"eucharist-holiness-and-mission","status":"publish","type":"product","link":"https:\/\/holycrossretreat.org\/es\/producto\/eucharist-holiness-and-mission\/","title":{"rendered":"Eucarist\u00eda: Santidad y Misi\u00f3n"},"content":{"rendered":"<p>El Congreso Eucar\u00edstico Nacional atrajo a casi 60.000 personas a Indian\u00e1polis, Indiana, para una renovaci\u00f3n de la fe y la misi\u00f3n. Llegaron peregrinaciones de cuatro partes del pa\u00eds y muchas personas se unieron localmente, si no en el evento principal. Adem\u00e1s de la oraci\u00f3n y las presentaciones, la gente tambi\u00e9n prepar\u00f3 500.000 comidas para los pobres y habl\u00f3 de evangelizaci\u00f3n junto con la adoraci\u00f3n.<\/p>\n<p>\u00a1Ya que no pudimos estar all\u00ed, este es un momento para revisar la experiencia y c\u00f3mo podemos crecer en Santidad y Misi\u00f3n!  P. Tom\u00e1s<\/p>\n<p>Para ver m\u00e1s detalles en un folleto haga clic <a href=\"https:\/\/holycrossretreat.org\/wp-content\/uploads\/2024\/07\/Eucharist-Holiness-and-Mission-Nov.-22-24-2024.pdf\"><strong>aqu\u00ed.<\/strong><\/a><\/p>\n<p>&nbsp;<\/p>\n<p>&nbsp;<\/p>","protected":false},"excerpt":{"rendered":"<p>El Congreso Eucar\u00edstico Nacional atrajo a casi 60.000 personas a Indian\u00e1polis, Indiana, para renovar la fe y la misi\u00f3n. Las peregrinaciones llegaron desde cuatro partes del pa\u00eds, ya que muchas personas se unieron localmente, aunque no en el gran evento. Adem\u00e1s de la oraci\u00f3n y las presentaciones, las personas tambi\u00e9n prepararon 500.000 comidas para los pobres y hablaron sobre la evangelizaci\u00f3n\u2026<\/p>","protected":false},"featured_media":9294,"template":"","meta":{"_monsterinsights_skip_tracking":false,"_monsterinsights_sitenote_active":false,"_monsterinsights_sitenote_note":"","_monsterinsights_sitenote_category":0},"product_brand":[],"product_cat":[17],"product_tag":[],"class_list":{"0":"post-9167","1":"product","2":"type-product","3":"status-publish","4":"has-post-thumbnail","6":"product_cat-uncategorized","8":"first","9":"instock","10":"taxable","11":"shipping-taxable","12":"purchasable","13":"product-type-variable"},"_links":{"self":[{"href":"https:\/\/holycrossretreat.org\/es\/wp-json\/wp\/v2\/product\/9167","targetHints":{"allow":["GET"]}}],"collection":[{"href":"https:\/\/holycrossretreat.org\/es\/wp-json\/wp\/v2\/product"}],"about":[{"href":"https:\/\/holycrossretreat.org\/es\/wp-json\/wp\/v2\/types\/product"}],"wp:featuredmedia":[{"embeddable":true,"href":"https:\/\/holycrossretreat.org\/es\/wp-json\/wp\/v2\/media\/9294"}],"wp:attachment":[{"href":"https:\/\/holycrossretreat.org\/es\/wp-json\/wp\/v2\/media?parent=9167"}],"wp:term":[{"taxonomy":"product_brand","embeddable":true,"href":"https:\/\/holycrossretreat.org\/es\/wp-json\/wp\/v2\/product_brand?post=9167"},{"taxonomy":"product_cat","embeddable":true,"href":"https:\/\/holycrossretreat.org\/es\/wp-json\/wp\/v2\/product_cat?post=9167"},{"taxonomy":"product_tag","embeddable":true,"href":"https:\/\/holycrossretreat.org\/es\/wp-json\/wp\/v2\/product_tag?post=9167"}],"curies":[{"name":"wp","href":"https:\/\/api.w.org\/{rel}","templated":true}]}}