{"id":9165,"date":"2024-06-10T15:45:17","date_gmt":"2024-06-10T19:45:17","guid":{"rendered":"https:\/\/holycrossretreat.org\/?post_type=product&#038;p=9165"},"modified":"2025-12-05T10:44:27","modified_gmt":"2025-12-05T15:44:27","slug":"transitus-of-st-francis-of-assisi","status":"publish","type":"product","link":"https:\/\/holycrossretreat.org\/es\/producto\/transitus-of-st-francis-of-assisi\/","title":{"rendered":"Tr\u00e1nsito de San Francisco de As\u00eds"},"content":{"rendered":"<p><b>San Francisco de As\u00eds falleci\u00f3 en 1226, dejando huella no solo en su tiempo, sino tambi\u00e9n en la historia de la Iglesia Cat\u00f3lica y del mundo desde entonces. La tarde del 3 de octubre, a las 19:00 h, en la capilla principal, el Centro de Retiros de la Santa Cruz conmemorar\u00e1 su vida y su &quot;Tr\u00e1nsito&quot;, es decir, su transici\u00f3n de la vida terrenal a la vida con Dios. La Fraternidad Franciscana Seglar y los frailes locales ofrecer\u00e1n un momento de oraci\u00f3n, canto y reflexi\u00f3n sobre su vida y su impacto desde entonces. Les invitamos a unirse a nosotros en nuestra capilla principal. La direcci\u00f3n es 600 Holy Cross Retreat Center, Mesilla Park, NM, a tres kil\u00f3metros al sur de University Ave., saliendo de South Main Street en Las Cruces.\u00a0\u00a0<\/b><\/p>\n<p><strong>Comun\u00edquese con Holy Cross Retreat Center si tiene alguna pregunta.\u00a0 <\/strong><strong>575 524-3688.<\/strong><\/p>\n<p>&nbsp;<\/p>\n<p>&nbsp;<\/p>","protected":false},"excerpt":{"rendered":"<p>San Francisco de As\u00eds falleci\u00f3 en 1226, habiendo impactado no solo a muchas personas de su \u00e9poca, sino tambi\u00e9n a muchas otras en la historia de la Iglesia Cat\u00f3lica y del mundo desde entonces. La tarde del 3 de octubre, a las 19:00 h, en la capilla principal del Centro de Retiros de la Santa Cruz, se conmemorar\u00e1 su vida y\u2026<\/p>","protected":false},"featured_media":9732,"template":"","meta":{"_monsterinsights_skip_tracking":false,"_monsterinsights_sitenote_active":false,"_monsterinsights_sitenote_note":"","_monsterinsights_sitenote_category":0},"product_brand":[],"product_cat":[17],"product_tag":[],"class_list":{"0":"post-9165","1":"product","2":"type-product","3":"status-publish","4":"has-post-thumbnail","6":"product_cat-uncategorized","8":"first","9":"instock","10":"taxable","11":"shipping-taxable","12":"purchasable","13":"product-type-simple"},"_links":{"self":[{"href":"https:\/\/holycrossretreat.org\/es\/wp-json\/wp\/v2\/product\/9165","targetHints":{"allow":["GET"]}}],"collection":[{"href":"https:\/\/holycrossretreat.org\/es\/wp-json\/wp\/v2\/product"}],"about":[{"href":"https:\/\/holycrossretreat.org\/es\/wp-json\/wp\/v2\/types\/product"}],"wp:featuredmedia":[{"embeddable":true,"href":"https:\/\/holycrossretreat.org\/es\/wp-json\/wp\/v2\/media\/9732"}],"wp:attachment":[{"href":"https:\/\/holycrossretreat.org\/es\/wp-json\/wp\/v2\/media?parent=9165"}],"wp:term":[{"taxonomy":"product_brand","embeddable":true,"href":"https:\/\/holycrossretreat.org\/es\/wp-json\/wp\/v2\/product_brand?post=9165"},{"taxonomy":"product_cat","embeddable":true,"href":"https:\/\/holycrossretreat.org\/es\/wp-json\/wp\/v2\/product_cat?post=9165"},{"taxonomy":"product_tag","embeddable":true,"href":"https:\/\/holycrossretreat.org\/es\/wp-json\/wp\/v2\/product_tag?post=9165"}],"curies":[{"name":"wp","href":"https:\/\/api.w.org\/{rel}","templated":true}]}}