{"id":9129,"date":"2024-05-16T20:58:40","date_gmt":"2024-05-17T00:58:40","guid":{"rendered":"https:\/\/holycrossretreat.org\/?post_type=product&#038;p=9129"},"modified":"2025-09-19T17:29:40","modified_gmt":"2025-09-19T21:29:40","slug":"franciscan-festival-of-fine-art-august-31-and-september-1st","status":"publish","type":"product","link":"https:\/\/holycrossretreat.org\/es\/producto\/franciscan-festival-of-fine-art-august-31-and-september-1st\/","title":{"rendered":"Festival Franciscano de Bellas Artes"},"content":{"rendered":"<p><b>\u00a1Este es el 21.\u00ba a\u00f1o del Festival Franciscano de Bellas Artes! Con m\u00e1s de 85 artistas, una maravillosa cena de enchiladas y flautas, paella, varios puestos de comida, un jard\u00edn de cerveza y vino, una subasta silenciosa y m\u00fasica en vivo en dos escenarios\u2026 este es un festival de arte de primer nivel y agradable en el sur de Nuevo M\u00e9xico. Hay amplio estacionamiento gratuito, gran parte a la sombra, con una donaci\u00f3n para la entrada. Casi la mitad de los artistas se encuentran en salas con aire acondicionado. Y la belleza de la capilla y los jardines del Centro de Retiros Holy Cross realzan toda la experiencia. S\u00e1bado 30 de agosto, de 9:00 a 17:00, y domingo 31 de agosto con misa a las 9:00 a. m., seguida del festival de 10:00 a 4:00 p. m. Encuentre un tesoro art\u00edstico \u00fanico donde podr\u00e1 conocer al artista y disfrutar del d\u00eda. La direcci\u00f3n es 600 Holy Cross Retreat Center, Mesilla Park, NM, a dos millas al sur de University Ave., saliendo de South Main Street en Las Cruces.\u00a0\u00a0<\/b><\/p>\n<p><strong>Comun\u00edquese con Holy Cross Retreat Center para obtener m\u00e1s informaci\u00f3n o para registrarse como artista o vendedor de alimentos. <a href=\"https:\/\/holycrossretreat.org\/es\/franciscan-festival-2025\/\">\u00a1haga clic aqu\u00ed!<\/a> o llamar <\/strong><strong>575 524-3688.\u00a0\u00a0<\/strong><\/p>\n<p>&nbsp;<\/p>\n<p>&nbsp;<\/p>","protected":false},"excerpt":{"rendered":"<p>\u00a1Este es el 21.\u00ba a\u00f1o del Festival Franciscano de Bellas Artes! Con m\u00e1s de 85 artistas, una deliciosa cena de enchiladas y flautas, paella, varios puestos de comida, un jard\u00edn de cerveza y vino, una subasta silenciosa y m\u00fasica en vivo en dos escenarios\u2026 este es un festival de arte de primer nivel y agradable en el sur de Nuevo M\u00e9xico. Hay mucho material gratuito\u2026<\/p>","protected":false},"featured_media":9720,"template":"","meta":{"_monsterinsights_skip_tracking":false,"_monsterinsights_sitenote_active":false,"_monsterinsights_sitenote_note":"","_monsterinsights_sitenote_category":0},"product_brand":[],"product_cat":[17],"product_tag":[],"class_list":{"0":"post-9129","1":"product","2":"type-product","3":"status-publish","4":"has-post-thumbnail","6":"product_cat-uncategorized","8":"first","9":"instock","10":"taxable","11":"shipping-taxable","12":"purchasable","13":"product-type-simple"},"_links":{"self":[{"href":"https:\/\/holycrossretreat.org\/es\/wp-json\/wp\/v2\/product\/9129","targetHints":{"allow":["GET"]}}],"collection":[{"href":"https:\/\/holycrossretreat.org\/es\/wp-json\/wp\/v2\/product"}],"about":[{"href":"https:\/\/holycrossretreat.org\/es\/wp-json\/wp\/v2\/types\/product"}],"wp:featuredmedia":[{"embeddable":true,"href":"https:\/\/holycrossretreat.org\/es\/wp-json\/wp\/v2\/media\/9720"}],"wp:attachment":[{"href":"https:\/\/holycrossretreat.org\/es\/wp-json\/wp\/v2\/media?parent=9129"}],"wp:term":[{"taxonomy":"product_brand","embeddable":true,"href":"https:\/\/holycrossretreat.org\/es\/wp-json\/wp\/v2\/product_brand?post=9129"},{"taxonomy":"product_cat","embeddable":true,"href":"https:\/\/holycrossretreat.org\/es\/wp-json\/wp\/v2\/product_cat?post=9129"},{"taxonomy":"product_tag","embeddable":true,"href":"https:\/\/holycrossretreat.org\/es\/wp-json\/wp\/v2\/product_tag?post=9129"}],"curies":[{"name":"wp","href":"https:\/\/api.w.org\/{rel}","templated":true}]}}