{"id":9118,"date":"2026-01-16T16:30:48","date_gmt":"2026-01-16T21:30:48","guid":{"rendered":"https:\/\/holycrossretreat.org\/?post_type=product&#038;p=9118"},"modified":"2026-03-17T13:47:23","modified_gmt":"2026-03-17T17:47:23","slug":"why-do-people-suffer","status":"publish","type":"product","link":"https:\/\/holycrossretreat.org\/es\/producto\/why-do-people-suffer\/","title":{"rendered":"\u00bfPor qu\u00e9 sufre la gente? con el P. Tom Smith, OFM Conv"},"content":{"rendered":"<p>La realidad del sufrimiento est\u00e1 presente en todas nuestras vidas. Incluso quienes generalmente gozan de buena salud y felicidad experimentan momentos de p\u00e9rdida, dolor f\u00edsico y angustia emocional que no tienen sentido. San Francisco de As\u00eds vivi\u00f3 como un hombre pobre que cuidaba de los dem\u00e1s y de la tierra; sin embargo, tambi\u00e9n sufri\u00f3 muchas enfermedades f\u00edsicas, disminuci\u00f3n de la visi\u00f3n y tristeza por el rumbo de la Orden Franciscana. En septiembre de 1224, esto culmin\u00f3 con el sufrimiento asociado con recibir las llagas de Cristo en su cuerpo. Aun as\u00ed, permaneci\u00f3 fiel a Dios.<\/p>\n<p>Este retiro nos brinda tiempo para hablar y orar sobre nuestro propio sufrimiento y el de quienes nos importan. \u00bfC\u00f3mo pueden nuestra fe y el apoyo de los dem\u00e1s ayudarnos a sobrellevar el dolor? San Francisco incluso pudo escribir un hermoso C\u00e1ntico del Sol en medio de su sufrimiento.<\/p>\n<p>&nbsp;<\/p>\n<p>&nbsp;<\/p>\n<p>&nbsp;<\/p>","protected":false},"excerpt":{"rendered":"<p>The reality of suffering is present in all our lives.\u00a0 Even those who are generally happy and healthy have times when they experience loss, physical pain, and emotional distress that doesn\u2019t make sense.\u00a0 St. Francis of Assisi lived as a poor man caring for others and the earth, yet he also had much physical sickness,&#8230;<\/p>","protected":false},"featured_media":9926,"template":"","meta":{"_monsterinsights_skip_tracking":false,"_monsterinsights_sitenote_active":false,"_monsterinsights_sitenote_note":"","_monsterinsights_sitenote_category":0},"product_brand":[],"product_cat":[17],"product_tag":[],"class_list":{"0":"post-9118","1":"product","2":"type-product","3":"status-publish","4":"has-post-thumbnail","6":"product_cat-uncategorized","8":"first","9":"instock","10":"taxable","11":"shipping-taxable","12":"purchasable","13":"product-type-variable"},"_links":{"self":[{"href":"https:\/\/holycrossretreat.org\/es\/wp-json\/wp\/v2\/product\/9118","targetHints":{"allow":["GET"]}}],"collection":[{"href":"https:\/\/holycrossretreat.org\/es\/wp-json\/wp\/v2\/product"}],"about":[{"href":"https:\/\/holycrossretreat.org\/es\/wp-json\/wp\/v2\/types\/product"}],"wp:featuredmedia":[{"embeddable":true,"href":"https:\/\/holycrossretreat.org\/es\/wp-json\/wp\/v2\/media\/9926"}],"wp:attachment":[{"href":"https:\/\/holycrossretreat.org\/es\/wp-json\/wp\/v2\/media?parent=9118"}],"wp:term":[{"taxonomy":"product_brand","embeddable":true,"href":"https:\/\/holycrossretreat.org\/es\/wp-json\/wp\/v2\/product_brand?post=9118"},{"taxonomy":"product_cat","embeddable":true,"href":"https:\/\/holycrossretreat.org\/es\/wp-json\/wp\/v2\/product_cat?post=9118"},{"taxonomy":"product_tag","embeddable":true,"href":"https:\/\/holycrossretreat.org\/es\/wp-json\/wp\/v2\/product_tag?post=9118"}],"curies":[{"name":"wp","href":"https:\/\/api.w.org\/{rel}","templated":true}]}}