{"id":9106,"date":"2024-05-16T20:33:34","date_gmt":"2024-05-17T00:33:34","guid":{"rendered":"https:\/\/holycrossretreat.org\/?post_type=product&#038;p=9106"},"modified":"2024-09-16T16:34:21","modified_gmt":"2024-09-16T20:34:21","slug":"married-couples-retreat","status":"publish","type":"product","link":"https:\/\/holycrossretreat.org\/es\/producto\/married-couples-retreat\/","title":{"rendered":"Retiro de parejas casadas"},"content":{"rendered":"<ul>\n<li>Quiz\u00e1s este sea un buen momento para renovar el amor mutuo y profundizar la fe que comparten. Puede haber luchas en la comunicaci\u00f3n, la salud u otros aspectos en el matrimonio. \u00a1O tal vez simplemente quieras mejorar un buen matrimonio! Este retiro est\u00e1 dise\u00f1ado para ayudarlos a renovar su compromiso mutuo en amor y profundizar su fe compartida como pareja. Los l\u00edderes ofrecer\u00e1n ideas para enriquecer su sacramento del matrimonio y llamarlos a un amor m\u00e1s profundo el uno por el otro y por Dios. Reg\u00e1lense un retiro juntos y podr\u00e1 ayudarlos a nutrir su amor en los a\u00f1os venideros. Para ver m\u00e1s detalles en un folleto haga clic <strong><a href=\"https:\/\/holycrossretreat.org\/wp-content\/uploads\/2024\/05\/Marriage-Spirituality-Retreat-Sept.-13-15-2024-brochure.pdf\">aqu\u00ed<\/a>.<\/strong><\/li>\n<\/ul>\n<p>&nbsp;<\/p>\n<p>&nbsp;<\/p>","protected":false},"excerpt":{"rendered":"<p>Quiz\u00e1s este sea un buen momento para renovar el amor mutuo y profundizar la fe que comparten. Puede haber luchas en la comunicaci\u00f3n, la salud u otros aspectos en el matrimonio. \u00a1O tal vez simplemente quieras mejorar un buen matrimonio! Este retiro est\u00e1 dise\u00f1ado para ayudarte a renovar tu compromiso con uno...<\/p>","protected":false},"featured_media":9117,"template":"","meta":{"_monsterinsights_skip_tracking":false,"_monsterinsights_sitenote_active":false,"_monsterinsights_sitenote_note":"","_monsterinsights_sitenote_category":0},"product_brand":[],"product_cat":[17],"product_tag":[],"class_list":{"0":"post-9106","1":"product","2":"type-product","3":"status-publish","4":"has-post-thumbnail","6":"product_cat-uncategorized","8":"first","9":"instock","10":"taxable","11":"shipping-taxable","12":"purchasable","13":"product-type-variable"},"_links":{"self":[{"href":"https:\/\/holycrossretreat.org\/es\/wp-json\/wp\/v2\/product\/9106","targetHints":{"allow":["GET"]}}],"collection":[{"href":"https:\/\/holycrossretreat.org\/es\/wp-json\/wp\/v2\/product"}],"about":[{"href":"https:\/\/holycrossretreat.org\/es\/wp-json\/wp\/v2\/types\/product"}],"wp:featuredmedia":[{"embeddable":true,"href":"https:\/\/holycrossretreat.org\/es\/wp-json\/wp\/v2\/media\/9117"}],"wp:attachment":[{"href":"https:\/\/holycrossretreat.org\/es\/wp-json\/wp\/v2\/media?parent=9106"}],"wp:term":[{"taxonomy":"product_brand","embeddable":true,"href":"https:\/\/holycrossretreat.org\/es\/wp-json\/wp\/v2\/product_brand?post=9106"},{"taxonomy":"product_cat","embeddable":true,"href":"https:\/\/holycrossretreat.org\/es\/wp-json\/wp\/v2\/product_cat?post=9106"},{"taxonomy":"product_tag","embeddable":true,"href":"https:\/\/holycrossretreat.org\/es\/wp-json\/wp\/v2\/product_tag?post=9106"}],"curies":[{"name":"wp","href":"https:\/\/api.w.org\/{rel}","templated":true}]}}