{"id":9076,"date":"2024-05-10T11:56:59","date_gmt":"2024-05-10T15:56:59","guid":{"rendered":"https:\/\/holycrossretreat.org\/?post_type=product&#038;p=9076"},"modified":"2024-07-23T15:55:00","modified_gmt":"2024-07-23T19:55:00","slug":"holy-eros-and-healthy-sexuality","status":"publish","type":"product","link":"https:\/\/holycrossretreat.org\/es\/producto\/holy-eros-and-healthy-sexuality\/","title":{"rendered":"Santo Eros y Sexualidad Saludable"},"content":{"rendered":"<ul>\n<li>Durante este retiro de fin de semana, consideraremos en oraci\u00f3n el \u201cSanto Eros\u201d y la \u201cGracia\u201d de Dios mientras nos hacemos amigos m\u00e1s plenamente de todo lo que somos como personas encarnadas y espirituales. Al ver que fuimos creados desde el coraz\u00f3n de un Dios apasionado y compasivo, esperamos recibir y celebrar m\u00e1s plenamente los dones de nuestra \u201cencarnaci\u00f3n\u201d para las relaciones y el servicio por la justicia y la caridad. Para obtener una vista previa de m\u00e1s detalles en un folleto , haga clic\u00a0<strong><a href=\"https:\/\/holycrossretreat.org\/wp-content\/uploads\/2024\/05\/Holy-Eros-and-Healthy-Sexuality-July-12-14-2024.pdf\">aqu\u00ed<\/a>.<\/strong><\/li>\n<\/ul>\n<p>&nbsp;<\/p>\n<p>&nbsp;<\/p>","protected":false},"excerpt":{"rendered":"<p>Durante este retiro de fin de semana, consideraremos en oraci\u00f3n el \u201cSanto Eros\u201d y la \u201cGracia\u201d de Dios mientras nos hacemos amigos m\u00e1s plenamente de todo lo que somos como personas encarnadas y espirituales.  Al ver que fuimos creados desde el coraz\u00f3n de un Dios apasionado y compasivo, esperamos recibir y celebrar m\u00e1s plenamente los regalos de nuestra \u201cencarnaci\u00f3n\u201d para...<\/p>","protected":false},"featured_media":9099,"template":"","meta":{"_monsterinsights_skip_tracking":false,"_monsterinsights_sitenote_active":false,"_monsterinsights_sitenote_note":"","_monsterinsights_sitenote_category":0},"product_brand":[],"product_cat":[17],"product_tag":[],"class_list":{"0":"post-9076","1":"product","2":"type-product","3":"status-publish","4":"has-post-thumbnail","6":"product_cat-uncategorized","8":"first","9":"instock","10":"taxable","11":"shipping-taxable","12":"purchasable","13":"product-type-variable"},"_links":{"self":[{"href":"https:\/\/holycrossretreat.org\/es\/wp-json\/wp\/v2\/product\/9076","targetHints":{"allow":["GET"]}}],"collection":[{"href":"https:\/\/holycrossretreat.org\/es\/wp-json\/wp\/v2\/product"}],"about":[{"href":"https:\/\/holycrossretreat.org\/es\/wp-json\/wp\/v2\/types\/product"}],"wp:featuredmedia":[{"embeddable":true,"href":"https:\/\/holycrossretreat.org\/es\/wp-json\/wp\/v2\/media\/9099"}],"wp:attachment":[{"href":"https:\/\/holycrossretreat.org\/es\/wp-json\/wp\/v2\/media?parent=9076"}],"wp:term":[{"taxonomy":"product_brand","embeddable":true,"href":"https:\/\/holycrossretreat.org\/es\/wp-json\/wp\/v2\/product_brand?post=9076"},{"taxonomy":"product_cat","embeddable":true,"href":"https:\/\/holycrossretreat.org\/es\/wp-json\/wp\/v2\/product_cat?post=9076"},{"taxonomy":"product_tag","embeddable":true,"href":"https:\/\/holycrossretreat.org\/es\/wp-json\/wp\/v2\/product_tag?post=9076"}],"curies":[{"name":"wp","href":"https:\/\/api.w.org\/{rel}","templated":true}]}}