{"id":8992,"date":"2024-03-12T11:02:47","date_gmt":"2024-03-12T15:02:47","guid":{"rendered":"https:\/\/holycrossretreat.org\/?post_type=product&#038;p=8992"},"modified":"2024-07-23T15:53:58","modified_gmt":"2024-07-23T19:53:58","slug":"silent-retreat-led-by-fr-tom-smith-ofm-conv","status":"publish","type":"product","link":"https:\/\/holycrossretreat.org\/es\/producto\/silent-retreat-led-by-fr-tom-smith-ofm-conv\/","title":{"rendered":"Retiro de silencio dirigido por el P. Tom Smith OFM Conv."},"content":{"rendered":"<ul>\n<li>Para muchos de nosotros existe un llamado al silencio, a encontrar nuestros corazones y a nuestro Se\u00f1or en el silencio. Este retiro ser\u00e1 en silencio, sin hablar durante las comidas ni entre presentaciones.  El horario ser\u00e1 ligero y la oportunidad de escuchar a Dios muy real. Podr\u00eda haber otras personas haciendo otros retiros tambi\u00e9n, pero habr\u00e1 mucho espacio para la tranquilidad y, si hace buen tiempo, podremos ir a un parque para pasar un rato tranquilo. Tambi\u00e9n puedes utilizar el Paseo del Rosario y el Laberinto como medio de meditaci\u00f3n y oraci\u00f3n. Para ver m\u00e1s detalles en un folleto haga clic\u00a0<strong><a href=\"https:\/\/holycrossretreat.org\/wp-content\/uploads\/2024\/05\/Silent-Retreat-June-28-30-2024-1.pdf\">aqu\u00ed<\/a>.<\/strong><\/li>\n<\/ul>\n<p>&nbsp;<\/p>\n<p>&nbsp;<\/p>","protected":false},"excerpt":{"rendered":"<p>Para muchos de nosotros existe un llamado al silencio, a encontrar nuestros corazones y a nuestro Se\u00f1or en el silencio. Este retiro ser\u00e1 en silencio, sin hablar durante las comidas ni entre presentaciones.  El horario ser\u00e1 ligero y la oportunidad de escuchar a Dios muy real. Podr\u00eda haber otras personas haciendo...<\/p>","protected":false},"featured_media":9100,"template":"","meta":{"_monsterinsights_skip_tracking":false,"_monsterinsights_sitenote_active":false,"_monsterinsights_sitenote_note":"","_monsterinsights_sitenote_category":0},"product_brand":[],"product_cat":[17],"product_tag":[],"class_list":{"0":"post-8992","1":"product","2":"type-product","3":"status-publish","4":"has-post-thumbnail","6":"product_cat-uncategorized","8":"first","9":"instock","10":"taxable","11":"shipping-taxable","12":"purchasable","13":"product-type-variable"},"_links":{"self":[{"href":"https:\/\/holycrossretreat.org\/es\/wp-json\/wp\/v2\/product\/8992","targetHints":{"allow":["GET"]}}],"collection":[{"href":"https:\/\/holycrossretreat.org\/es\/wp-json\/wp\/v2\/product"}],"about":[{"href":"https:\/\/holycrossretreat.org\/es\/wp-json\/wp\/v2\/types\/product"}],"wp:featuredmedia":[{"embeddable":true,"href":"https:\/\/holycrossretreat.org\/es\/wp-json\/wp\/v2\/media\/9100"}],"wp:attachment":[{"href":"https:\/\/holycrossretreat.org\/es\/wp-json\/wp\/v2\/media?parent=8992"}],"wp:term":[{"taxonomy":"product_brand","embeddable":true,"href":"https:\/\/holycrossretreat.org\/es\/wp-json\/wp\/v2\/product_brand?post=8992"},{"taxonomy":"product_cat","embeddable":true,"href":"https:\/\/holycrossretreat.org\/es\/wp-json\/wp\/v2\/product_cat?post=8992"},{"taxonomy":"product_tag","embeddable":true,"href":"https:\/\/holycrossretreat.org\/es\/wp-json\/wp\/v2\/product_tag?post=8992"}],"curies":[{"name":"wp","href":"https:\/\/api.w.org\/{rel}","templated":true}]}}