{"id":8963,"date":"2024-03-06T11:40:26","date_gmt":"2024-03-06T16:40:26","guid":{"rendered":"https:\/\/holycrossretreat.org\/?post_type=product&#038;p=8963"},"modified":"2024-07-23T17:00:08","modified_gmt":"2024-07-23T21:00:08","slug":"praying-our-experiences-led-by-henry-beck-ofm","status":"publish","type":"product","link":"https:\/\/holycrossretreat.org\/es\/producto\/praying-our-experiences-led-by-henry-beck-ofm\/","title":{"rendered":"Orando Nuestras Experiencias D\u00eda de Retiro con Henry Beck OFM"},"content":{"rendered":"<ul>\n<li>En este d\u00eda de reflexi\u00f3n miraremos nuestras experiencias de vida como el centro de nuestra oraci\u00f3n. Exploraremos conocernos a nosotros mismos como Dios nos conoce y algunos obst\u00e1culos que a veces tenemos para la oraci\u00f3n. Con suerte, creceremos para estar m\u00e1s disponibles para Dios tal como somos: con nuestro verdadero yo y nuestro falso yo.<\/li>\n<li>s\u00e1bado, 11 de mayo de 2024<br \/>\nPresencial o en l\u00ednea<br \/>\nInscripci\u00f3n: 8:30 am<br \/>\nPrograma: 9 am a 4 pm<br \/>\n(almuerzo incluido)<br \/>\n&gt; Por favor traiga un diario o un libro de composici\u00f3n.<\/li>\n<\/ul>\n<p>&nbsp;<\/p>\n<p>&nbsp;<\/p>","protected":false},"excerpt":{"rendered":"<p>En este d\u00eda de reflexi\u00f3n miraremos nuestras experiencias de vida como el centro de nuestra oraci\u00f3n. Exploraremos conocernos a nosotros mismos como Dios nos conoce y algunos obst\u00e1culos que a veces tenemos para la oraci\u00f3n. Con suerte, creceremos para estar m\u00e1s disponibles para Dios tal como somos: con nuestro Verdadero Ser y...<\/p>","protected":false},"featured_media":8991,"template":"","meta":{"_monsterinsights_skip_tracking":false,"_monsterinsights_sitenote_active":false,"_monsterinsights_sitenote_note":"","_monsterinsights_sitenote_category":0},"product_brand":[],"product_cat":[17],"product_tag":[],"class_list":{"0":"post-8963","1":"product","2":"type-product","3":"status-publish","4":"has-post-thumbnail","6":"product_cat-uncategorized","8":"first","9":"instock","10":"taxable","11":"shipping-taxable","12":"purchasable","13":"product-type-variable"},"_links":{"self":[{"href":"https:\/\/holycrossretreat.org\/es\/wp-json\/wp\/v2\/product\/8963","targetHints":{"allow":["GET"]}}],"collection":[{"href":"https:\/\/holycrossretreat.org\/es\/wp-json\/wp\/v2\/product"}],"about":[{"href":"https:\/\/holycrossretreat.org\/es\/wp-json\/wp\/v2\/types\/product"}],"wp:featuredmedia":[{"embeddable":true,"href":"https:\/\/holycrossretreat.org\/es\/wp-json\/wp\/v2\/media\/8991"}],"wp:attachment":[{"href":"https:\/\/holycrossretreat.org\/es\/wp-json\/wp\/v2\/media?parent=8963"}],"wp:term":[{"taxonomy":"product_brand","embeddable":true,"href":"https:\/\/holycrossretreat.org\/es\/wp-json\/wp\/v2\/product_brand?post=8963"},{"taxonomy":"product_cat","embeddable":true,"href":"https:\/\/holycrossretreat.org\/es\/wp-json\/wp\/v2\/product_cat?post=8963"},{"taxonomy":"product_tag","embeddable":true,"href":"https:\/\/holycrossretreat.org\/es\/wp-json\/wp\/v2\/product_tag?post=8963"}],"curies":[{"name":"wp","href":"https:\/\/api.w.org\/{rel}","templated":true}]}}