{"id":8891,"date":"2024-01-10T18:51:44","date_gmt":"2024-01-10T23:51:44","guid":{"rendered":"https:\/\/holycrossretreat.org\/?post_type=product&#038;p=8891"},"modified":"2024-04-17T11:31:41","modified_gmt":"2024-04-17T15:31:41","slug":"path-to-joy-pathways-of-transformation-by-fr-henry-beck-ofm","status":"publish","type":"product","link":"https:\/\/holycrossretreat.org\/es\/producto\/path-to-joy-pathways-of-transformation-by-fr-henry-beck-ofm\/","title":{"rendered":"Camino a la alegr\u00eda: Caminos de transformaci\u00f3n por el P. Henry Beck OFM"},"content":{"rendered":"<ul>\n<li>Durante este fin de semana de retiro, reflexionaremos juntos sobre varios <b>caminos transformadores<\/b>: seguir nuestros deseos m\u00e1s profundos, descubrir nuestro verdadero yo, abrazar una intimidad sana, encontrar gracia en nuestras heridas y p\u00e9rdidas y sencillez, que nos guiar\u00e1 hacia una vida m\u00e1s feliz.\u00a0 <b>P. Henry Beck, OFM, <\/b>Miembro del personal del Holy Cross Retreat Center, ser\u00e1 el facilitador de este retiro. \u00c9l<b>\u00a0<\/b>Ha realizado ministerio parroquial, ministerio universitario, ayud\u00f3 a comenzar una nueva misi\u00f3n franciscana en Jamaica, realiz\u00f3 ministerio de formaci\u00f3n e hizo ministerio de retiros en Pensilvania. Ahora es miembro del personal de tiempo completo de HCRC. Para ver un folleto, haga clic<a href=\"https:\/\/holycrossretreat.org\/wp-content\/uploads\/2024\/01\/Encountering-God-in-Creation-May-17-19-2024.pdf\"><strong> aqu\u00ed<\/strong><\/a><\/li>\n<\/ul>\n<p>&nbsp;<\/p>\n<p>&nbsp;<\/p>","protected":false},"excerpt":{"rendered":"<p>Durante este fin de semana de retiro, reflexionaremos juntos sobre varios caminos transformadores: seguir nuestros deseos m\u00e1s profundos, descubrir nuestro verdadero yo, abrazar una intimidad saludable, encontrar gracia en nuestras heridas y p\u00e9rdidas, y simplicidad, que nos guiar\u00e1 hacia una vida m\u00e1s feliz. P. Henry Beck, OFM, miembro del personal del Holy Cross Retreat Center, ser\u00e1 el\u2026<\/p>","protected":false},"featured_media":8901,"template":"","meta":{"_monsterinsights_skip_tracking":false,"_monsterinsights_sitenote_active":false,"_monsterinsights_sitenote_note":"","_monsterinsights_sitenote_category":0},"product_brand":[],"product_cat":[17],"product_tag":[],"class_list":{"0":"post-8891","1":"product","2":"type-product","3":"status-publish","4":"has-post-thumbnail","6":"product_cat-uncategorized","8":"first","9":"instock","10":"taxable","11":"shipping-taxable","12":"purchasable","13":"product-type-variable"},"_links":{"self":[{"href":"https:\/\/holycrossretreat.org\/es\/wp-json\/wp\/v2\/product\/8891","targetHints":{"allow":["GET"]}}],"collection":[{"href":"https:\/\/holycrossretreat.org\/es\/wp-json\/wp\/v2\/product"}],"about":[{"href":"https:\/\/holycrossretreat.org\/es\/wp-json\/wp\/v2\/types\/product"}],"wp:featuredmedia":[{"embeddable":true,"href":"https:\/\/holycrossretreat.org\/es\/wp-json\/wp\/v2\/media\/8901"}],"wp:attachment":[{"href":"https:\/\/holycrossretreat.org\/es\/wp-json\/wp\/v2\/media?parent=8891"}],"wp:term":[{"taxonomy":"product_brand","embeddable":true,"href":"https:\/\/holycrossretreat.org\/es\/wp-json\/wp\/v2\/product_brand?post=8891"},{"taxonomy":"product_cat","embeddable":true,"href":"https:\/\/holycrossretreat.org\/es\/wp-json\/wp\/v2\/product_cat?post=8891"},{"taxonomy":"product_tag","embeddable":true,"href":"https:\/\/holycrossretreat.org\/es\/wp-json\/wp\/v2\/product_tag?post=8891"}],"curies":[{"name":"wp","href":"https:\/\/api.w.org\/{rel}","templated":true}]}}