{"id":8880,"date":"2024-01-09T18:00:17","date_gmt":"2024-01-09T23:00:17","guid":{"rendered":"https:\/\/holycrossretreat.org\/?post_type=product&#038;p=8880"},"modified":"2025-01-02T13:52:22","modified_gmt":"2025-01-02T18:52:22","slug":"encountering-god-in-creation","status":"publish","type":"product","link":"https:\/\/holycrossretreat.org\/es\/producto\/encountering-god-in-creation\/","title":{"rendered":"El encuentro con Dios en la creaci\u00f3n"},"content":{"rendered":"<ul>\n<li>\u00a0\u00a0\u00a0\u00a0 San Francisco de As\u00eds ten\u00eda un gran amor por toda la creaci\u00f3n y su espiritualidad se vio enriquecida por el descubrimiento de la presencia de Dios a su alrededor. Este retiro nos da la oportunidad de estar m\u00e1s atentos a Dios en el amanecer, la oscuridad, en las personas e incluso en el efecto que tenemos en el medio ambiente. T\u00f3mese un poco de tiempo para concentrarse en la naturaleza divina durante este retiro. Para ver un folleto, haga clic<a href=\"https:\/\/holycrossretreat.org\/wp-content\/uploads\/2024\/01\/Encountering-God-in-Creation-May-17-19-2024.pdf\"><strong> aqu\u00ed<\/strong><\/a><\/li>\n<\/ul>\n<p>&nbsp;<\/p>\n<p>&nbsp;<\/p>","protected":false},"excerpt":{"rendered":"<p>\u00a0\u00a0\u00a0\u00a0 San Francisco de As\u00eds ten\u00eda un gran amor por toda la creaci\u00f3n y su espiritualidad se vio enriquecida por el descubrimiento de la presencia de Dios a su alrededor. Este retiro nos da la oportunidad de estar m\u00e1s atentos a Dios en el amanecer, la oscuridad, en las personas e incluso en el efecto que tenemos en el medio ambiente. \u2026<\/p>","protected":false},"featured_media":8990,"template":"","meta":{"_monsterinsights_skip_tracking":false,"_monsterinsights_sitenote_active":false,"_monsterinsights_sitenote_note":"","_monsterinsights_sitenote_category":0},"product_brand":[],"product_cat":[17],"product_tag":[],"class_list":{"0":"post-8880","1":"product","2":"type-product","3":"status-publish","4":"has-post-thumbnail","6":"product_cat-uncategorized","8":"first","9":"instock","10":"taxable","11":"shipping-taxable","12":"purchasable","13":"product-type-variable"},"_links":{"self":[{"href":"https:\/\/holycrossretreat.org\/es\/wp-json\/wp\/v2\/product\/8880","targetHints":{"allow":["GET"]}}],"collection":[{"href":"https:\/\/holycrossretreat.org\/es\/wp-json\/wp\/v2\/product"}],"about":[{"href":"https:\/\/holycrossretreat.org\/es\/wp-json\/wp\/v2\/types\/product"}],"wp:featuredmedia":[{"embeddable":true,"href":"https:\/\/holycrossretreat.org\/es\/wp-json\/wp\/v2\/media\/8990"}],"wp:attachment":[{"href":"https:\/\/holycrossretreat.org\/es\/wp-json\/wp\/v2\/media?parent=8880"}],"wp:term":[{"taxonomy":"product_brand","embeddable":true,"href":"https:\/\/holycrossretreat.org\/es\/wp-json\/wp\/v2\/product_brand?post=8880"},{"taxonomy":"product_cat","embeddable":true,"href":"https:\/\/holycrossretreat.org\/es\/wp-json\/wp\/v2\/product_cat?post=8880"},{"taxonomy":"product_tag","embeddable":true,"href":"https:\/\/holycrossretreat.org\/es\/wp-json\/wp\/v2\/product_tag?post=8880"}],"curies":[{"name":"wp","href":"https:\/\/api.w.org\/{rel}","templated":true}]}}