{"id":8866,"date":"2024-01-09T16:47:13","date_gmt":"2024-01-09T21:47:13","guid":{"rendered":"https:\/\/holycrossretreat.org\/?post_type=product&#038;p=8866"},"modified":"2024-04-22T15:25:05","modified_gmt":"2024-04-22T19:25:05","slug":"recovering-alcoholics-and-alanon-retreat-with-fr-tom-weston-sj","status":"publish","type":"product","link":"https:\/\/holycrossretreat.org\/es\/producto\/recovering-alcoholics-and-alanon-retreat-with-fr-tom-weston-sj\/","title":{"rendered":"Alcoh\u00f3licos en recuperaci\u00f3n y retiro de Al-Anon con el P. Tom Weston SJ"},"content":{"rendered":"<p><strong>\u00a0Padre Thomas C. Weston, SJ<\/strong>., ha estado involucrado en Programas de 12 Pasos desde 1976. Ex Director del Cuerpo de Voluntarios Jesuitas y maestro en la Escuela Secundaria Loyola en Los \u00c1ngeles, tiene t\u00edtulos y experiencia en consejer\u00eda, educaci\u00f3n y teolog\u00eda. Asesora, dirige talleres y seminarios, y predica retiros a nivel internacional. Vive y reside en Oakland, California. Sus retiros son bien recibidos y es bueno registrarse temprano. \u00a1Esto puede cambiar tu vida!<\/p>\n<p>Puede registrarse en l\u00ednea, llamar al 575 524-3688, o hacer clic<strong><a href=\"https:\/\/holycrossretreat.org\/wp-content\/uploads\/2024\/01\/Spring-Retreat-2024-Tom-Weston.pdf\"> aqu\u00ed <\/a><\/strong>para un folleto.<\/p>\n<p>&nbsp;<\/p>\n<p>&nbsp;<\/p>\n<p>&nbsp;<\/p>","protected":false},"excerpt":{"rendered":"<p>\u00a0P. Thomas C. Weston, SJ, ha estado involucrado en Programas de 12 Pasos desde 1976. Ex Director del Cuerpo de Voluntarios Jesuitas y maestro en la Escuela Secundaria Loyola en Los \u00c1ngeles, tiene t\u00edtulos y experiencia en consejer\u00eda, educaci\u00f3n y teolog\u00eda. Asesora, dirige talleres y seminarios, y predica retiros a nivel internacional. \u00c9l vive y reside\u2026<\/p>","protected":false},"featured_media":8727,"template":"","meta":{"_monsterinsights_skip_tracking":false,"_monsterinsights_sitenote_active":false,"_monsterinsights_sitenote_note":"","_monsterinsights_sitenote_category":0},"product_brand":[],"product_cat":[17],"product_tag":[],"class_list":{"0":"post-8866","1":"product","2":"type-product","3":"status-publish","4":"has-post-thumbnail","6":"product_cat-uncategorized","8":"first","9":"instock","10":"taxable","11":"shipping-taxable","12":"purchasable","13":"product-type-variable"},"_links":{"self":[{"href":"https:\/\/holycrossretreat.org\/es\/wp-json\/wp\/v2\/product\/8866","targetHints":{"allow":["GET"]}}],"collection":[{"href":"https:\/\/holycrossretreat.org\/es\/wp-json\/wp\/v2\/product"}],"about":[{"href":"https:\/\/holycrossretreat.org\/es\/wp-json\/wp\/v2\/types\/product"}],"wp:featuredmedia":[{"embeddable":true,"href":"https:\/\/holycrossretreat.org\/es\/wp-json\/wp\/v2\/media\/8727"}],"wp:attachment":[{"href":"https:\/\/holycrossretreat.org\/es\/wp-json\/wp\/v2\/media?parent=8866"}],"wp:term":[{"taxonomy":"product_brand","embeddable":true,"href":"https:\/\/holycrossretreat.org\/es\/wp-json\/wp\/v2\/product_brand?post=8866"},{"taxonomy":"product_cat","embeddable":true,"href":"https:\/\/holycrossretreat.org\/es\/wp-json\/wp\/v2\/product_cat?post=8866"},{"taxonomy":"product_tag","embeddable":true,"href":"https:\/\/holycrossretreat.org\/es\/wp-json\/wp\/v2\/product_tag?post=8866"}],"curies":[{"name":"wp","href":"https:\/\/api.w.org\/{rel}","templated":true}]}}