{"id":8855,"date":"2024-01-09T16:28:10","date_gmt":"2024-01-09T21:28:10","guid":{"rendered":"https:\/\/holycrossretreat.org\/?post_type=product&#038;p=8855"},"modified":"2026-01-28T16:10:31","modified_gmt":"2026-01-28T21:10:31","slug":"healing-power-of-forgiveness","status":"publish","type":"product","link":"https:\/\/holycrossretreat.org\/es\/producto\/healing-power-of-forgiveness\/","title":{"rendered":"Sanaci\u00f3n y perd\u00f3n con el P. Tom Smith, OFM Conv"},"content":{"rendered":"<p>Todos necesitamos perdonar y ser perdonados. Sin perd\u00f3n, nunca podremos sanar realmente nuestro interior. Este retiro nos brindar\u00e1 un tiempo para repasar las Escrituras, historias de la vida real (por ejemplo, cuando los ni\u00f1os Amish fueron asesinados en una escuela) y reflexionar sobre c\u00f3mo promover la sanaci\u00f3n en nuestras propias vidas. Escucharemos, conversaremos, tendremos tiempo a solas y tambi\u00e9n para celebrar la vida renovada.<\/p>\n<p>&nbsp;<\/p>\n<p>&nbsp;<\/p>","protected":false},"excerpt":{"rendered":"<p>We all need to forgive, and be forgiven.\u00a0 Without forgiveness we can never really heal within ourselvess. This retreat will provide a time to review the Scriptures, stories from real life (eg, when the Amish children were killed in a school), and consider how to promote healing in our own lives.\u00a0 We will listen, talk,&#8230;<\/p>","protected":false},"featured_media":9931,"template":"","meta":{"_monsterinsights_skip_tracking":false,"_monsterinsights_sitenote_active":false,"_monsterinsights_sitenote_note":"","_monsterinsights_sitenote_category":0},"product_brand":[],"product_cat":[42],"product_tag":[],"class_list":{"0":"post-8855","1":"product","2":"type-product","3":"status-publish","4":"has-post-thumbnail","6":"product_cat-retreats","8":"first","9":"instock","10":"taxable","11":"shipping-taxable","12":"purchasable","13":"product-type-variable"},"_links":{"self":[{"href":"https:\/\/holycrossretreat.org\/es\/wp-json\/wp\/v2\/product\/8855","targetHints":{"allow":["GET"]}}],"collection":[{"href":"https:\/\/holycrossretreat.org\/es\/wp-json\/wp\/v2\/product"}],"about":[{"href":"https:\/\/holycrossretreat.org\/es\/wp-json\/wp\/v2\/types\/product"}],"wp:featuredmedia":[{"embeddable":true,"href":"https:\/\/holycrossretreat.org\/es\/wp-json\/wp\/v2\/media\/9931"}],"wp:attachment":[{"href":"https:\/\/holycrossretreat.org\/es\/wp-json\/wp\/v2\/media?parent=8855"}],"wp:term":[{"taxonomy":"product_brand","embeddable":true,"href":"https:\/\/holycrossretreat.org\/es\/wp-json\/wp\/v2\/product_brand?post=8855"},{"taxonomy":"product_cat","embeddable":true,"href":"https:\/\/holycrossretreat.org\/es\/wp-json\/wp\/v2\/product_cat?post=8855"},{"taxonomy":"product_tag","embeddable":true,"href":"https:\/\/holycrossretreat.org\/es\/wp-json\/wp\/v2\/product_tag?post=8855"}],"curies":[{"name":"wp","href":"https:\/\/api.w.org\/{rel}","templated":true}]}}