{"id":8839,"date":"2024-01-09T15:59:39","date_gmt":"2024-01-09T20:59:39","guid":{"rendered":"https:\/\/holycrossretreat.org\/?post_type=product&#038;p=8839"},"modified":"2024-02-22T12:16:57","modified_gmt":"2024-02-22T17:16:57","slug":"contemplative-retreat","status":"publish","type":"product","link":"https:\/\/holycrossretreat.org\/es\/producto\/contemplative-retreat\/","title":{"rendered":"Retiro contemplativo"},"content":{"rendered":"<ul>\n<li>\u201c\u00bfY qu\u00e9 exige el Se\u00f1or de vosotros? A actuar con justicia y amar la misericordia y caminar humildemente con tu Dios\u201d. Miqueas 6:8 \u00bfSientes que necesitas reequilibrar tu vida? tu ministerio? \u00bftu coraz\u00f3n? Hay momentos en los que quedamos atrapados en un aspecto de nuestras vidas y no siempre mantenemos una conciencia clara de nuestra espiritualidad y de c\u00f3mo gu\u00eda el resto de nuestras vidas. Mar\u00eda y Marta, Jes\u00fas y Francisco de As\u00eds son ejemplos de personas que se tomaron tiempo para orar y, sin embargo, tambi\u00e9n vivieron plenamente su fe. Tendr\u00e1s tiempo para compartir y tambi\u00e9n para la tranquilidad. Dirigido por el P. Tom Smith OFM Conv. Para ver un folleto, haga clic<a href=\"https:\/\/holycrossretreat.org\/wp-content\/uploads\/2024\/01\/Contemplative-retreat-Feb.-23-25-2024.pdf\"><strong> aqu\u00ed<\/strong><\/a><\/li>\n<\/ul>\n<p>&nbsp;<\/p>\n<p>&nbsp;<\/p>","protected":false},"excerpt":{"rendered":"<p>\u201c\u00bfY qu\u00e9 exige el Se\u00f1or de vosotros? A actuar con justicia y amar la misericordia y caminar humildemente con tu Dios\u201d. Miqueas 6:8 \u00bfSientes que necesitas reequilibrar tu vida? tu ministerio? \u00bftu coraz\u00f3n? Hay momentos en los que nos quedamos atrapados en un aspecto de nuestras vidas y no siempre\u2026<\/p>","protected":false},"featured_media":8877,"template":"","meta":{"_monsterinsights_skip_tracking":false,"_monsterinsights_sitenote_active":false,"_monsterinsights_sitenote_note":"","_monsterinsights_sitenote_category":0},"product_brand":[],"product_cat":[17],"product_tag":[],"class_list":{"0":"post-8839","1":"product","2":"type-product","3":"status-publish","4":"has-post-thumbnail","6":"product_cat-uncategorized","8":"first","9":"instock","10":"taxable","11":"shipping-taxable","12":"purchasable","13":"product-type-variable"},"_links":{"self":[{"href":"https:\/\/holycrossretreat.org\/es\/wp-json\/wp\/v2\/product\/8839","targetHints":{"allow":["GET"]}}],"collection":[{"href":"https:\/\/holycrossretreat.org\/es\/wp-json\/wp\/v2\/product"}],"about":[{"href":"https:\/\/holycrossretreat.org\/es\/wp-json\/wp\/v2\/types\/product"}],"wp:featuredmedia":[{"embeddable":true,"href":"https:\/\/holycrossretreat.org\/es\/wp-json\/wp\/v2\/media\/8877"}],"wp:attachment":[{"href":"https:\/\/holycrossretreat.org\/es\/wp-json\/wp\/v2\/media?parent=8839"}],"wp:term":[{"taxonomy":"product_brand","embeddable":true,"href":"https:\/\/holycrossretreat.org\/es\/wp-json\/wp\/v2\/product_brand?post=8839"},{"taxonomy":"product_cat","embeddable":true,"href":"https:\/\/holycrossretreat.org\/es\/wp-json\/wp\/v2\/product_cat?post=8839"},{"taxonomy":"product_tag","embeddable":true,"href":"https:\/\/holycrossretreat.org\/es\/wp-json\/wp\/v2\/product_tag?post=8839"}],"curies":[{"name":"wp","href":"https:\/\/api.w.org\/{rel}","templated":true}]}}