{"id":8828,"date":"2023-12-05T16:18:30","date_gmt":"2023-12-05T21:18:30","guid":{"rendered":"https:\/\/holycrossretreat.org\/?post_type=product&#038;p=8828"},"modified":"2024-07-23T17:20:36","modified_gmt":"2024-07-23T21:20:36","slug":"lenten-evening-series-on-the-chosen-videos","status":"publish","type":"product","link":"https:\/\/holycrossretreat.org\/es\/producto\/lenten-evening-series-on-the-chosen-videos\/","title":{"rendered":"Serie vespertina de Cuaresma sobre videos de \u201cThe Chosen\u201d"},"content":{"rendered":"<p>Ven y \u00fanete a otras personas que deseen profundizar su oraci\u00f3n y su vida espiritual durante esta temporada de Cuaresma. La Cuaresma es el retiro primaveral de la Iglesia mientras apoyamos a quienes ingresan a la Iglesia en Pascua y mientras nosotros, los creyentes veteranos, renovamos nuestros propios compromisos con nuestro Buen Dios y la comunidad de la Iglesia. Habr\u00e1 tiempo para la oraci\u00f3n y la reflexi\u00f3n y para ver y reflexionar juntos sobre varios episodios de la serie \u201cLos Elegidos\u201d sobre la vida de Jes\u00fas y las respuestas de quienes lo rodean.<\/p>\n<p>Para ver un folleto, haga clic\u00a0<strong><a href=\"https:\/\/holycrossretreat.org\/wp-content\/uploads\/2023\/12\/Lenten-Evening-Series-2024h.pdf\">aqu\u00ed<\/a>. O puede registrarse en l\u00ednea.<\/strong><\/p>\n<p>&nbsp;<\/p>\n<p>&nbsp;<\/p>\n<p>&nbsp;<\/p>","protected":false},"excerpt":{"rendered":"<p>Ven y \u00fanete a otras personas que deseen profundizar su oraci\u00f3n y su vida espiritual durante este tiempo de Cuaresma. La Cuaresma es el retiro primaveral de la Iglesia, en el que apoyamos a quienes se unen a la Iglesia en Pascua y en el que los creyentes veteranos renovamos nuestros propios compromisos con nuestro Buen Dios y la comunidad de la Iglesia. Habr\u00e1 tiempo\u2026<\/p>","protected":false},"featured_media":8829,"template":"","meta":{"_monsterinsights_skip_tracking":false,"_monsterinsights_sitenote_active":false,"_monsterinsights_sitenote_note":"","_monsterinsights_sitenote_category":0},"product_brand":[],"product_cat":[17],"product_tag":[],"class_list":{"0":"post-8828","1":"product","2":"type-product","3":"status-publish","4":"has-post-thumbnail","6":"product_cat-uncategorized","8":"first","9":"instock","10":"taxable","11":"shipping-taxable","12":"purchasable","13":"product-type-simple"},"_links":{"self":[{"href":"https:\/\/holycrossretreat.org\/es\/wp-json\/wp\/v2\/product\/8828","targetHints":{"allow":["GET"]}}],"collection":[{"href":"https:\/\/holycrossretreat.org\/es\/wp-json\/wp\/v2\/product"}],"about":[{"href":"https:\/\/holycrossretreat.org\/es\/wp-json\/wp\/v2\/types\/product"}],"wp:featuredmedia":[{"embeddable":true,"href":"https:\/\/holycrossretreat.org\/es\/wp-json\/wp\/v2\/media\/8829"}],"wp:attachment":[{"href":"https:\/\/holycrossretreat.org\/es\/wp-json\/wp\/v2\/media?parent=8828"}],"wp:term":[{"taxonomy":"product_brand","embeddable":true,"href":"https:\/\/holycrossretreat.org\/es\/wp-json\/wp\/v2\/product_brand?post=8828"},{"taxonomy":"product_cat","embeddable":true,"href":"https:\/\/holycrossretreat.org\/es\/wp-json\/wp\/v2\/product_cat?post=8828"},{"taxonomy":"product_tag","embeddable":true,"href":"https:\/\/holycrossretreat.org\/es\/wp-json\/wp\/v2\/product_tag?post=8828"}],"curies":[{"name":"wp","href":"https:\/\/api.w.org\/{rel}","templated":true}]}}