{"id":8728,"date":"2023-06-28T15:23:30","date_gmt":"2023-06-28T19:23:30","guid":{"rendered":"https:\/\/holycrossretreat.org\/?post_type=product&#038;p=8728"},"modified":"2024-02-22T12:11:33","modified_gmt":"2024-02-22T17:11:33","slug":"retreat-on-st-clare-light-for-our-time","status":"publish","type":"product","link":"https:\/\/holycrossretreat.org\/es\/producto\/retreat-on-st-clare-light-for-our-time\/","title":{"rendered":"Semana de Oraci\u00f3n por la Unidad de los Cristianos 6:30 pm"},"content":{"rendered":"<p><img loading=\"lazy\" decoding=\"async\" class=\"alignnone size-full wp-image-8825\" src=\"https:\/\/holycrossretreat.org\/wp-content\/uploads\/2023\/12\/jhanneman-picture.webp\" alt=\"\" width=\"138\" height=\"176\" srcset=\"https:\/\/holycrossretreat.org\/wp-content\/uploads\/2023\/12\/jhanneman-picture.webp 138w, https:\/\/holycrossretreat.org\/wp-content\/uploads\/2023\/12\/jhanneman-picture-9x12.webp 9w, https:\/\/holycrossretreat.org\/wp-content\/uploads\/2023\/12\/jhanneman-picture-118x150.webp 118w, https:\/\/holycrossretreat.org\/wp-content\/uploads\/2023\/12\/jhanneman-picture-50x64.webp 50w\" sizes=\"auto, (max-width: 138px) 100vw, 138px\" \/><strong>El Rev. Jonathan Hanneman, pastor de la Iglesia Episcopal St. Andrew, hablar\u00e1 sobre las formas en que podemos cooperar como cristianos para promover el amor de Cristo.<\/strong><\/p>\n<p><strong>Habr\u00e1 un servicio ecum\u00e9nico con cantos y oraci\u00f3n seguido de una breve recepci\u00f3n. Se llevar\u00e1 a cabo en la Iglesia Episcopal St. James, 102 St. James St., Las Cruces, NM. Puede ver un folleto.<\/strong> <a href=\"https:\/\/holycrossretreat.org\/wp-content\/uploads\/2023\/11\/Prayer-for-Christian-Unity-flyer-Jan-24-2024-for-web-site.pdf\">aqu\u00ed.<\/a>\u00a0 \u00a0 \u00a0<strong>Esperamos que pueda unirse a nosotros!<\/strong><\/p>\n<p><strong>P\u00f3ngase en contacto con el P. Tom Smith en Holy Cross Retreat Center para obtener m\u00e1s informaci\u00f3n.\u00a0 <\/strong><strong>575 524-3688<\/strong><\/p>\n<p>&nbsp;<\/p>\n<p>&nbsp;<\/p>","protected":false},"excerpt":{"rendered":"<p>El Rev. Jonathan Hanneman, pastor de la Iglesia Episcopal St. Andrew, hablar\u00e1 sobre las formas en que podemos cooperar como cristianos para promover el amor de Cristo. Habr\u00e1 un servicio ecum\u00e9nico con cantos y oraci\u00f3n seguido de una breve recepci\u00f3n. Se llevar\u00e1 a cabo en la Iglesia Episcopal St. James, 102 St. James St., Las Cruces,\u2026<\/p>","protected":false},"featured_media":0,"template":"","meta":{"_monsterinsights_skip_tracking":false,"_monsterinsights_sitenote_active":false,"_monsterinsights_sitenote_note":"","_monsterinsights_sitenote_category":0},"product_brand":[],"product_cat":[17],"product_tag":[],"class_list":{"0":"post-8728","1":"product","2":"type-product","3":"status-publish","5":"product_cat-uncategorized","7":"first","8":"instock","9":"sale","10":"taxable","11":"shipping-taxable","12":"purchasable","13":"product-type-simple"},"_links":{"self":[{"href":"https:\/\/holycrossretreat.org\/es\/wp-json\/wp\/v2\/product\/8728","targetHints":{"allow":["GET"]}}],"collection":[{"href":"https:\/\/holycrossretreat.org\/es\/wp-json\/wp\/v2\/product"}],"about":[{"href":"https:\/\/holycrossretreat.org\/es\/wp-json\/wp\/v2\/types\/product"}],"wp:attachment":[{"href":"https:\/\/holycrossretreat.org\/es\/wp-json\/wp\/v2\/media?parent=8728"}],"wp:term":[{"taxonomy":"product_brand","embeddable":true,"href":"https:\/\/holycrossretreat.org\/es\/wp-json\/wp\/v2\/product_brand?post=8728"},{"taxonomy":"product_cat","embeddable":true,"href":"https:\/\/holycrossretreat.org\/es\/wp-json\/wp\/v2\/product_cat?post=8728"},{"taxonomy":"product_tag","embeddable":true,"href":"https:\/\/holycrossretreat.org\/es\/wp-json\/wp\/v2\/product_tag?post=8728"}],"curies":[{"name":"wp","href":"https:\/\/api.w.org\/{rel}","templated":true}]}}