{"id":8628,"date":"2023-06-02T16:24:52","date_gmt":"2023-06-02T20:24:52","guid":{"rendered":"https:\/\/holycrossretreat.org\/?post_type=product&#038;p=8628"},"modified":"2024-02-22T12:14:55","modified_gmt":"2024-02-22T17:14:55","slug":"grieving-retreat","status":"publish","type":"product","link":"https:\/\/holycrossretreat.org\/es\/producto\/grieving-retreat\/","title":{"rendered":"Espiritualidad encarnada: retiro de contemplaci\u00f3n y vida incondicional"},"content":{"rendered":"<ul>\n<li>Este fin de semana ofrecer\u00e1 una combinaci\u00f3n de experiencias de oraci\u00f3n, aportes para nuestra vida espiritual y tiempo para reflexionar y escribir un diario. Exploraremos nuestras im\u00e1genes de Dios y el sentido de \u201cbendici\u00f3n original\u201d (la morada del Esp\u00edritu Santo) en nuestra tradici\u00f3n m\u00edstica. Tambi\u00e9n reflexionaremos sobre nuestro \u201cverdadero yo\u201d y nuestro \u201cfalso yo\u201d, y c\u00f3mo una pr\u00e1ctica contemplativa dedicada permite a nuestro Dios Triuno, la Fuente del Amor, llevarnos a un lugar llamado \u201chogar\u201d.<\/li>\n<li>Para ver un folleto, haga clic<a href=\"https:\/\/holycrossretreat.org\/wp-content\/uploads\/2023\/12\/Incarnational-Spirituality-Retreat-Feb-9-to-11-2024.pdf\"> aqu\u00ed<\/a><\/li>\n<\/ul>\n<p>&nbsp;<\/p>\n<p>&nbsp;<\/p>","protected":false},"excerpt":{"rendered":"<p>Este fin de semana ofrecer\u00e1 una combinaci\u00f3n de experiencias de oraci\u00f3n, aportes para nuestra vida espiritual y tiempo para reflexionar y escribir un diario.  Exploraremos nuestras im\u00e1genes de Dios y el sentido de \u201cbendici\u00f3n original\u201d (la morada del Esp\u00edritu Santo) en nuestra tradici\u00f3n m\u00edstica.  Tambi\u00e9n reflexionaremos sobre nuestro \u201cverdadero yo\u201d y nuestro \u201cfalso yo\u201d\u2026<\/p>","protected":false},"featured_media":8879,"template":"","meta":{"_monsterinsights_skip_tracking":false,"_monsterinsights_sitenote_active":false,"_monsterinsights_sitenote_note":"","_monsterinsights_sitenote_category":0},"product_brand":[],"product_cat":[17],"product_tag":[],"class_list":{"0":"post-8628","1":"product","2":"type-product","3":"status-publish","4":"has-post-thumbnail","6":"product_cat-uncategorized","8":"first","9":"instock","10":"taxable","11":"shipping-taxable","12":"purchasable","13":"product-type-variable"},"_links":{"self":[{"href":"https:\/\/holycrossretreat.org\/es\/wp-json\/wp\/v2\/product\/8628","targetHints":{"allow":["GET"]}}],"collection":[{"href":"https:\/\/holycrossretreat.org\/es\/wp-json\/wp\/v2\/product"}],"about":[{"href":"https:\/\/holycrossretreat.org\/es\/wp-json\/wp\/v2\/types\/product"}],"wp:featuredmedia":[{"embeddable":true,"href":"https:\/\/holycrossretreat.org\/es\/wp-json\/wp\/v2\/media\/8879"}],"wp:attachment":[{"href":"https:\/\/holycrossretreat.org\/es\/wp-json\/wp\/v2\/media?parent=8628"}],"wp:term":[{"taxonomy":"product_brand","embeddable":true,"href":"https:\/\/holycrossretreat.org\/es\/wp-json\/wp\/v2\/product_brand?post=8628"},{"taxonomy":"product_cat","embeddable":true,"href":"https:\/\/holycrossretreat.org\/es\/wp-json\/wp\/v2\/product_cat?post=8628"},{"taxonomy":"product_tag","embeddable":true,"href":"https:\/\/holycrossretreat.org\/es\/wp-json\/wp\/v2\/product_tag?post=8628"}],"curies":[{"name":"wp","href":"https:\/\/api.w.org\/{rel}","templated":true}]}}