{"id":8617,"date":"2023-06-02T16:11:09","date_gmt":"2023-06-02T20:11:09","guid":{"rendered":"https:\/\/holycrossretreat.org\/?post_type=product&#038;p=8617"},"modified":"2023-10-16T22:39:44","modified_gmt":"2023-10-17T02:39:44","slug":"womens-retreat-dreams-parables-of-the-soul-with-sr-margarita-aremendariz","status":"publish","type":"product","link":"https:\/\/holycrossretreat.org\/es\/producto\/womens-retreat-dreams-parables-of-the-soul-with-sr-margarita-aremendariz\/","title":{"rendered":"Retiro de Mujeres \u201cSue\u00f1os: Par\u00e1bolas del Alma\u201d con Hna. Margarita Armend\u00e1riz"},"content":{"rendered":"<p>Este retiro ser\u00e1 dirigido por la Hna. Margarita Armend\u00e1riz y otros. Sor Margarita es muy versada en espiritualidad y oraci\u00f3n. Habr\u00e1 tiempo para escuchar y explorar los sue\u00f1os mientras le hablan a nuestra alma y nuestra relaci\u00f3n con Dios y con los dem\u00e1s. Puede disfrutar del entorno tranquilo en el Centro de Retiro de la Santa Cruz con su Capilla, Paseo del Rosario, Laberinto y espacios tranquilos.<\/p>\n<p>Esto puede ser una profunda inmersi\u00f3n espiritual. Viaje sin esfuerzo de regreso a su verdadera naturaleza y encuentre un estado mental tranquilo, claro y pac\u00edfico. La oraci\u00f3n y el silencio ayudar\u00e1n a renovar un mayor enfoque y alegr\u00eda.<\/p>\n<p>\u00a1Considere invitar a alguien a unirse a usted en este maravilloso retiro de fin de semana!\u00a0 <em><a href=\"https:\/\/holycrossretreat.org\/wp-content\/uploads\/2023\/06\/Women-Dreams-Retreat-Sept.-8-9-2023-1.pdf\">Folleto<\/a>\u00a0<\/em>con m\u00e1s informaci\u00f3n<\/p>\n<p>&nbsp;<\/p>\n<p>&nbsp;<\/p>","protected":false},"excerpt":{"rendered":"<p>Este retiro ser\u00e1 dirigido por Sor Margarita Armend\u00e1riz y otras personas.  Sor Margarita est\u00e1 muy versada en espiritualidad y oraci\u00f3n. Habr\u00e1 tiempo para escuchar y explorar los sue\u00f1os mientras hablan a nuestra alma y a nuestra relaci\u00f3n con Dios y con los dem\u00e1s.  Puede disfrutar del entorno tranquilo del Holy Cross Retreat Center con su\u2026<\/p>","protected":false},"featured_media":8627,"template":"","meta":{"_monsterinsights_skip_tracking":false,"_monsterinsights_sitenote_active":false,"_monsterinsights_sitenote_note":"","_monsterinsights_sitenote_category":0},"product_brand":[],"product_cat":[17],"product_tag":[],"class_list":{"0":"post-8617","1":"product","2":"type-product","3":"status-publish","4":"has-post-thumbnail","6":"product_cat-uncategorized","8":"first","9":"instock","10":"taxable","11":"shipping-taxable","12":"purchasable","13":"product-type-variable"},"_links":{"self":[{"href":"https:\/\/holycrossretreat.org\/es\/wp-json\/wp\/v2\/product\/8617","targetHints":{"allow":["GET"]}}],"collection":[{"href":"https:\/\/holycrossretreat.org\/es\/wp-json\/wp\/v2\/product"}],"about":[{"href":"https:\/\/holycrossretreat.org\/es\/wp-json\/wp\/v2\/types\/product"}],"wp:featuredmedia":[{"embeddable":true,"href":"https:\/\/holycrossretreat.org\/es\/wp-json\/wp\/v2\/media\/8627"}],"wp:attachment":[{"href":"https:\/\/holycrossretreat.org\/es\/wp-json\/wp\/v2\/media?parent=8617"}],"wp:term":[{"taxonomy":"product_brand","embeddable":true,"href":"https:\/\/holycrossretreat.org\/es\/wp-json\/wp\/v2\/product_brand?post=8617"},{"taxonomy":"product_cat","embeddable":true,"href":"https:\/\/holycrossretreat.org\/es\/wp-json\/wp\/v2\/product_cat?post=8617"},{"taxonomy":"product_tag","embeddable":true,"href":"https:\/\/holycrossretreat.org\/es\/wp-json\/wp\/v2\/product_tag?post=8617"}],"curies":[{"name":"wp","href":"https:\/\/api.w.org\/{rel}","templated":true}]}}