{"id":8576,"date":"2023-05-18T17:56:06","date_gmt":"2023-05-18T21:56:06","guid":{"rendered":"https:\/\/holycrossretreat.org\/?post_type=product&#038;p=8576"},"modified":"2023-08-25T21:31:07","modified_gmt":"2023-08-26T01:31:07","slug":"st-francis-and-pope-francis","status":"publish","type":"product","link":"https:\/\/holycrossretreat.org\/es\/producto\/st-francis-and-pope-francis\/","title":{"rendered":"San Francisco y el Papa Francisco"},"content":{"rendered":"<p>Cuando Jorge Bergoglio fue anunciado como el nuevo Papa y que su nombre papal ser\u00eda Francisco, estaba seguro de que era porque era jesuita y era despu\u00e9s de San Francisco Javier SJ. Sin embargo, cuando descubrimos que su modelo era San Francisco de As\u00eds, \u00a1estuve encantado! El Papa Francisco se ha inspirado en el esp\u00edritu y la vida del pobre hombre de As\u00eds de muchas maneras.<\/p>\n<p>Este retiro brindar\u00e1 ejemplos de formas de meditar en estos dos incre\u00edbles l\u00edderes de nuestra fe: en el servicio a los marginados, en su alegr\u00eda de vivir, en su alcance m\u00e1s all\u00e1 de la Iglesia Cat\u00f3lica y en sus formas sencillas de vivir. \u00a1Prep\u00e1rate para enriquecerte con ambos!<\/p>\n<p>Para ver o imprimir un folleto, haga clic en <a href=\"https:\/\/holycrossretreat.org\/wp-content\/uploads\/2023\/05\/St.-Francis-and-Pope-Francis-Aug.-25-17-2023.pdf\"><strong>aqu\u00ed.<\/strong><\/a><\/p>\n<p>&nbsp;<\/p>\n<p>&nbsp;<\/p>","protected":false},"excerpt":{"rendered":"<p>Cuando Jorge Bergoglio fue anunciado como el nuevo Papa y que su nombre papal ser\u00eda Francisco, estuve seguro de que era porque era jesuita y era despu\u00e9s de San Francisco Javier SJ. Sin embargo, cuando descubrimos que su modelo era San Francisco de As\u00eds, \u00a1qued\u00e9 encantado! El Papa Francisco se ha basado en...<\/p>","protected":false},"featured_media":8616,"template":"","meta":{"_monsterinsights_skip_tracking":false,"_monsterinsights_sitenote_active":false,"_monsterinsights_sitenote_note":"","_monsterinsights_sitenote_category":0},"product_brand":[],"product_cat":[17],"product_tag":[],"class_list":{"0":"post-8576","1":"product","2":"type-product","3":"status-publish","4":"has-post-thumbnail","6":"product_cat-uncategorized","8":"first","9":"instock","10":"taxable","11":"shipping-taxable","12":"purchasable","13":"product-type-variable"},"_links":{"self":[{"href":"https:\/\/holycrossretreat.org\/es\/wp-json\/wp\/v2\/product\/8576","targetHints":{"allow":["GET"]}}],"collection":[{"href":"https:\/\/holycrossretreat.org\/es\/wp-json\/wp\/v2\/product"}],"about":[{"href":"https:\/\/holycrossretreat.org\/es\/wp-json\/wp\/v2\/types\/product"}],"wp:featuredmedia":[{"embeddable":true,"href":"https:\/\/holycrossretreat.org\/es\/wp-json\/wp\/v2\/media\/8616"}],"wp:attachment":[{"href":"https:\/\/holycrossretreat.org\/es\/wp-json\/wp\/v2\/media?parent=8576"}],"wp:term":[{"taxonomy":"product_brand","embeddable":true,"href":"https:\/\/holycrossretreat.org\/es\/wp-json\/wp\/v2\/product_brand?post=8576"},{"taxonomy":"product_cat","embeddable":true,"href":"https:\/\/holycrossretreat.org\/es\/wp-json\/wp\/v2\/product_cat?post=8576"},{"taxonomy":"product_tag","embeddable":true,"href":"https:\/\/holycrossretreat.org\/es\/wp-json\/wp\/v2\/product_tag?post=8576"}],"curies":[{"name":"wp","href":"https:\/\/api.w.org\/{rel}","templated":true}]}}