{"id":8508,"date":"2023-04-29T09:36:50","date_gmt":"2023-04-29T13:36:50","guid":{"rendered":"https:\/\/holycrossretreat.org\/?post_type=product&#038;p=8508"},"modified":"2023-08-25T21:31:24","modified_gmt":"2023-08-26T01:31:24","slug":"the-healing-power-of-forgiveness-aug-11-13","status":"publish","type":"product","link":"https:\/\/holycrossretreat.org\/es\/producto\/the-healing-power-of-forgiveness-aug-11-13\/","title":{"rendered":"El poder sanador del perd\u00f3n"},"content":{"rendered":"<p>Todos necesitamos perdonar y ser perdonados. Sin el perd\u00f3n nunca podremos realmente sanar dentro de nosotros mismos.<\/p>\n<p>Este retiro brindar\u00e1 un tiempo para repasar las Escrituras, historias de la vida real (por ejemplo, cuando los ni\u00f1os Amish fueron asesinados en una escuela) y considerar c\u00f3mo sentir esa sanaci\u00f3n en nuestras propias vidas. Escucharemos, hablaremos, tendremos tiempo a solas y tambi\u00e9n tiempo para celebrar la vida renovada.<\/p>\n<p><b> Puedes imprimir un <\/b><a href=\"https:\/\/holycrossretreat.org\/wp-content\/uploads\/2023\/04\/Healing-Power-of-Forgiveness-Aug.-11-13-2023.pdf\">folleto<\/a>\u00a0<strong>para m\u00e1s detalles.<\/strong><\/p>\n<p>&nbsp;<\/p>\n<p>&nbsp;<\/p>","protected":false},"excerpt":{"rendered":"<p>Todos necesitamos perdonar y ser perdonados. Sin perd\u00f3n nunca podremos sanar realmente dentro de nosotros mismos. Este retiro brindar\u00e1 un tiempo para repasar las Escrituras, historias de la vida real (por ejemplo, cuando los ni\u00f1os Amish fueron asesinados en una escuela) y considerar c\u00f3mo sentir esa sanaci\u00f3n en nuestras propias vidas. Escucharemos,\u2026<\/p>","protected":false},"featured_media":8615,"template":"","meta":{"_monsterinsights_skip_tracking":false,"_monsterinsights_sitenote_active":false,"_monsterinsights_sitenote_note":"","_monsterinsights_sitenote_category":0},"product_brand":[],"product_cat":[17],"product_tag":[],"class_list":{"0":"post-8508","1":"product","2":"type-product","3":"status-publish","4":"has-post-thumbnail","6":"product_cat-uncategorized","8":"first","9":"instock","10":"taxable","11":"shipping-taxable","12":"purchasable","13":"product-type-variable"},"_links":{"self":[{"href":"https:\/\/holycrossretreat.org\/es\/wp-json\/wp\/v2\/product\/8508","targetHints":{"allow":["GET"]}}],"collection":[{"href":"https:\/\/holycrossretreat.org\/es\/wp-json\/wp\/v2\/product"}],"about":[{"href":"https:\/\/holycrossretreat.org\/es\/wp-json\/wp\/v2\/types\/product"}],"wp:featuredmedia":[{"embeddable":true,"href":"https:\/\/holycrossretreat.org\/es\/wp-json\/wp\/v2\/media\/8615"}],"wp:attachment":[{"href":"https:\/\/holycrossretreat.org\/es\/wp-json\/wp\/v2\/media?parent=8508"}],"wp:term":[{"taxonomy":"product_brand","embeddable":true,"href":"https:\/\/holycrossretreat.org\/es\/wp-json\/wp\/v2\/product_brand?post=8508"},{"taxonomy":"product_cat","embeddable":true,"href":"https:\/\/holycrossretreat.org\/es\/wp-json\/wp\/v2\/product_cat?post=8508"},{"taxonomy":"product_tag","embeddable":true,"href":"https:\/\/holycrossretreat.org\/es\/wp-json\/wp\/v2\/product_tag?post=8508"}],"curies":[{"name":"wp","href":"https:\/\/api.w.org\/{rel}","templated":true}]}}