{"id":8429,"date":"2023-03-17T13:02:12","date_gmt":"2023-03-17T17:02:12","guid":{"rendered":"https:\/\/holycrossretreat.org\/?post_type=product&#038;p=8429"},"modified":"2026-03-18T13:25:10","modified_gmt":"2026-03-18T17:25:10","slug":"pilgrimage-to-missions","status":"publish","type":"product","link":"https:\/\/holycrossretreat.org\/es\/producto\/pilgrimage-to-missions\/","title":{"rendered":"Peregrinaci\u00f3n a las primeras misiones franciscanas con el P. Tom Smith, OFM Conv."},"content":{"rendered":"<p>Esta peregrinaci\u00f3n brindar\u00e1 tiempo para visitar y experimentar las misiones principalmente a lo largo del Camino Real, el camino que sigue el R\u00edo Grande. Habr\u00e1 tiempo para conocer los antecedentes, las aportaciones de la poblaci\u00f3n local, misa y oraci\u00f3n todos los d\u00edas, y para el silencio y para explorar la cultura y el arte locales. Esperamos visitar varias misiones, como Espa\u00f1ola, Taos, Acoma, Ysleta, San Felipe en Albuquerque y Socorro. Seleccionaremos un hotel en Santa Fe y espero tener reservaciones en el Centro de Retiro Norbertine en Albuquerque. Cada persona o pareja tendr\u00eda que pagar su propio alojamiento, comidas y quiz\u00e1s una entrada. Solicitamos una contribuci\u00f3n de al menos $100.00 por persona si es posible para que Holy Cross Retreat Center apoye nuestro ministerio y orientaci\u00f3n durante la peregrinaci\u00f3n. Compartiremos el viaje para ahorrar costes. Puedes ver el folleto. <a href=\"https:\/\/holycrossretreat.org\/wp-content\/uploads\/2023\/03\/Pilgrimage-early-Franciscan-Missions-June-9-13-2025-1.pdf\">Peregrinaci\u00f3n a las primeras misiones franciscanas\u00a0<\/a>.<\/p>\n<p>&nbsp;<\/p>\n<p>&nbsp;<\/p>","protected":false},"excerpt":{"rendered":"<p>Esta peregrinaci\u00f3n brindar\u00e1 tiempo para visitar y experimentar las misiones principalmente a lo largo del Camino Real, el camino que sigui\u00f3 al R\u00edo Grande. Habr\u00e1 tiempo para los antecedentes, las aportaciones de la gente local, la misa y la oraci\u00f3n todos los d\u00edas, y para la tranquilidad, as\u00ed como para explorar la cultura y el arte locales. Esperamos visitar varias misiones,\u2026<\/p>","protected":false},"featured_media":9627,"template":"","meta":{"_monsterinsights_skip_tracking":false,"_monsterinsights_sitenote_active":false,"_monsterinsights_sitenote_note":"","_monsterinsights_sitenote_category":0},"product_brand":[],"product_cat":[42],"product_tag":[],"class_list":{"0":"post-8429","1":"product","2":"type-product","3":"status-publish","4":"has-post-thumbnail","6":"product_cat-retreats","8":"first","9":"instock","10":"taxable","11":"shipping-taxable","12":"purchasable","13":"product-type-variable"},"_links":{"self":[{"href":"https:\/\/holycrossretreat.org\/es\/wp-json\/wp\/v2\/product\/8429","targetHints":{"allow":["GET"]}}],"collection":[{"href":"https:\/\/holycrossretreat.org\/es\/wp-json\/wp\/v2\/product"}],"about":[{"href":"https:\/\/holycrossretreat.org\/es\/wp-json\/wp\/v2\/types\/product"}],"wp:featuredmedia":[{"embeddable":true,"href":"https:\/\/holycrossretreat.org\/es\/wp-json\/wp\/v2\/media\/9627"}],"wp:attachment":[{"href":"https:\/\/holycrossretreat.org\/es\/wp-json\/wp\/v2\/media?parent=8429"}],"wp:term":[{"taxonomy":"product_brand","embeddable":true,"href":"https:\/\/holycrossretreat.org\/es\/wp-json\/wp\/v2\/product_brand?post=8429"},{"taxonomy":"product_cat","embeddable":true,"href":"https:\/\/holycrossretreat.org\/es\/wp-json\/wp\/v2\/product_cat?post=8429"},{"taxonomy":"product_tag","embeddable":true,"href":"https:\/\/holycrossretreat.org\/es\/wp-json\/wp\/v2\/product_tag?post=8429"}],"curies":[{"name":"wp","href":"https:\/\/api.w.org\/{rel}","templated":true}]}}