{"id":8355,"date":"2023-03-01T13:23:08","date_gmt":"2023-03-01T18:23:08","guid":{"rendered":"https:\/\/holycrossretreat.org\/?post_type=product&#038;p=8355"},"modified":"2023-11-30T16:13:02","modified_gmt":"2023-11-30T21:13:02","slug":"young-adult-retreat-on-eucharist","status":"publish","type":"product","link":"https:\/\/holycrossretreat.org\/es\/producto\/young-adult-retreat-on-eucharist\/","title":{"rendered":"\u00a1Los hombres de verdad oran!"},"content":{"rendered":"<p>\u00bfCu\u00e1l es tu experiencia de oraci\u00f3n y de tu vida en Cristo? \u00bfTe gustar\u00eda enriquecer tu experiencia con un retiro especialmente para hombres? Holy Cross Retreat Center ofrece un lugar c\u00f3modo e inspirador para reflexionar y crecer en nuestra fe. Este puede ser un buen compa\u00f1ero para quienes participan en los retiros de ACTS, Ese hombre eres t\u00fa, as\u00ed como para quienes buscan una conciencia m\u00e1s profunda de Dios. Puedes ver un folleto<a href=\"https:\/\/holycrossretreat.org\/wp-content\/uploads\/2023\/10\/Mens-Spirituality-Nov.-10-12-2023.pdf\"><strong> aqu\u00ed<\/strong><\/a>.<\/p>\n<p>&nbsp;<\/p>\n<p>&nbsp;<\/p>\n<p>&nbsp;<\/p>\n<p>&nbsp;<\/p>","protected":false},"excerpt":{"rendered":"<p>\u00bfCu\u00e1l es tu experiencia de oraci\u00f3n y de tu vida en Cristo? \u00bfTe gustar\u00eda enriquecer tu experiencia con un retiro especialmente para hombres? Holy Cross Retreat Center ofrece un lugar c\u00f3modo e inspirador para reflexionar y crecer en nuestra fe. Este puede ser un buen compa\u00f1ero para aquellos involucrados en retiros de ACTS, Ese Hombre...<\/p>","protected":false},"featured_media":8799,"template":"","meta":{"_monsterinsights_skip_tracking":false,"_monsterinsights_sitenote_active":false,"_monsterinsights_sitenote_note":"","_monsterinsights_sitenote_category":0},"product_brand":[],"product_cat":[17],"product_tag":[],"class_list":{"0":"post-8355","1":"product","2":"type-product","3":"status-publish","4":"has-post-thumbnail","6":"product_cat-uncategorized","8":"first","9":"instock","10":"taxable","11":"shipping-taxable","12":"purchasable","13":"product-type-variable"},"_links":{"self":[{"href":"https:\/\/holycrossretreat.org\/es\/wp-json\/wp\/v2\/product\/8355","targetHints":{"allow":["GET"]}}],"collection":[{"href":"https:\/\/holycrossretreat.org\/es\/wp-json\/wp\/v2\/product"}],"about":[{"href":"https:\/\/holycrossretreat.org\/es\/wp-json\/wp\/v2\/types\/product"}],"wp:featuredmedia":[{"embeddable":true,"href":"https:\/\/holycrossretreat.org\/es\/wp-json\/wp\/v2\/media\/8799"}],"wp:attachment":[{"href":"https:\/\/holycrossretreat.org\/es\/wp-json\/wp\/v2\/media?parent=8355"}],"wp:term":[{"taxonomy":"product_brand","embeddable":true,"href":"https:\/\/holycrossretreat.org\/es\/wp-json\/wp\/v2\/product_brand?post=8355"},{"taxonomy":"product_cat","embeddable":true,"href":"https:\/\/holycrossretreat.org\/es\/wp-json\/wp\/v2\/product_cat?post=8355"},{"taxonomy":"product_tag","embeddable":true,"href":"https:\/\/holycrossretreat.org\/es\/wp-json\/wp\/v2\/product_tag?post=8355"}],"curies":[{"name":"wp","href":"https:\/\/api.w.org\/{rel}","templated":true}]}}