{"id":7989,"date":"2023-02-13T11:57:30","date_gmt":"2023-02-13T16:57:30","guid":{"rendered":"https:\/\/holycrossretreat.org\/?post_type=product&#038;p=7989"},"modified":"2023-03-17T20:54:38","modified_gmt":"2023-03-18T00:54:38","slug":"st-francis-and-mary-retreat-mar-3-5-2023","status":"publish","type":"product","link":"https:\/\/holycrossretreat.org\/es\/producto\/st-francis-and-mary-retreat-mar-3-5-2023\/","title":{"rendered":"Retiro sobre San Francisco y la Virgen Mar\u00eda"},"content":{"rendered":"<p>Para todos los franciscanos seglares y aquellos que aman a San Francisco de As\u00eds oa la Sant\u00edsima Virgen Mar\u00eda, este es un retiro para profundizar nuestra conciencia de la vida franciscana y la importancia de Mar\u00eda. Padre Tom Smith OFM Conv. estar\u00e1 guiando el retiro y Ray Apodaca brindar\u00e1 una secci\u00f3n especial sobre Nuestra Se\u00f1ora de Guadalupe. Comprobar el\u00a0<strong>folleto<\/strong> para m\u00e1s detalles, o llame al 575 524-3688, o reg\u00edstrese aqu\u00ed en l\u00ednea.<\/p>","protected":false},"excerpt":{"rendered":"<p><span id=\"page43R_mcid11\" class=\"markedContent\"><span dir=\"ltr\" role=\"presentation\">20 de mayo<\/span><span dir=\"ltr\" role=\"presentation\">&#8211;<\/span><span dir=\"ltr\" role=\"presentation\">22, 2022<\/span><\/span><\/p>","protected":false},"featured_media":0,"template":"","meta":{"_monsterinsights_skip_tracking":false,"_monsterinsights_sitenote_active":false,"_monsterinsights_sitenote_note":"","_monsterinsights_sitenote_category":0},"product_brand":[],"product_cat":[17],"product_tag":[],"class_list":{"0":"post-7989","1":"product","2":"type-product","3":"status-publish","5":"product_cat-uncategorized","7":"first","8":"instock","9":"taxable","10":"shipping-taxable","11":"purchasable","12":"product-type-variable"},"_links":{"self":[{"href":"https:\/\/holycrossretreat.org\/es\/wp-json\/wp\/v2\/product\/7989","targetHints":{"allow":["GET"]}}],"collection":[{"href":"https:\/\/holycrossretreat.org\/es\/wp-json\/wp\/v2\/product"}],"about":[{"href":"https:\/\/holycrossretreat.org\/es\/wp-json\/wp\/v2\/types\/product"}],"wp:attachment":[{"href":"https:\/\/holycrossretreat.org\/es\/wp-json\/wp\/v2\/media?parent=7989"}],"wp:term":[{"taxonomy":"product_brand","embeddable":true,"href":"https:\/\/holycrossretreat.org\/es\/wp-json\/wp\/v2\/product_brand?post=7989"},{"taxonomy":"product_cat","embeddable":true,"href":"https:\/\/holycrossretreat.org\/es\/wp-json\/wp\/v2\/product_cat?post=7989"},{"taxonomy":"product_tag","embeddable":true,"href":"https:\/\/holycrossretreat.org\/es\/wp-json\/wp\/v2\/product_tag?post=7989"}],"curies":[{"name":"wp","href":"https:\/\/api.w.org\/{rel}","templated":true}]}}