{"id":9638,"date":"2025-05-02T17:48:48","date_gmt":"2025-05-02T21:48:48","guid":{"rendered":"https:\/\/holycrossretreat.org\/?page_id=9638"},"modified":"2025-05-05T13:44:32","modified_gmt":"2025-05-05T17:44:32","slug":"labyrinth","status":"publish","type":"page","link":"https:\/\/holycrossretreat.org\/es\/labyrinth\/","title":{"rendered":"Laberinto"},"content":{"rendered":"<section class=\"l-section wpb_row height_huge with_img\"><div class=\"l-section-img\" role=\"img\" aria-label=\"Imagen\" data-img-width=\"965\" data-img-height=\"646\" style=\"background-image: url(https:\/\/holycrossretreat.org\/wp-content\/uploads\/2025\/05\/labyrinthpic.jpg);\"><\/div><div class=\"l-section-overlay\" style=\"background:rgba(0,0,0,0.6)\"><\/div><div class=\"l-section-h i-cf\"><div class=\"g-cols vc_row via_flex valign_top type_default stacking_default\"><div class=\"vc_col-sm-12 wpb_column vc_column_container\"><div class=\"vc_column-inner\"><div class=\"wpb_wrapper\"><div class=\"wpb_text_column\"><div class=\"wpb_wrapper\"><h2><span style=\"color: #ffffff;\"><strong>Laberinto<\/strong><\/span><\/h2>\n<\/div><\/div><\/div><\/div><\/div><\/div><\/div><\/section><section class=\"l-section wpb_row height_medium\"><div class=\"l-section-h i-cf\"><div class=\"g-cols vc_row via_flex valign_top type_default stacking_default\"><div class=\"vc_col-sm-8 wpb_column vc_column_container\"><div class=\"vc_column-inner\"><div class=\"wpb_wrapper\"><div class=\"wpb_text_column\"><div class=\"wpb_wrapper\"><h4><strong>Descubra el Laberinto de la Santa Cruz<\/strong><\/h4>\n<p>Un laberinto es una Oraci\u00f3n M\u00edstica en Movimiento. Es una herramienta para la oraci\u00f3n contemplativa y la meditaci\u00f3n. Tiene un solo camino que lleva tanto hacia dentro como hacia fuera del centro. Siempre se puede ver el centro. El destino est\u00e1 asegurado, permitiendo que la mente permanezca quieta y atenta.<\/p>\n<p>Recorrer el Laberinto despeja la mente y nos permite comprender mejor nuestro camino espiritual. El Laberinto es simplemente una herramienta para que muchas personas profundicen su vida de oraci\u00f3n. Cada entrada y salida del Laberinto es una oportunidad \u00fanica para encontrarnos con nuestro Dios creador y amoroso a trav\u00e9s de la oraci\u00f3n contemplativa.<\/p>\n<\/div><\/div><div class=\"wpb_text_column\"><div class=\"wpb_wrapper\"><h4><strong>Sugerencias para recorrer el laberinto<\/strong><\/h4>\n<p>El Laberinto puede ofrecer un momento para detener un problema en particular. <u>intenci\u00f3n a Dios<\/u>Como cuando intentas discernir la voluntad de Dios u orar por otra persona. Pero, con mayor frecuencia, un recorrido por el Laberinto es un momento para abrirte a Dios sin agendas.<\/p>\n<p><u>Antes de entrar al Laberinto, pasa unos momentos tranquilizando tu mente.<\/u> <u>preparaci\u00f3n para la experiencia<\/u>Observa tu respiraci\u00f3n y sinton\u00edzate con su ritmo mientras te tranquilizas para prepararte. Despu\u00e9s, quiz\u00e1s quieras rezar una oraci\u00f3n antes de comenzar la caminata.<\/p>\n<p>Al caminar hacia el centro, quiz\u00e1s quieras considerar las cosas que necesitas soltar para estar en la presencia de Dios. O quiz\u00e1s quieras aferrarte a una intenci\u00f3n por la que caminas.<\/p>\n<p><u>Camina a tu propio ritmo<\/u>\u2026que puede ser lento y mesurado o relativamente r\u00e1pido. El ritmo que te resulte adecuado es la velocidad adecuada para el Laberinto. Tambi\u00e9n puedes hacer pausas cuando quieras, en las curvas o en otros puntos del recorrido.<\/p>\n<p>Si otras personas recorren el Laberinto al mismo tiempo, puedes apartarte del camino para dejarlas pasar o detenerte para que te rodeen. Pueden saludarse mutuamente o concentrarse en su propio recorrido, seg\u00fan lo consideren oportuno.<\/p>\n<p>Al caminar, observa c\u00f3mo el sendero serpentea a veces cerca del centro, a veces cerca del borde. Esta es una met\u00e1fora de nuestros propios viajes espirituales. El camino que nos lleva a Dios puede acercarnos a su presencia a veces, y a veces alejarnos, a lo largo del camino.<\/p>\n<p>Al llegar al centro, puedes continuar de pie o sentado. Pasa tanto tiempo como desees en el centro del Laberinto.<\/p>\n<p>Cuando est\u00e9s listo, emprende el viaje de ida por el mismo camino que te llev\u00f3 al centro. Al repasar tus pasos, quiz\u00e1s quieras reflexionar sobre lo que recibiste de la experiencia.<\/p>\n<p>Al llegar a la salida del Laberinto, quiz\u00e1 quieras quedarte un rato en la zona. Puede ser un momento productivo para dibujar, escribir en tu diario o sentarte y disfrutar de la relativa quietud.<\/p>\n<p>Existe una larga tradici\u00f3n de laberintos en las catedrales cat\u00f3licas que se remonta a la Edad Media. Les agradecemos que compartan esta oraci\u00f3n.<\/p>\n<h4><strong>Una oraci\u00f3n laber\u00edntica<\/strong><\/h4>\n<p>Dios eterno, nos llamas a emprender aventuras cuyo fin no vemos, por caminos a\u00fan no transitados, a trav\u00e9s de peligros desconocidos. Danos fe para salir con valent\u00eda, sin saber ad\u00f3nde vamos, solo sabiendo que tu mano nos gu\u00eda y tu amor nos sostiene; por Jesucristo, nuestro Se\u00f1or. Am\u00e9n.<\/p>\n<\/div><\/div><\/div><\/div><\/div><div class=\"vc_col-sm-4 wpb_column vc_column_container\"><div class=\"vc_column-inner\"><div class=\"wpb_wrapper\"><div class=\"w-image align_center\"><a target=\"_blank\" rel=\"nofollow\" href=\"https:\/\/holycrossretreat.org\/wp-content\/uploads\/2025\/05\/Bilingual-Labyrinth-brochure-with-QR-code-.pdf\" aria-label=\"Imagen_4476\" class=\"w-image-h\"><img decoding=\"async\" width=\"300\" height=\"400\" src=\"https:\/\/holycrossretreat.org\/wp-content\/uploads\/2025\/05\/IMG_4476-300x400.jpg\" class=\"attachment-us_600_400 size-us_600_400\" alt=\"\" loading=\"lazy\" srcset=\"https:\/\/holycrossretreat.org\/wp-content\/uploads\/2025\/05\/IMG_4476-300x400.jpg 300w, https:\/\/holycrossretreat.org\/wp-content\/uploads\/2025\/05\/IMG_4476-225x300.jpg 225w, https:\/\/holycrossretreat.org\/wp-content\/uploads\/2025\/05\/IMG_4476-768x1024.jpg 768w, https:\/\/holycrossretreat.org\/wp-content\/uploads\/2025\/05\/IMG_4476-9x12.jpg 9w, https:\/\/holycrossretreat.org\/wp-content\/uploads\/2025\/05\/IMG_4476-113x150.jpg 113w, https:\/\/holycrossretreat.org\/wp-content\/uploads\/2025\/05\/IMG_4476-50x67.jpg 50w, https:\/\/holycrossretreat.org\/wp-content\/uploads\/2025\/05\/IMG_4476-600x800.jpg 600w, https:\/\/holycrossretreat.org\/wp-content\/uploads\/2025\/05\/IMG_4476-scaled.jpg 1815w\" sizes=\"auto, (max-width: 300px) 100vw, 300px\" \/><\/a><\/div><div class=\"wpb_text_column\"><div class=\"wpb_wrapper\"><p><a href=\"https:\/\/holycrossretreat.org\/wp-content\/uploads\/2025\/05\/Bilingual-Labyrinth-brochure-with-QR-code-.pdf\">Folleto del laberinto<\/a><\/p>\n<\/div><\/div><\/div><\/div><\/div><\/div><\/div><\/section><section class=\"l-section wpb_row height_medium\"><div class=\"l-section-h i-cf\"><div class=\"g-cols vc_row via_flex valign_top type_default stacking_default\"><div class=\"vc_col-sm-12 wpb_column vc_column_container\"><div class=\"vc_column-inner\"><div class=\"wpb_wrapper\"><div class=\"w-image align_none\"><div class=\"w-image-h\"><img decoding=\"async\" width=\"965\" height=\"646\" src=\"https:\/\/holycrossretreat.org\/wp-content\/uploads\/2025\/05\/labyrinthpic.jpg\" class=\"attachment-large size-large\" alt=\"\" loading=\"lazy\" srcset=\"https:\/\/holycrossretreat.org\/wp-content\/uploads\/2025\/05\/labyrinthpic.jpg 965w, https:\/\/holycrossretreat.org\/wp-content\/uploads\/2025\/05\/labyrinthpic-300x201.jpg 300w, https:\/\/holycrossretreat.org\/wp-content\/uploads\/2025\/05\/labyrinthpic-18x12.jpg 18w, https:\/\/holycrossretreat.org\/wp-content\/uploads\/2025\/05\/labyrinthpic-150x100.jpg 150w, https:\/\/holycrossretreat.org\/wp-content\/uploads\/2025\/05\/labyrinthpic-598x400.jpg 598w, https:\/\/holycrossretreat.org\/wp-content\/uploads\/2025\/05\/labyrinthpic-50x33.jpg 50w, https:\/\/holycrossretreat.org\/wp-content\/uploads\/2025\/05\/labyrinthpic-600x402.jpg 600w\" sizes=\"auto, (max-width: 965px) 100vw, 965px\" \/><\/div><\/div><\/div><\/div><\/div><\/div><\/div><\/section><section class=\"l-section wpb_row height_medium\"><div class=\"l-section-h i-cf\"><div class=\"g-cols vc_row via_flex valign_top type_default stacking_default\"><div class=\"vc_col-sm-12 wpb_column vc_column_container\"><div class=\"vc_column-inner\"><div class=\"wpb_wrapper\"><div class=\"wpb_text_column\"><div class=\"wpb_wrapper\"><blockquote>\n<p>\u201cMe mostrar\u00e1s el camino de la vida\u201d Salmo 16:11<\/p>\n<\/blockquote>\n<\/div><\/div><\/div><\/div><\/div><\/div><\/div><\/section>","protected":false},"excerpt":{"rendered":"Laberinto. Descubre el Laberinto de la Santa Cruz. Un laberinto es una Oraci\u00f3n M\u00edstica en Movimiento. Es una herramienta para la oraci\u00f3n contemplativa y la meditaci\u00f3n. El Laberinto tiene un solo camino que conduce tanto dentro como fuera del centro. Siempre se puede ver el centro. El destino est\u00e1 asegurado, permitiendo que la mente se...","protected":false},"author":5,"featured_media":9640,"parent":0,"menu_order":0,"comment_status":"closed","ping_status":"closed","template":"","meta":{"_monsterinsights_skip_tracking":false,"_monsterinsights_sitenote_active":false,"_monsterinsights_sitenote_note":"","_monsterinsights_sitenote_category":0,"footnotes":""},"class_list":["post-9638","page","type-page","status-publish","has-post-thumbnail","hentry"],"_links":{"self":[{"href":"https:\/\/holycrossretreat.org\/es\/wp-json\/wp\/v2\/pages\/9638","targetHints":{"allow":["GET"]}}],"collection":[{"href":"https:\/\/holycrossretreat.org\/es\/wp-json\/wp\/v2\/pages"}],"about":[{"href":"https:\/\/holycrossretreat.org\/es\/wp-json\/wp\/v2\/types\/page"}],"author":[{"embeddable":true,"href":"https:\/\/holycrossretreat.org\/es\/wp-json\/wp\/v2\/users\/5"}],"replies":[{"embeddable":true,"href":"https:\/\/holycrossretreat.org\/es\/wp-json\/wp\/v2\/comments?post=9638"}],"version-history":[{"count":6,"href":"https:\/\/holycrossretreat.org\/es\/wp-json\/wp\/v2\/pages\/9638\/revisions"}],"predecessor-version":[{"id":9661,"href":"https:\/\/holycrossretreat.org\/es\/wp-json\/wp\/v2\/pages\/9638\/revisions\/9661"}],"wp:featuredmedia":[{"embeddable":true,"href":"https:\/\/holycrossretreat.org\/es\/wp-json\/wp\/v2\/media\/9640"}],"wp:attachment":[{"href":"https:\/\/holycrossretreat.org\/es\/wp-json\/wp\/v2\/media?parent=9638"}],"curies":[{"name":"wp","href":"https:\/\/api.w.org\/{rel}","templated":true}]}}