{"id":8259,"date":"2022-11-15T17:14:32","date_gmt":"2022-11-15T22:14:32","guid":{"rendered":"https:\/\/holycrossretreat.org\/?page_id=8259"},"modified":"2025-07-07T18:53:45","modified_gmt":"2025-07-07T22:53:45","slug":"events","status":"publish","type":"page","link":"https:\/\/holycrossretreat.org\/es\/events\/","title":{"rendered":"Festival de Arte"},"content":{"rendered":"<section class=\"l-section wpb_row height_medium\"><div class=\"l-section-h i-cf\"><div class=\"g-cols vc_row via_flex valign_top type_default stacking_default\"><div class=\"vc_col-sm-12 wpb_column vc_column_container\"><div class=\"vc_column-inner\"><div class=\"wpb_wrapper\"><div class=\"w-grid us_grid type_grid layout_blog_1 cols_4 pagination_regular preload_style_spinner\" id=\"us_grid_1\" style=\"--columns:4;--gap:1.5rem;\" data-filterable=\"true\"><style>@media (max-width:1380px){#us_grid_1{--columns:3!important}}@media (max-width:1024px){#us_grid_1{--columns:2!important}}@media (max-width:600px){#us_grid_1{--columns:1!important}}.layout_blog_1 .w-grid-item-h{}.layout_blog_1 .usg_post_image_1{margin-bottom:0.5rem!important}.layout_blog_1 .usg_post_title_1{font-size:1rem!important}<\/style><div class=\"w-grid-list\">\t<article class=\"w-grid-item post-8264 post type-post status-publish format-standard has-post-thumbnail hentry category-events\" data-id=\"8264\">\r\n\t\t<div class=\"w-grid-item-h\">\r\n\t\t\t\t\t\t<div class=\"w-post-elm post_image usg_post_image_1 stretched\"><a href=\"https:\/\/holycrossretreat.org\/es\/franciscan-festival-of-fine-arts\/\" aria-label=\"Franciscan Festival of Fine Arts\"><img loading=\"lazy\" decoding=\"async\" width=\"300\" height=\"200\" src=\"https:\/\/holycrossretreat.org\/wp-content\/uploads\/2022\/11\/MG_7496_two-booths-and-gazebo-300x200.jpg\" class=\"attachment-medium size-medium wp-post-image\" alt=\"\" srcset=\"https:\/\/holycrossretreat.org\/wp-content\/uploads\/2022\/11\/MG_7496_two-booths-and-gazebo-300x200.jpg 300w, https:\/\/holycrossretreat.org\/wp-content\/uploads\/2022\/11\/MG_7496_two-booths-and-gazebo-1024x683.jpg 1024w, https:\/\/holycrossretreat.org\/wp-content\/uploads\/2022\/11\/MG_7496_two-booths-and-gazebo-18x12.jpg 18w, https:\/\/holycrossretreat.org\/wp-content\/uploads\/2022\/11\/MG_7496_two-booths-and-gazebo-150x100.jpg 150w, https:\/\/holycrossretreat.org\/wp-content\/uploads\/2022\/11\/MG_7496_two-booths-and-gazebo-600x400.jpg 600w, https:\/\/holycrossretreat.org\/wp-content\/uploads\/2022\/11\/MG_7496_two-booths-and-gazebo-50x33.jpg 50w\" sizes=\"auto, (max-width: 300px) 100vw, 300px\" \/><\/a><\/div><h2 class=\"w-post-elm post_title usg_post_title_1 entry-title color_link_inherit\"><a href=\"https:\/\/holycrossretreat.org\/es\/franciscan-festival-of-fine-arts\/\">Franciscan Festival of Fine Arts<\/a><\/h2>\t\t<\/div>\r\n\t\t\t<\/article>\r\n\t<article class=\"w-grid-item post-8449 post type-post status-publish format-standard has-post-thumbnail hentry category-events\" data-id=\"8449\">\r\n\t\t<div class=\"w-grid-item-h\">\r\n\t\t\t\t\t\t<div class=\"w-post-elm post_image usg_post_image_1 stretched\"><a href=\"https:\/\/holycrossretreat.org\/es\/earth-day\/\" aria-label=\"Care for the Earth\"><img loading=\"lazy\" decoding=\"async\" width=\"300\" height=\"132\" src=\"https:\/\/holycrossretreat.org\/wp-content\/uploads\/2022\/09\/Mural-completed-best-300x132.jpg\" class=\"attachment-medium size-medium wp-post-image\" alt=\"\" srcset=\"https:\/\/holycrossretreat.org\/wp-content\/uploads\/2022\/09\/Mural-completed-best-300x132.jpg 300w, https:\/\/holycrossretreat.org\/wp-content\/uploads\/2022\/09\/Mural-completed-best-600x263.jpg 600w, https:\/\/holycrossretreat.org\/wp-content\/uploads\/2022\/09\/Mural-completed-best-1024x449.jpg 1024w, https:\/\/holycrossretreat.org\/wp-content\/uploads\/2022\/09\/Mural-completed-best-18x8.jpg 18w, https:\/\/holycrossretreat.org\/wp-content\/uploads\/2022\/09\/Mural-completed-best-150x66.jpg 150w, https:\/\/holycrossretreat.org\/wp-content\/uploads\/2022\/09\/Mural-completed-best-50x22.jpg 50w\" sizes=\"auto, (max-width: 300px) 100vw, 300px\" \/><\/a><\/div><h2 class=\"w-post-elm post_title usg_post_title_1 entry-title color_link_inherit\"><a href=\"https:\/\/holycrossretreat.org\/es\/earth-day\/\">Care for the Earth<\/a><\/h2>\t\t<\/div>\r\n\t\t\t<\/article>\r\n<\/div>\t<div class=\"w-grid-preloader\">\r\n\t\t<div class=\"g-preloader type_1\">\r\n\t\t\t<div><\/div>\r\n\t\t<\/div>\r\n\t<\/div>\r\n\t\t<div class=\"w-grid-json hidden\" onclick='return {&quot;action&quot;:&quot;us_ajax_grid&quot;,&quot;infinite_scroll&quot;:0,&quot;max_num_pages&quot;:1,&quot;pagination&quot;:&quot;regular&quot;,&quot;template_vars&quot;:{&quot;columns&quot;:&quot;4&quot;,&quot;exclude_items&quot;:&quot;none&quot;,&quot;img_size&quot;:&quot;medium&quot;,&quot;ignore_items_size&quot;:&quot;1&quot;,&quot;items_layout&quot;:&quot;blog_1&quot;,&quot;items_offset&quot;:&quot;1&quot;,&quot;load_animation&quot;:&quot;none&quot;,&quot;overriding_link&quot;:&quot;{\\&quot;url\\&quot;:\\&quot;\\&quot;}&quot;,&quot;post_id&quot;:0,&quot;query_args&quot;:{&quot;post_type&quot;:[&quot;post&quot;],&quot;tax_query&quot;:[{&quot;taxonomy&quot;:&quot;category&quot;,&quot;field&quot;:&quot;slug&quot;,&quot;terms&quot;:[&quot;events&quot;]}],&quot;post_status&quot;:[&quot;publish&quot;],&quot;posts_per_page&quot;:&quot;10&quot;},&quot;orderby_query_args&quot;:{&quot;orderby&quot;:{&quot;date&quot;:&quot;ASC&quot;}},&quot;type&quot;:&quot;grid&quot;,&quot;us_grid_post_type&quot;:&quot;post&quot;,&quot;us_grid_ajax_index&quot;:1,&quot;us_grid_filter_query_string&quot;:null,&quot;us_grid_index&quot;:1,&quot;page_args&quot;:[]}}'><\/div>\r\n\t<\/div><\/div><\/div><\/div><\/div><\/div><\/section><section class=\"l-section wpb_row height_medium\"><div class=\"l-section-h i-cf\"><div class=\"g-cols vc_row via_flex valign_top type_default stacking_default\"><div class=\"vc_col-sm-12 wpb_column vc_column_container\"><div class=\"vc_column-inner\"><div class=\"wpb_wrapper\"><div class=\"wpb_text_column\"><div class=\"wpb_wrapper\"><p>To view the registration forms and other details, click on Art Festival, Then double click Franciscan Festival<\/p>\n<\/div><\/div><\/div><\/div><\/div><\/div><\/div><\/section>\n","protected":false},"excerpt":{"rendered":"Todos dependemos de nuestra tierra para poder vivir y prosperar. San Francisco de As\u00eds es el patrono de la ecolog\u00eda, basado en su amor por toda la creaci\u00f3n, y en el hermoso \u201cC\u00e1ntico de las criaturas\u201d que alaba a Dios por el Hermano Sol, la Hermana Tierra y toda la Creaci\u00f3n. El Papa Francisco public\u00f3...","protected":false},"author":2,"featured_media":0,"parent":0,"menu_order":0,"comment_status":"closed","ping_status":"closed","template":"","meta":{"_monsterinsights_skip_tracking":false,"_monsterinsights_sitenote_active":false,"_monsterinsights_sitenote_note":"","_monsterinsights_sitenote_category":0,"footnotes":""},"class_list":["post-8259","page","type-page","status-publish","hentry"],"_links":{"self":[{"href":"https:\/\/holycrossretreat.org\/es\/wp-json\/wp\/v2\/pages\/8259","targetHints":{"allow":["GET"]}}],"collection":[{"href":"https:\/\/holycrossretreat.org\/es\/wp-json\/wp\/v2\/pages"}],"about":[{"href":"https:\/\/holycrossretreat.org\/es\/wp-json\/wp\/v2\/types\/page"}],"author":[{"embeddable":true,"href":"https:\/\/holycrossretreat.org\/es\/wp-json\/wp\/v2\/users\/2"}],"replies":[{"embeddable":true,"href":"https:\/\/holycrossretreat.org\/es\/wp-json\/wp\/v2\/comments?post=8259"}],"version-history":[{"count":10,"href":"https:\/\/holycrossretreat.org\/es\/wp-json\/wp\/v2\/pages\/8259\/revisions"}],"predecessor-version":[{"id":9777,"href":"https:\/\/holycrossretreat.org\/es\/wp-json\/wp\/v2\/pages\/8259\/revisions\/9777"}],"wp:attachment":[{"href":"https:\/\/holycrossretreat.org\/es\/wp-json\/wp\/v2\/media?parent=8259"}],"curies":[{"name":"wp","href":"https:\/\/api.w.org\/{rel}","templated":true}]}}