{"id":8189,"date":"2022-10-14T12:57:08","date_gmt":"2022-10-14T16:57:08","guid":{"rendered":"https:\/\/holycrossretreat.org\/?page_id=8189"},"modified":"2024-02-02T21:18:37","modified_gmt":"2024-02-03T02:18:37","slug":"province-of-our-lady-of-consolation","status":"publish","type":"page","link":"https:\/\/holycrossretreat.org\/es\/province-of-our-lady-of-consolation\/","title":{"rendered":"Provincia de Nuestra Se\u00f1ora de la Consolaci\u00f3n"},"content":{"rendered":"<section class=\"l-section wpb_row height_huge with_img\"><div class=\"l-section-img\" role=\"img\" aria-label=\"Imagen\" data-img-width=\"2420\" data-img-height=\"1061\" style=\"background-image: url(https:\/\/holycrossretreat.org\/wp-content\/uploads\/2022\/09\/Mural-completed-best-scaled.jpg);\"><\/div><div class=\"l-section-overlay\" style=\"background:rgba(0,0,0,0.6)\"><\/div><div class=\"l-section-h i-cf\"><div class=\"g-cols vc_row via_flex valign_top type_default stacking_default\"><div class=\"vc_col-sm-12 wpb_column vc_column_container\"><div class=\"vc_column-inner\"><div class=\"wpb_wrapper\"><div class=\"wpb_text_column us_custom_6df4bc3a has_text_color\"><div class=\"wpb_wrapper\"><h2><strong>Provincia de Nuestra Se\u00f1ora de la Consolaci\u00f3n<\/strong><span style=\"color: #ffffff;\"><strong><br \/>\n<\/strong><\/span><\/h2>\n<\/div><\/div><\/div><\/div><\/div><\/div><\/div><\/section><section class=\"l-section wpb_row height_medium\"><div class=\"l-section-h i-cf\"><div class=\"g-cols vc_row via_flex valign_top type_default stacking_default\"><div class=\"vc_col-sm-12 wpb_column vc_column_container\"><div class=\"vc_column-inner\"><div class=\"wpb_wrapper\"><div class=\"wpb_text_column\"><div class=\"wpb_wrapper\"><p>El Centro de Retiros de la Santa Cruz es un ministerio de los Franciscanos Conventuales de la <a href=\"http:\/\/franciscans.org\"><strong>Provincia de Nuestra Se\u00f1ora de la Consolaci\u00f3n<\/strong><\/a>. El Convento de la Santa Cruz es el hogar de cinco frailes involucrados en varios ministerios. El director del centro de retiros cuenta con la ayuda de otros frailes mientras viven y trabajan en comunidad. Los franciscanos siguen el carisma de San Francisco de As\u00eds, viviendo el Evangelio con sentido de alegr\u00eda y servicio. Si quieres saber m\u00e1s sobre los franciscanos y la Provincia puedes ir a <a href=\"https:\/\/www.franciscansusa.org\/\">https:\/\/www.franciscansusa.org\/<\/a><\/p>\n<\/div><\/div><\/div><\/div><\/div><\/div><\/div><\/section>","protected":false},"excerpt":{"rendered":"Provincia de Nuestra Se\u00f1ora de la Consolaci\u00f3n El Centro de Retiros Santa Cruz es un ministerio de los Franciscanos Conventuales de la Provincia de Nuestra Se\u00f1ora de la Consolaci\u00f3n. El Convento de la Santa Cruz es un hogar para cinco frailes involucrados en varios ministerios. El director del centro de retiros es asistido por otros frailes como el vivo y...","protected":false},"author":1,"featured_media":0,"parent":0,"menu_order":0,"comment_status":"closed","ping_status":"closed","template":"","meta":{"_monsterinsights_skip_tracking":false,"_monsterinsights_sitenote_active":false,"_monsterinsights_sitenote_note":"","_monsterinsights_sitenote_category":0,"footnotes":""},"class_list":["post-8189","page","type-page","status-publish","hentry"],"_links":{"self":[{"href":"https:\/\/holycrossretreat.org\/es\/wp-json\/wp\/v2\/pages\/8189","targetHints":{"allow":["GET"]}}],"collection":[{"href":"https:\/\/holycrossretreat.org\/es\/wp-json\/wp\/v2\/pages"}],"about":[{"href":"https:\/\/holycrossretreat.org\/es\/wp-json\/wp\/v2\/types\/page"}],"author":[{"embeddable":true,"href":"https:\/\/holycrossretreat.org\/es\/wp-json\/wp\/v2\/users\/1"}],"replies":[{"embeddable":true,"href":"https:\/\/holycrossretreat.org\/es\/wp-json\/wp\/v2\/comments?post=8189"}],"version-history":[{"count":3,"href":"https:\/\/holycrossretreat.org\/es\/wp-json\/wp\/v2\/pages\/8189\/revisions"}],"predecessor-version":[{"id":8921,"href":"https:\/\/holycrossretreat.org\/es\/wp-json\/wp\/v2\/pages\/8189\/revisions\/8921"}],"wp:attachment":[{"href":"https:\/\/holycrossretreat.org\/es\/wp-json\/wp\/v2\/media?parent=8189"}],"curies":[{"name":"wp","href":"https:\/\/api.w.org\/{rel}","templated":true}]}}